{"id":63049,"date":"2025-01-16T10:50:18","date_gmt":"2025-01-16T09:50:18","guid":{"rendered":"https:\/\/solarchitecture.ch\/?page_id=63049"},"modified":"2025-02-19T08:48:30","modified_gmt":"2025-02-19T07:48:30","slug":"partner-sostenitori-3","status":"publish","type":"page","link":"https:\/\/solarchitecture.ch\/it\/partner-sostenitori-2\/partner-sostenitori-3\/","title":{"rendered":"Partner oro &#8211; AIE"},"content":{"rendered":"<div class=\"wpb-content-wrapper\"><p>[vc_row css=&#8221;.vc_custom_1737021616874{padding-top: 50px !important;}&#8221;][vc_column width=&#8221;3\/4&#8243; dfd_column_responsive_enable=&#8221;dfd-column-responsive-enable&#8221; css=&#8221;.vc_custom_1737023092578{border-right-width: 1px !important;border-bottom-width: 0px !important;padding-right: 25px !important;padding-bottom: 0px !important;padding-left: 25px !important;border-right-style: solid !important;border-bottom-style: solid !important;border-color: #000000 !important;}&#8221; responsive_styles=&#8221;border_right_mobile:0|padding_bottom_mobile:25&#8243; col_shadow=&#8221;box_shadow_enable:disable|shadow_horizontal:0|shadow_vertical:15|shadow_blur:50|shadow_spread:0|box_shadow_color:rgba(0%2C0%2C0%2C.35)&#8221; col_shadow_hover=&#8221;box_shadow_enable:disable|shadow_horizontal:0|shadow_vertical:15|shadow_blur:50|shadow_spread:0|box_shadow_color:rgba(0%2C0%2C0%2C.35)&#8221;][vc_single_image image=&#8221;63310&#8243; img_size=&#8221;full&#8221; css=&#8221;.vc_custom_1739951245785{padding-bottom: 25px !important;}&#8221;][vc_column_text css=&#8221;&#8221;]L&#8217;AIE \u00e8 al centro del dialogo globale sull&#8217;energia e fornisce analisi affidabili, dati, raccomandazioni politiche e soluzioni concrete per aiutare i Paesi a garantire un&#8217;energia sicura e sostenibile per tutti.<\/p>\n<p>Con un approccio basato su tutti i combustibili e tutte le tecnologie, l&#8217;AIE raccomanda politiche che migliorino l&#8217;affidabilit\u00e0, l&#8217;accessibilit\u00e0 e la sostenibilit\u00e0 dell&#8217;energia. L&#8217;AIE esamina l&#8217;intero spettro delle questioni, tra cui le energie rinnovabili, l&#8217;offerta e la domanda di petrolio, gas e carbone, l&#8217;efficienza energetica, le tecnologie per l&#8217;energia pulita, i sistemi e i mercati dell&#8217;elettricit\u00e0, l&#8217;accesso all&#8217;energia, la gestione della domanda e molto altro ancora.[\/vc_column_text][\/vc_column][vc_column width=&#8221;1\/4&#8243; dfd_column_responsive_enable=&#8221;dfd-column-responsive-enable&#8221; css=&#8221;.vc_custom_1737022886997{padding-right: 25px !important;padding-left: 25px !important;}&#8221; responsive_styles=&#8221;padding_top_mobile:25&#8243; col_shadow=&#8221;box_shadow_enable:disable|shadow_horizontal:0|shadow_vertical:15|shadow_blur:50|shadow_spread:0|box_shadow_color:rgba(0%2C0%2C0%2C.35)&#8221; col_shadow_hover=&#8221;box_shadow_enable:disable|shadow_horizontal:0|shadow_vertical:15|shadow_blur:50|shadow_spread:0|box_shadow_color:rgba(0%2C0%2C0%2C.35)&#8221;]<div class=\"dfd-heading-shortcode\"><div class=\"dfd-heading-module-wrap titoloextrabold text-left style_01 cr-animate-gen dfd-heading-69d8fd753dcd7 dfd-enable-resposive-headings\" id=\"dfd-heading-69d8fd753dcd7\" data-animate-type = \"transition.slideLeftIn\" ><div class=\"inline-block\"><div class=\"dfd-heading-module\"><div class=\"widget-title dfd-title block-title\" style=\"font-size: 35px; color: #000000 !important; line-height: 40px; letter-spacing: 0px; \">CONTATTI<\/div><\/div><\/div><\/div><script type=\"text\/javascript\">\r\n\t\t\t\t\t\t\t\t\t(function($) {\r\n\t\t\t\t\t\t\t\t\t\t$(\"head\").append(\"<style>.dfd-heading-69d8fd753dcd7 .dfd-heading-module .widget-title {margin-top:0px;}.dfd-heading-69d8fd753dcd7.dfd-heading-module-wrap .dfd-heading-module .dfd-heading-delimiter {margin-top:10px;margin-bottom:10px;}@media (max-width: 1279px) and (min-width: 1024px){.dfd-heading-69d8fd753dcd7 .dfd-title{font-size: 30px !important;letter-spacing: 0px !important;line-height: 35px !important;}}@media (max-width: 1023px) and (min-width: 800px){.dfd-heading-69d8fd753dcd7 .dfd-title{font-size: 28px !important;letter-spacing: 0px !important;line-height: 33px !important;}}@media (max-width: 799px){.dfd-heading-69d8fd753dcd7 .dfd-title{font-size: 23px !important;letter-spacing: 0px !important;line-height: 28px !important;}}<\/style>\");\r\n\t\t\t\t\t\t\t\t\t})(jQuery);\r\n\t\t\t\t\t\t\t\t<\/script><\/div>[vc_column_text css=&#8221;.vc_custom_1737448427254{padding-bottom: 25px !important;}&#8221;]International Energy Agency<br \/>\n9 rue de la F\u00e9d\u00e9ration<br \/>\n75739 Paris Cedex 15<br \/>\nFrancia<\/p>\n<p>info@iea.org[\/vc_column_text]<div id=\"dfd-button-69d8fd753de4c\" class=\"dfd-button-module-wrap dfd-button-69d8fd753de4c\"><div class=\"dfd-button-module  style_1 text-left dfd-horizontal dfd-top-to-bottom dfd-button-icon-left dfd-button-icon-hover-simple\" ><a href=\"https:\/\/www.iea.org\/\" target=\"_blank\" class=\"dfd-button-link\"><span class=\"dfd-button-inner-cover\"><span class=\"dfd-button-text-main\">WEBSITE<\/span><\/span><\/a><\/div><script type=\"text\/javascript\">\r\n\t\t\t\t\t\t\t\t\t(function($) {$(\"head\").append(\"<style>#dfd-button-69d8fd753de4c.dfd-button-module-wrap .dfd-button-module .dfd-button-link .dfd-button-inner-cover .dfd-button-text-main, .dfd-button-69d8fd753de4c.dfd-button-module-wrap .dfd-button-module .dfd-button-link .dfd-button-inner-cover .dfd-button-text-main, .dfd-button-69d8fd753de4c.dfd-button-module-wrap .dfd-button-module .dfd-button-link .dfd-button-inner-cover .dfd-button-text-hover, #dfd-button-69d8fd753de4c.dfd-button-module-wrap .dfd-button-module .dfd-button-link .dfd-button-inner-cover .dfd-button-text-hover {padding-left: 15px;}#dfd-button-69d8fd753de4c.dfd-button-module-wrap .dfd-button-module .dfd-button-link .dfd-button-inner-cover .dfd-button-text-main, .dfd-button-69d8fd753de4c.dfd-button-module-wrap .dfd-button-module .dfd-button-link .dfd-button-inner-cover .dfd-button-text-main, .dfd-button-69d8fd753de4c.dfd-button-module-wrap .dfd-button-module .dfd-button-link .dfd-button-inner-cover .dfd-button-text-hover, #dfd-button-69d8fd753de4c.dfd-button-module-wrap .dfd-button-module .dfd-button-link .dfd-button-inner-cover .dfd-button-text-hover {padding-right: 15px;}#dfd-button-69d8fd753de4c.dfd-button-module-wrap .dfd-button-module .dfd-button-link .dfd-button-inner-cover .dfd-button-text-main, .dfd-button-69d8fd753de4c.dfd-button-module-wrap .dfd-button-module .dfd-button-link .dfd-button-inner-cover .dfd-button-text-main, .dfd-button-69d8fd753de4c.dfd-button-module-wrap .dfd-button-module .dfd-button-link .dfd-button-inner-cover .dfd-button-text-hover, #dfd-button-69d8fd753de4c.dfd-button-module-wrap .dfd-button-module .dfd-button-link .dfd-button-inner-cover .dfd-button-text-hover {font-family:Montserrat; font-weight:700; font-style:normal; font-size: 15px; line-height: 40px; letter-spacing: 0px; }#dfd-button-69d8fd753de4c.dfd-button-module-wrap .dfd-button-module .dfd-button-link .dfd-button-inner-cover .dfd-button-text-main,.dfd-button-69d8fd753de4c.dfd-button-module-wrap .dfd-button-module .dfd-button-link .dfd-button-inner-cover .dfd-button-text-main {color: #FFFFFF}#dfd-button-69d8fd753de4c.dfd-button-module-wrap .dfd-button-module .dfd-button-link .dfd-button-inner-cover,.dfd-button-69d8fd753de4c.dfd-button-module-wrap .dfd-button-module .dfd-button-link .dfd-button-border-decoration,.dfd-button-69d8fd753de4c.dfd-button-module-wrap .dfd-button-module .dfd-button-link .dfd-button-inner-cover {border-radius:2px;}#dfd-button-69d8fd753de4c.dfd-button-module-wrap .dfd-button-module:not(.style_4) .dfd-button-link .dfd-button-inner-cover:before,#dfd-button-69d8fd753de4c.dfd-button-module-wrap .dfd-button-module.style_4 .dfd-button-link .dfd-button-inner-cover:after,#dfd-button-69d8fd753de4c.dfd-button-module-wrap .dfd-button-module.style_6 .dfd-button-link .dfd-button-inner-cover .dfd-button-text-main,.dfd-button-69d8fd753de4c.dfd-button-module-wrap .dfd-button-module:not(.style_4) .dfd-button-link .dfd-button-inner-cover:before,.dfd-button-69d8fd753de4c.dfd-button-module-wrap .dfd-button-module.style_4 .dfd-button-link .dfd-button-inner-cover:after,.dfd-button-69d8fd753de4c.dfd-button-module-wrap .dfd-button-module.style_6 .dfd-button-link .dfd-button-inner-cover .dfd-button-text-main {background: #F0AA61;border-style:none;border-width:1px;border-radius:2px;border-color:#1b1b1b;}#dfd-button-69d8fd753de4c.dfd-button-module-wrap .dfd-button-module:not(.style_6) .dfd-button-link:hover .dfd-button-inner-cover .dfd-button-text-main,#dfd-button-69d8fd753de4c.dfd-button-module-wrap .dfd-button-module .dfd-button-link .dfd-button-inner-cover .dfd-button-text-hover,.dfd-button-69d8fd753de4c.dfd-button-module-wrap .dfd-button-module:not(.style_6) .dfd-button-link:hover .dfd-button-inner-cover .dfd-button-text-main,.dfd-button-69d8fd753de4c.dfd-button-module-wrap .dfd-button-module .dfd-button-link .dfd-button-inner-cover .dfd-button-text-hover {color: #FFFFFF;}#dfd-button-69d8fd753de4c.dfd-button-module-wrap .dfd-button-module .dfd-button-link:hover .dfd-button-inner-cover,.dfd-button-69d8fd753de4c.dfd-button-module-wrap .dfd-button-module .dfd-button-link:hover .dfd-button-border-decoration,.dfd-button-69d8fd753de4c.dfd-button-module-wrap .dfd-button-module .dfd-button-link:hover .dfd-button-inner-cover {border-radius:2px;}#dfd-button-69d8fd753de4c.dfd-button-module-wrap .dfd-button-module:not(.style_4) .dfd-button-link .dfd-button-inner-cover:after,#dfd-button-69d8fd753de4c.dfd-button-module-wrap .dfd-button-module.style_4 .dfd-button-link .dfd-button-inner-cover:before,#dfd-button-69d8fd753de4c.dfd-button-module-wrap .dfd-button-module .dfd-button-link .dfd-button-inner-cover .dfd-button-text-hover .dfd-button-69d8fd753de4c.dfd-button-module-wrap .dfd-button-module:not(.style_4) .dfd-button-link .dfd-button-inner-cover:after,.dfd-button-69d8fd753de4c.dfd-button-module-wrap .dfd-button-module.style_4 .dfd-button-link .dfd-button-inner-cover:before,.dfd-button-69d8fd753de4c.dfd-button-module-wrap .dfd-button-module .dfd-button-link .dfd-button-inner-cover .dfd-button-text-hover {background: #F0AA61;border-style:none;border-width:1px;border-radius:2px;border-color:#c39f76;}#dfd-button-69d8fd753de4c.dfd-button-module-wrap .dfd-button-module.style_3 .dfd-button-link:hover .dfd-button-inner-cover:before,#dfd-button-69d8fd753de4c.dfd-button-module-wrap .dfd-button-module.style_4 .dfd-button-link:hover .dfd-button-inner-cover:before,.dfd-button-69d8fd753de4c.dfd-button-module-wrap .dfd-button-module.style_3 .dfd-button-link:hover .dfd-button-inner-cover:before,.dfd-button-69d8fd753de4c.dfd-button-module-wrap .dfd-button-module.style_4 .dfd-button-link:hover .dfd-button-inner-cover:before {border-style:none;border-width:1px;border-radius:2px;border-color:#c39f76;}<\/style>\")\r\n\t\t\t\t\t\t\t\t\t})(jQuery);\r\n\t\t\t\t\t\t\t\t<\/script><\/div>[\/vc_column][\/vc_row][vc_row][vc_column]<div class=\"dfd-spacer-module\"  data-units=\"px\" data-wide_resolution=\"1280\" data-wide_size=\"400\" data-normal_resolution=\"1024\" data-normal_size=\"300\" data-tablet_resolution=\"800\" data-tablet_size=\"300\" data-mobile_resolution=\"480\" data-mobile_size=\"200\" style=\"height: 400px;\"><\/div>[\/vc_column][\/vc_row]<\/p>\n<\/div>","protected":false},"excerpt":{"rendered":"<p>[vc_row css=&#8221;.vc_custom_1737021616874{padding-top: 50px !important;}&#8221;][vc_column width=&#8221;3\/4&#8243; dfd_column_responsive_enable=&#8221;dfd-column-responsive-enable&#8221; css=&#8221;.vc_custom_1737023092578{border-right-width: 1px !important;border-bottom-width: 0px !important;padding-right: 25px !important;padding-bottom: 0px !important;padding-left: 25px !important;border-right-style: solid !important;border-bottom-style: solid !important;border-color: #000000 !important;}&#8221; responsive_styles=&#8221;border_right_mobile:0|padding_bottom_mobile:25&#8243; col_shadow=&#8221;box_shadow_enable:disable|shadow_horizontal:0|shadow_vertical:15|shadow_blur:50|shadow_spread:0|box_shadow_color:rgba(0%2C0%2C0%2C.35)&#8221; col_shadow_hover=&#8221;box_shadow_enable:disable|shadow_horizontal:0|shadow_vertical:15|shadow_blur:50|shadow_spread:0|box_shadow_color:rgba(0%2C0%2C0%2C.35)&#8221;][vc_single_image image=&#8221;63310&#8243; img_size=&#8221;full&#8221; css=&#8221;.vc_custom_1739951245785{padding-bottom: 25px<\/p>\n","protected":false},"author":2021,"featured_media":0,"parent":62996,"menu_order":0,"comment_status":"closed","ping_status":"closed","template":"page-custom.php","meta":{"_acf_changed":false,"inline_featured_image":false,"footnotes":""},"class_list":["post-63049","page","type-page","status-publish","hentry"],"acf":[],"yoast_head":"<!-- This site is optimized with the Yoast SEO plugin v26.7 - https:\/\/yoast.com\/wordpress\/plugins\/seo\/ -->\n<title>Partner oro - AIE - Solarchitecture<\/title>\n<meta name=\"robots\" content=\"index, follow, max-snippet:-1, max-image-preview:large, max-video-preview:-1\" \/>\n<link rel=\"canonical\" href=\"https:\/\/solarchitecture.ch\/it\/partner-sostenitori-2\/partner-sostenitori-3\/\" \/>\n<meta property=\"og:locale\" content=\"it_IT\" \/>\n<meta property=\"og:type\" content=\"article\" \/>\n<meta property=\"og:title\" content=\"Partner oro - AIE - Solarchitecture\" \/>\n<meta property=\"og:description\" content=\"[vc_row css=&#8221;.vc_custom_1737021616874{padding-top: 50px !important;}&#8221;][vc_column width=&#8221;3\/4&#8243; dfd_column_responsive_enable=&#8221;dfd-column-responsive-enable&#8221; css=&#8221;.vc_custom_1737023092578{border-right-width: 1px !important;border-bottom-width: 0px !important;padding-right: 25px !important;padding-bottom: 0px !important;padding-left: 25px !important;border-right-style: solid !important;border-bottom-style: solid !important;border-color: #000000 !important;}&#8221; responsive_styles=&#8221;border_right_mobile:0|padding_bottom_mobile:25&#8243; col_shadow=&#8221;box_shadow_enable:disable|shadow_horizontal:0|shadow_vertical:15|shadow_blur:50|shadow_spread:0|box_shadow_color:rgba(0%2C0%2C0%2C.35)&#8221; col_shadow_hover=&#8221;box_shadow_enable:disable|shadow_horizontal:0|shadow_vertical:15|shadow_blur:50|shadow_spread:0|box_shadow_color:rgba(0%2C0%2C0%2C.35)&#8221;][vc_single_image image=&#8221;63310&#8243; img_size=&#8221;full&#8221; css=&#8221;.vc_custom_1739951245785{padding-bottom: 25px\" \/>\n<meta property=\"og:url\" content=\"https:\/\/solarchitecture.ch\/it\/partner-sostenitori-2\/partner-sostenitori-3\/\" \/>\n<meta property=\"og:site_name\" content=\"Solarchitecture\" \/>\n<meta property=\"article:modified_time\" content=\"2025-02-19T07:48:30+00:00\" \/>\n<meta name=\"twitter:card\" content=\"summary_large_image\" \/>\n<meta name=\"twitter:label1\" content=\"Tempo di lettura stimato\" \/>\n\t<meta name=\"twitter:data1\" content=\"4 minuti\" \/>\n<script type=\"application\/ld+json\" class=\"yoast-schema-graph\">{\"@context\":\"https:\/\/schema.org\",\"@graph\":[{\"@type\":\"WebPage\",\"@id\":\"https:\/\/solarchitecture.ch\/it\/partner-sostenitori-2\/partner-sostenitori-3\/\",\"url\":\"https:\/\/solarchitecture.ch\/it\/partner-sostenitori-2\/partner-sostenitori-3\/\",\"name\":\"Partner oro - AIE - Solarchitecture\",\"isPartOf\":{\"@id\":\"https:\/\/solarchitecture.ch\/it\/#website\"},\"datePublished\":\"2025-01-16T09:50:18+00:00\",\"dateModified\":\"2025-02-19T07:48:30+00:00\",\"breadcrumb\":{\"@id\":\"https:\/\/solarchitecture.ch\/it\/partner-sostenitori-2\/partner-sostenitori-3\/#breadcrumb\"},\"inLanguage\":\"it-IT\",\"potentialAction\":[{\"@type\":\"ReadAction\",\"target\":[\"https:\/\/solarchitecture.ch\/it\/partner-sostenitori-2\/partner-sostenitori-3\/\"]}]},{\"@type\":\"BreadcrumbList\",\"@id\":\"https:\/\/solarchitecture.ch\/it\/partner-sostenitori-2\/partner-sostenitori-3\/#breadcrumb\",\"itemListElement\":[{\"@type\":\"ListItem\",\"position\":1,\"name\":\"Home\",\"item\":\"https:\/\/solarchitecture.ch\/it\/\"},{\"@type\":\"ListItem\",\"position\":2,\"name\":\"Partner sostenitori\",\"item\":\"https:\/\/solarchitecture.ch\/it\/supporting-partners\/\"},{\"@type\":\"ListItem\",\"position\":3,\"name\":\"Partner oro &#8211; AIE\"}]},{\"@type\":\"WebSite\",\"@id\":\"https:\/\/solarchitecture.ch\/it\/#website\",\"url\":\"https:\/\/solarchitecture.ch\/it\/\",\"name\":\"Solarchitecture\",\"description\":\"Building solution\",\"publisher\":{\"@id\":\"https:\/\/solarchitecture.ch\/it\/#organization\"},\"potentialAction\":[{\"@type\":\"SearchAction\",\"target\":{\"@type\":\"EntryPoint\",\"urlTemplate\":\"https:\/\/solarchitecture.ch\/it\/?s={search_term_string}\"},\"query-input\":{\"@type\":\"PropertyValueSpecification\",\"valueRequired\":true,\"valueName\":\"search_term_string\"}}],\"inLanguage\":\"it-IT\"},{\"@type\":\"Organization\",\"@id\":\"https:\/\/solarchitecture.ch\/it\/#organization\",\"name\":\"Solarchitecture\",\"url\":\"https:\/\/solarchitecture.ch\/it\/\",\"logo\":{\"@type\":\"ImageObject\",\"inLanguage\":\"it-IT\",\"@id\":\"https:\/\/solarchitecture.ch\/it\/#\/schema\/logo\/image\/\",\"url\":\"https:\/\/solarchitecture.ch\/wp-content\/uploads\/2022\/07\/solarchitecture_logo.jpg\",\"contentUrl\":\"https:\/\/solarchitecture.ch\/wp-content\/uploads\/2022\/07\/solarchitecture_logo.jpg\",\"width\":312,\"height\":312,\"caption\":\"Solarchitecture\"},\"image\":{\"@id\":\"https:\/\/solarchitecture.ch\/it\/#\/schema\/logo\/image\/\"}}]}<\/script>\n<!-- \/ Yoast SEO plugin. -->","yoast_head_json":{"title":"Partner oro - AIE - Solarchitecture","robots":{"index":"index","follow":"follow","max-snippet":"max-snippet:-1","max-image-preview":"max-image-preview:large","max-video-preview":"max-video-preview:-1"},"canonical":"https:\/\/solarchitecture.ch\/it\/partner-sostenitori-2\/partner-sostenitori-3\/","og_locale":"it_IT","og_type":"article","og_title":"Partner oro - AIE - Solarchitecture","og_description":"[vc_row css=&#8221;.vc_custom_1737021616874{padding-top: 50px !important;}&#8221;][vc_column width=&#8221;3\/4&#8243; dfd_column_responsive_enable=&#8221;dfd-column-responsive-enable&#8221; css=&#8221;.vc_custom_1737023092578{border-right-width: 1px !important;border-bottom-width: 0px !important;padding-right: 25px !important;padding-bottom: 0px !important;padding-left: 25px !important;border-right-style: solid !important;border-bottom-style: solid !important;border-color: #000000 !important;}&#8221; responsive_styles=&#8221;border_right_mobile:0|padding_bottom_mobile:25&#8243; col_shadow=&#8221;box_shadow_enable:disable|shadow_horizontal:0|shadow_vertical:15|shadow_blur:50|shadow_spread:0|box_shadow_color:rgba(0%2C0%2C0%2C.35)&#8221; col_shadow_hover=&#8221;box_shadow_enable:disable|shadow_horizontal:0|shadow_vertical:15|shadow_blur:50|shadow_spread:0|box_shadow_color:rgba(0%2C0%2C0%2C.35)&#8221;][vc_single_image image=&#8221;63310&#8243; img_size=&#8221;full&#8221; css=&#8221;.vc_custom_1739951245785{padding-bottom: 25px","og_url":"https:\/\/solarchitecture.ch\/it\/partner-sostenitori-2\/partner-sostenitori-3\/","og_site_name":"Solarchitecture","article_modified_time":"2025-02-19T07:48:30+00:00","twitter_card":"summary_large_image","twitter_misc":{"Tempo di lettura stimato":"4 minuti"},"schema":{"@context":"https:\/\/schema.org","@graph":[{"@type":"WebPage","@id":"https:\/\/solarchitecture.ch\/it\/partner-sostenitori-2\/partner-sostenitori-3\/","url":"https:\/\/solarchitecture.ch\/it\/partner-sostenitori-2\/partner-sostenitori-3\/","name":"Partner oro - AIE - Solarchitecture","isPartOf":{"@id":"https:\/\/solarchitecture.ch\/it\/#website"},"datePublished":"2025-01-16T09:50:18+00:00","dateModified":"2025-02-19T07:48:30+00:00","breadcrumb":{"@id":"https:\/\/solarchitecture.ch\/it\/partner-sostenitori-2\/partner-sostenitori-3\/#breadcrumb"},"inLanguage":"it-IT","potentialAction":[{"@type":"ReadAction","target":["https:\/\/solarchitecture.ch\/it\/partner-sostenitori-2\/partner-sostenitori-3\/"]}]},{"@type":"BreadcrumbList","@id":"https:\/\/solarchitecture.ch\/it\/partner-sostenitori-2\/partner-sostenitori-3\/#breadcrumb","itemListElement":[{"@type":"ListItem","position":1,"name":"Home","item":"https:\/\/solarchitecture.ch\/it\/"},{"@type":"ListItem","position":2,"name":"Partner sostenitori","item":"https:\/\/solarchitecture.ch\/it\/supporting-partners\/"},{"@type":"ListItem","position":3,"name":"Partner oro &#8211; AIE"}]},{"@type":"WebSite","@id":"https:\/\/solarchitecture.ch\/it\/#website","url":"https:\/\/solarchitecture.ch\/it\/","name":"Solarchitecture","description":"Building solution","publisher":{"@id":"https:\/\/solarchitecture.ch\/it\/#organization"},"potentialAction":[{"@type":"SearchAction","target":{"@type":"EntryPoint","urlTemplate":"https:\/\/solarchitecture.ch\/it\/?s={search_term_string}"},"query-input":{"@type":"PropertyValueSpecification","valueRequired":true,"valueName":"search_term_string"}}],"inLanguage":"it-IT"},{"@type":"Organization","@id":"https:\/\/solarchitecture.ch\/it\/#organization","name":"Solarchitecture","url":"https:\/\/solarchitecture.ch\/it\/","logo":{"@type":"ImageObject","inLanguage":"it-IT","@id":"https:\/\/solarchitecture.ch\/it\/#\/schema\/logo\/image\/","url":"https:\/\/solarchitecture.ch\/wp-content\/uploads\/2022\/07\/solarchitecture_logo.jpg","contentUrl":"https:\/\/solarchitecture.ch\/wp-content\/uploads\/2022\/07\/solarchitecture_logo.jpg","width":312,"height":312,"caption":"Solarchitecture"},"image":{"@id":"https:\/\/solarchitecture.ch\/it\/#\/schema\/logo\/image\/"}}]}},"_links":{"self":[{"href":"https:\/\/solarchitecture.ch\/it\/wp-json\/wp\/v2\/pages\/63049","targetHints":{"allow":["GET"]}}],"collection":[{"href":"https:\/\/solarchitecture.ch\/it\/wp-json\/wp\/v2\/pages"}],"about":[{"href":"https:\/\/solarchitecture.ch\/it\/wp-json\/wp\/v2\/types\/page"}],"author":[{"embeddable":true,"href":"https:\/\/solarchitecture.ch\/it\/wp-json\/wp\/v2\/users\/2021"}],"replies":[{"embeddable":true,"href":"https:\/\/solarchitecture.ch\/it\/wp-json\/wp\/v2\/comments?post=63049"}],"version-history":[{"count":23,"href":"https:\/\/solarchitecture.ch\/it\/wp-json\/wp\/v2\/pages\/63049\/revisions"}],"predecessor-version":[{"id":64082,"href":"https:\/\/solarchitecture.ch\/it\/wp-json\/wp\/v2\/pages\/63049\/revisions\/64082"}],"up":[{"embeddable":true,"href":"https:\/\/solarchitecture.ch\/it\/wp-json\/wp\/v2\/pages\/62996"}],"wp:attachment":[{"href":"https:\/\/solarchitecture.ch\/it\/wp-json\/wp\/v2\/media?parent=63049"}],"curies":[{"name":"wp","href":"https:\/\/api.w.org\/{rel}","templated":true}]}}