{"id":34028,"date":"2020-01-22T15:14:55","date_gmt":"2020-01-22T14:14:55","guid":{"rendered":"https:\/\/solarchitecture.ch\/cronologia\/"},"modified":"2023-08-08T10:52:29","modified_gmt":"2023-08-08T08:52:29","slug":"cronologia","status":"publish","type":"page","link":"https:\/\/solarchitecture.ch\/it\/cronologia\/","title":{"rendered":"Cronologia"},"content":{"rendered":"<div class=\"wpb-content-wrapper\"><p>[vc_row][vc_column css=&#8221;.vc_custom_1563519328054{padding-right: 25px !important;padding-left: 25px !important;}&#8221;]<div class=\"dfd-spacer-module\"  data-units=\"px\" data-wide_resolution=\"1280\" data-wide_size=\"200\" data-normal_resolution=\"1024\" data-normal_size=\"150\" data-tablet_resolution=\"800\" data-tablet_size=\"150\" data-mobile_resolution=\"480\" data-mobile_size=\"100\" style=\"height: 200px;\"><\/div><div class=\"dfd-heading-shortcode\"><div class=\"dfd-heading-module-wrap  text-left style_01 cr-animate-gen dfd-heading-69d925f52770f dfd-enable-resposive-headings\" id=\"dfd-heading-69d925f52770f\" data-animate-type = \"transition.slideLeftIn\" ><div class=\"inline-block\"><div class=\"dfd-heading-module\"><div class=\"widget-title dfd-title block-title\" style=\"font-family:Montserrat; font-weight:700; font-style:normal; font-size: 50px; color: #000000 !important; line-height: 55px; letter-spacing: 0px; \">BIPV in architettura &#8211; 40 anni di evoluzione<\/div><\/div><\/div><\/div><script type=\"text\/javascript\">\r\n\t\t\t\t\t\t\t\t\t(function($) {\r\n\t\t\t\t\t\t\t\t\t\t$(\"head\").append(\"<style>.dfd-heading-69d925f52770f .dfd-heading-module .widget-title {margin-top:0px;margin-bottom:15px;}.dfd-heading-69d925f52770f.dfd-heading-module-wrap .dfd-heading-module .dfd-heading-delimiter {margin-top:10px;margin-bottom:10px;}@media (max-width: 1279px) and (min-width: 1024px){.dfd-heading-69d925f52770f .dfd-title{font-size: 40px !important;letter-spacing: 0px !important;line-height: 45px !important;}}@media (max-width: 1023px) and (min-width: 800px){.dfd-heading-69d925f52770f .dfd-title{font-size: 35px !important;letter-spacing: 0px !important;line-height: 40px !important;}}@media (max-width: 799px){.dfd-heading-69d925f52770f .dfd-title{font-size: 30px !important;letter-spacing: 0px !important;line-height: 35px !important;}}<\/style>\");\r\n\t\t\t\t\t\t\t\t\t})(jQuery);\r\n\t\t\t\t\t\t\t\t<\/script><\/div>[vc_column_text css_animation=&#8221;none&#8221;]<br \/>\nIl paradigma della sostenibilit\u00e0 e la crescente richiesta di edifici a consumo energetico quasi pari a zero o positivo stanno rapidamente trasformando la tecnologia dell&#8217;involucro edilizio da barriera passiva a interfaccia sensibile, attiva e adattiva. Tuttavia l&#8217;innovazione non \u00e8 solo questione di tecnica o della facilit\u00e0 con cui qualcosa &#8220;semplicemente funziona&#8221;. Il trasferimento del fotovoltaico (PV) negli edifici solari \u00e8 una &#8220;causa&#8221; tangibile dell&#8217;innovazione nell&#8217;architettura contemporanea e il PV oggi \u00e8 molto pi\u00f9 di una possibilit\u00e0 tecnica: \u00e8 un nuovo aspetto fondamentale nell&#8217;estetica, nell&#8217;etica e nella tecnologia degli edifici. Tuttavia il BIPV \u00e8 ancora oggi un mercato di nicchia in quanto l&#8217;innovazione tecnologica nel settore dell&#8217;edilizia comporta forze combinate per articolare la collaborazione tra architettura e specializzazioni tecniche.<\/p>\n<p>Le lezioni apprese dalla storia della &#8220;tecnologia in architettura&#8221; insegnano che il trasferimento di nuove tecnologie nell&#8217;edilizia \u00e8 un processo ricorrente. Gli esempi che seguono mostrano l&#8217;evoluzione tra design e tecnologia, a partire dai primi rilevanti esempi di integrazione all&#8217;inizio degli anni &#8217;80 fino ai progetti pi\u00f9 recenti, dove la tecnologia solare \u00e8 entrata a far parte del linguaggio architettonico.<br \/>\n[\/vc_column_text]<div class=\"dfd-spacer-module\"  data-units=\"px\" data-wide_resolution=\"1280\" data-wide_size=\"100\" data-normal_resolution=\"1024\" data-normal_size=\"100\" data-tablet_resolution=\"800\" data-tablet_size=\"100\" data-mobile_resolution=\"480\" data-mobile_size=\"50\" style=\"height: 100px;\"><\/div>[\/vc_column][\/vc_row][vc_row][vc_column]<div class=\"dfd-spacer-module\"  data-units=\"px\" data-wide_resolution=\"1280\" data-wide_size=\"50\" data-normal_resolution=\"1024\" data-normal_size=\"50\" data-tablet_resolution=\"800\" data-tablet_size=\"50\" data-mobile_resolution=\"480\" data-mobile_size=\"50\" style=\"height: 50px;\"><\/div>[vc_column_text css_animation=&#8221;none&#8221;]<\/p>\n<p class=\"p1\">Solarchitecture ringrazia i seguenti studenti del bachelor in architettura, della classe di progettazione solare (Progettare l&#8217;Architettura Solare) della Scuola Universitaria Professionale della Svizzera Italiana (SUPSI), anno accademico 2017-2018, per il loro aiuto nella realizzazione del materiale: Alen Mendes Cristina; Barbera Lorenzo; Battaglia Camilla; Bellomo Lucas; Bernasconi Giorgia; Beselica Valon; Bianchino Jacobo; Colombo Martino; Giacomini Mattia; Giugliano Matteo; Gurini Viola; Orsega Christian; Pagliuca Alessandro; Rizzuti Lorenzo; Rodrigues Alessia; Roncaglione Luca; Sancho Felipe; Simone Diletta.<\/p>\n<p>[\/vc_column_text]<div class=\"dfd-spacer-module\"  data-units=\"px\" data-wide_resolution=\"1280\" data-wide_size=\"100\" data-normal_resolution=\"1024\" data-normal_size=\"100\" data-tablet_resolution=\"800\" data-tablet_size=\"100\" data-mobile_resolution=\"480\" data-mobile_size=\"50\" style=\"height: 100px;\"><\/div>[\/vc_column][\/vc_row]<\/p>\n<\/div>","protected":false},"excerpt":{"rendered":"<p>[vc_row][vc_column css=&#8221;.vc_custom_1563519328054{padding-right: 25px !important;padding-left: 25px !important;}&#8221;][vc_column_text css_animation=&#8221;none&#8221;] Il paradigma della sostenibilit\u00e0 e la crescente richiesta di edifici a consumo energetico quasi pari a zero o positivo stanno rapidamente trasformando la<\/p>\n","protected":false},"author":2021,"featured_media":0,"parent":0,"menu_order":0,"comment_status":"closed","ping_status":"closed","template":"","meta":{"_acf_changed":false,"inline_featured_image":false,"footnotes":""},"class_list":["post-34028","page","type-page","status-publish","hentry"],"acf":[],"yoast_head":"<!-- This site is optimized with the Yoast SEO plugin v26.7 - https:\/\/yoast.com\/wordpress\/plugins\/seo\/ -->\n<title>Cronologia - Solarchitecture<\/title>\n<meta name=\"robots\" content=\"index, follow, max-snippet:-1, max-image-preview:large, max-video-preview:-1\" \/>\n<link rel=\"canonical\" href=\"https:\/\/solarchitecture.ch\/it\/cronologia\/\" \/>\n<meta property=\"og:locale\" content=\"it_IT\" \/>\n<meta property=\"og:type\" content=\"article\" \/>\n<meta property=\"og:title\" content=\"Cronologia - Solarchitecture\" \/>\n<meta property=\"og:description\" content=\"[vc_row][vc_column css=&#8221;.vc_custom_1563519328054{padding-right: 25px !important;padding-left: 25px !important;}&#8221;][vc_column_text css_animation=&#8221;none&#8221;] Il paradigma della sostenibilit\u00e0 e la crescente richiesta di edifici a consumo energetico quasi pari a zero o positivo stanno rapidamente trasformando la\" \/>\n<meta property=\"og:url\" content=\"https:\/\/solarchitecture.ch\/it\/cronologia\/\" \/>\n<meta property=\"og:site_name\" content=\"Solarchitecture\" \/>\n<meta property=\"article:modified_time\" content=\"2023-08-08T08:52:29+00:00\" \/>\n<meta name=\"twitter:card\" content=\"summary_large_image\" \/>\n<meta name=\"twitter:label1\" content=\"Tempo di lettura stimato\" \/>\n\t<meta name=\"twitter:data1\" content=\"2 minuti\" \/>\n<script type=\"application\/ld+json\" class=\"yoast-schema-graph\">{\"@context\":\"https:\/\/schema.org\",\"@graph\":[{\"@type\":\"WebPage\",\"@id\":\"https:\/\/solarchitecture.ch\/it\/cronologia\/\",\"url\":\"https:\/\/solarchitecture.ch\/it\/cronologia\/\",\"name\":\"Cronologia - Solarchitecture\",\"isPartOf\":{\"@id\":\"https:\/\/solarchitecture.ch\/it\/#website\"},\"datePublished\":\"2020-01-22T14:14:55+00:00\",\"dateModified\":\"2023-08-08T08:52:29+00:00\",\"breadcrumb\":{\"@id\":\"https:\/\/solarchitecture.ch\/it\/cronologia\/#breadcrumb\"},\"inLanguage\":\"it-IT\",\"potentialAction\":[{\"@type\":\"ReadAction\",\"target\":[\"https:\/\/solarchitecture.ch\/it\/cronologia\/\"]}]},{\"@type\":\"BreadcrumbList\",\"@id\":\"https:\/\/solarchitecture.ch\/it\/cronologia\/#breadcrumb\",\"itemListElement\":[{\"@type\":\"ListItem\",\"position\":1,\"name\":\"Home\",\"item\":\"https:\/\/solarchitecture.ch\/it\/\"},{\"@type\":\"ListItem\",\"position\":2,\"name\":\"Cronologia\"}]},{\"@type\":\"WebSite\",\"@id\":\"https:\/\/solarchitecture.ch\/it\/#website\",\"url\":\"https:\/\/solarchitecture.ch\/it\/\",\"name\":\"Solarchitecture\",\"description\":\"Building solution\",\"publisher\":{\"@id\":\"https:\/\/solarchitecture.ch\/it\/#organization\"},\"potentialAction\":[{\"@type\":\"SearchAction\",\"target\":{\"@type\":\"EntryPoint\",\"urlTemplate\":\"https:\/\/solarchitecture.ch\/it\/?s={search_term_string}\"},\"query-input\":{\"@type\":\"PropertyValueSpecification\",\"valueRequired\":true,\"valueName\":\"search_term_string\"}}],\"inLanguage\":\"it-IT\"},{\"@type\":\"Organization\",\"@id\":\"https:\/\/solarchitecture.ch\/it\/#organization\",\"name\":\"Solarchitecture\",\"url\":\"https:\/\/solarchitecture.ch\/it\/\",\"logo\":{\"@type\":\"ImageObject\",\"inLanguage\":\"it-IT\",\"@id\":\"https:\/\/solarchitecture.ch\/it\/#\/schema\/logo\/image\/\",\"url\":\"https:\/\/solarchitecture.ch\/wp-content\/uploads\/2022\/07\/solarchitecture_logo.jpg\",\"contentUrl\":\"https:\/\/solarchitecture.ch\/wp-content\/uploads\/2022\/07\/solarchitecture_logo.jpg\",\"width\":312,\"height\":312,\"caption\":\"Solarchitecture\"},\"image\":{\"@id\":\"https:\/\/solarchitecture.ch\/it\/#\/schema\/logo\/image\/\"}}]}<\/script>\n<!-- \/ Yoast SEO plugin. -->","yoast_head_json":{"title":"Cronologia - Solarchitecture","robots":{"index":"index","follow":"follow","max-snippet":"max-snippet:-1","max-image-preview":"max-image-preview:large","max-video-preview":"max-video-preview:-1"},"canonical":"https:\/\/solarchitecture.ch\/it\/cronologia\/","og_locale":"it_IT","og_type":"article","og_title":"Cronologia - Solarchitecture","og_description":"[vc_row][vc_column css=&#8221;.vc_custom_1563519328054{padding-right: 25px !important;padding-left: 25px !important;}&#8221;][vc_column_text css_animation=&#8221;none&#8221;] Il paradigma della sostenibilit\u00e0 e la crescente richiesta di edifici a consumo energetico quasi pari a zero o positivo stanno rapidamente trasformando la","og_url":"https:\/\/solarchitecture.ch\/it\/cronologia\/","og_site_name":"Solarchitecture","article_modified_time":"2023-08-08T08:52:29+00:00","twitter_card":"summary_large_image","twitter_misc":{"Tempo di lettura stimato":"2 minuti"},"schema":{"@context":"https:\/\/schema.org","@graph":[{"@type":"WebPage","@id":"https:\/\/solarchitecture.ch\/it\/cronologia\/","url":"https:\/\/solarchitecture.ch\/it\/cronologia\/","name":"Cronologia - Solarchitecture","isPartOf":{"@id":"https:\/\/solarchitecture.ch\/it\/#website"},"datePublished":"2020-01-22T14:14:55+00:00","dateModified":"2023-08-08T08:52:29+00:00","breadcrumb":{"@id":"https:\/\/solarchitecture.ch\/it\/cronologia\/#breadcrumb"},"inLanguage":"it-IT","potentialAction":[{"@type":"ReadAction","target":["https:\/\/solarchitecture.ch\/it\/cronologia\/"]}]},{"@type":"BreadcrumbList","@id":"https:\/\/solarchitecture.ch\/it\/cronologia\/#breadcrumb","itemListElement":[{"@type":"ListItem","position":1,"name":"Home","item":"https:\/\/solarchitecture.ch\/it\/"},{"@type":"ListItem","position":2,"name":"Cronologia"}]},{"@type":"WebSite","@id":"https:\/\/solarchitecture.ch\/it\/#website","url":"https:\/\/solarchitecture.ch\/it\/","name":"Solarchitecture","description":"Building solution","publisher":{"@id":"https:\/\/solarchitecture.ch\/it\/#organization"},"potentialAction":[{"@type":"SearchAction","target":{"@type":"EntryPoint","urlTemplate":"https:\/\/solarchitecture.ch\/it\/?s={search_term_string}"},"query-input":{"@type":"PropertyValueSpecification","valueRequired":true,"valueName":"search_term_string"}}],"inLanguage":"it-IT"},{"@type":"Organization","@id":"https:\/\/solarchitecture.ch\/it\/#organization","name":"Solarchitecture","url":"https:\/\/solarchitecture.ch\/it\/","logo":{"@type":"ImageObject","inLanguage":"it-IT","@id":"https:\/\/solarchitecture.ch\/it\/#\/schema\/logo\/image\/","url":"https:\/\/solarchitecture.ch\/wp-content\/uploads\/2022\/07\/solarchitecture_logo.jpg","contentUrl":"https:\/\/solarchitecture.ch\/wp-content\/uploads\/2022\/07\/solarchitecture_logo.jpg","width":312,"height":312,"caption":"Solarchitecture"},"image":{"@id":"https:\/\/solarchitecture.ch\/it\/#\/schema\/logo\/image\/"}}]}},"_links":{"self":[{"href":"https:\/\/solarchitecture.ch\/it\/wp-json\/wp\/v2\/pages\/34028","targetHints":{"allow":["GET"]}}],"collection":[{"href":"https:\/\/solarchitecture.ch\/it\/wp-json\/wp\/v2\/pages"}],"about":[{"href":"https:\/\/solarchitecture.ch\/it\/wp-json\/wp\/v2\/types\/page"}],"author":[{"embeddable":true,"href":"https:\/\/solarchitecture.ch\/it\/wp-json\/wp\/v2\/users\/2021"}],"replies":[{"embeddable":true,"href":"https:\/\/solarchitecture.ch\/it\/wp-json\/wp\/v2\/comments?post=34028"}],"version-history":[{"count":2,"href":"https:\/\/solarchitecture.ch\/it\/wp-json\/wp\/v2\/pages\/34028\/revisions"}],"predecessor-version":[{"id":56507,"href":"https:\/\/solarchitecture.ch\/it\/wp-json\/wp\/v2\/pages\/34028\/revisions\/56507"}],"wp:attachment":[{"href":"https:\/\/solarchitecture.ch\/it\/wp-json\/wp\/v2\/media?parent=34028"}],"curies":[{"name":"wp","href":"https:\/\/api.w.org\/{rel}","templated":true}]}}