{"id":63778,"date":"2025-02-18T17:36:28","date_gmt":"2025-02-18T16:36:28","guid":{"rendered":"https:\/\/solarchitecture.ch\/?page_id=63778"},"modified":"2025-02-18T17:37:28","modified_gmt":"2025-02-18T16:37:28","slug":"partenaire-or-mc2dot0","status":"publish","type":"page","link":"https:\/\/solarchitecture.ch\/fr\/partenaires-2\/partenaire-or-mc2dot0\/","title":{"rendered":"Partenaire Or &#8211; MC2dot0"},"content":{"rendered":"<div class=\"wpb-content-wrapper\"><p>[vc_row css=\u00a0\u00bb.vc_custom_1737021616874{padding-top: 50px !important;}\u00a0\u00bb][vc_column width=\u00a0\u00bb3\/4&Prime; dfd_column_responsive_enable=\u00a0\u00bbdfd-column-responsive-enable\u00a0\u00bb css=\u00a0\u00bb.vc_custom_1737023092578{border-right-width: 1px !important;border-bottom-width: 0px !important;padding-right: 25px !important;padding-bottom: 0px !important;padding-left: 25px !important;border-right-style: solid !important;border-bottom-style: solid !important;border-color: #000000 !important;}\u00a0\u00bb responsive_styles=\u00a0\u00bbborder_right_mobile:0|padding_bottom_mobile:25&Prime; col_shadow=\u00a0\u00bbbox_shadow_enable:disable|shadow_horizontal:0|shadow_vertical:15|shadow_blur:50|shadow_spread:0|box_shadow_color:rgba(0%2C0%2C0%2C.35)\u00a0\u00bb col_shadow_hover=\u00a0\u00bbbox_shadow_enable:disable|shadow_horizontal:0|shadow_vertical:15|shadow_blur:50|shadow_spread:0|box_shadow_color:rgba(0%2C0%2C0%2C.35)\u00a0\u00bb][vc_single_image image=\u00a0\u00bb63320&Prime; img_size=\u00a0\u00bbfull\u00a0\u00bb css=\u00a0\u00bb.vc_custom_1739787657740{padding-bottom: 25px !important;}\u00a0\u00bb][vc_column_text css=\u00a0\u00bb\u00a0\u00bb]MC2dot0 &#8211; La customisation de masse (MC) est un nouveau concept de production photovolta\u00efque bas\u00e9 sur des semi-fabriques con\u00e7ues de mani\u00e8re intelligente.<\/p>\n<p>Le projet MC2dot0 d\u00e9montrera comment la production automatis\u00e9e d&rsquo;\u00e9l\u00e9ments photovolta\u00efques int\u00e9gr\u00e9s (IPV), en utilisant l&rsquo;approche de la customisation de masse, peut constituer une avanc\u00e9e en termes de co\u00fbts pour les fa\u00e7ades IPV, les fen\u00eatres IPV et les toits IPV.<\/p>\n<p>L&rsquo;ambition sous-jacente du projet MC2dot0 est de d\u00e9montrer une avanc\u00e9e en termes de co\u00fbts pour l&rsquo;IPV gr\u00e2ce \u00e0 une approche de fabrication avanc\u00e9e, appel\u00e9e \u00ab customisation de masse \u00bb. Conform\u00e9ment \u00e0 cette approche, nous contribuerons \u00e0 \u00e9liminer les autres obstacles identifi\u00e9s.<\/p>\n<p>Pour r\u00e9aliser cet exploit, le consortium MC2dot0 rassemble des experts et des entreprises sp\u00e9cialis\u00e9s dans les mat\u00e9riaux lamin\u00e9s photovolta\u00efques (y compris les cellules photovolta\u00efques), la production de lamin\u00e9s photovolta\u00efques, la fabrication d&rsquo;IPV, leur commercialisation et leur application.<\/p>\n<p>Ce projet a \u00e9t\u00e9 financ\u00e9 par le programme de recherche et d&rsquo;innovation Horizon Europe de l&rsquo;Union europ\u00e9enne dans le cadre de la convention de subvention n\u00b0 10109613.[\/vc_column_text][\/vc_column][vc_column width=\u00a0\u00bb1\/4&Prime; dfd_column_responsive_enable=\u00a0\u00bbdfd-column-responsive-enable\u00a0\u00bb css=\u00a0\u00bb.vc_custom_1737022886997{padding-right: 25px !important;padding-left: 25px !important;}\u00a0\u00bb responsive_styles=\u00a0\u00bbpadding_top_mobile:25&Prime; col_shadow=\u00a0\u00bbbox_shadow_enable:disable|shadow_horizontal:0|shadow_vertical:15|shadow_blur:50|shadow_spread:0|box_shadow_color:rgba(0%2C0%2C0%2C.35)\u00a0\u00bb col_shadow_hover=\u00a0\u00bbbox_shadow_enable:disable|shadow_horizontal:0|shadow_vertical:15|shadow_blur:50|shadow_spread:0|box_shadow_color:rgba(0%2C0%2C0%2C.35)\u00a0\u00bb]<div class=\"dfd-heading-shortcode\"><div class=\"dfd-heading-module-wrap titoloextrabold text-left style_01 cr-animate-gen dfd-heading-69d84b7b9a3f3 dfd-enable-resposive-headings\" id=\"dfd-heading-69d84b7b9a3f3\" data-animate-type = \"transition.slideLeftIn\" ><div class=\"inline-block\"><div class=\"dfd-heading-module\"><div class=\"widget-title dfd-title block-title\" style=\"font-size: 35px; color: #000000 !important; line-height: 40px; letter-spacing: 0px; \">CONTACTS<\/div><\/div><\/div><\/div><script type=\"text\/javascript\">\r\n\t\t\t\t\t\t\t\t\t(function($) {\r\n\t\t\t\t\t\t\t\t\t\t$(\"head\").append(\"<style>.dfd-heading-69d84b7b9a3f3 .dfd-heading-module .widget-title {margin-top:0px;}.dfd-heading-69d84b7b9a3f3.dfd-heading-module-wrap .dfd-heading-module .dfd-heading-delimiter {margin-top:10px;margin-bottom:10px;}@media (max-width: 1279px) and (min-width: 1024px){.dfd-heading-69d84b7b9a3f3 .dfd-title{font-size: 30px !important;letter-spacing: 0px !important;line-height: 35px !important;}}@media (max-width: 1023px) and (min-width: 800px){.dfd-heading-69d84b7b9a3f3 .dfd-title{font-size: 28px !important;letter-spacing: 0px !important;line-height: 33px !important;}}@media (max-width: 799px){.dfd-heading-69d84b7b9a3f3 .dfd-title{font-size: 23px !important;letter-spacing: 0px !important;line-height: 28px !important;}}<\/style>\");\r\n\t\t\t\t\t\t\t\t\t})(jQuery);\r\n\t\t\t\t\t\t\t\t<\/script><\/div>[vc_column_text css=\u00a0\u00bb.vc_custom_1739788028343{padding-bottom: 25px !important;}\u00a0\u00bb]Coordinateur de projet<br \/>\nDr. ir. Roland Valckenborg<br \/>\nTNO<\/p>\n<p>roland.valckenborg@tno.nl[\/vc_column_text]<div id=\"dfd-button-69d84b7b9a581\" class=\"dfd-button-module-wrap dfd-button-69d84b7b9a581\"><div class=\"dfd-button-module  style_1 text-left dfd-horizontal dfd-top-to-bottom dfd-button-icon-left dfd-button-icon-hover-simple\" ><a href=\"https:\/\/mc2dot0.eu\/\" target=\"_blank\" class=\"dfd-button-link\"><span class=\"dfd-button-inner-cover\"><span class=\"dfd-button-text-main\">WEBSITE<\/span><\/span><\/a><\/div><script type=\"text\/javascript\">\r\n\t\t\t\t\t\t\t\t\t(function($) {$(\"head\").append(\"<style>#dfd-button-69d84b7b9a581.dfd-button-module-wrap .dfd-button-module .dfd-button-link .dfd-button-inner-cover .dfd-button-text-main, .dfd-button-69d84b7b9a581.dfd-button-module-wrap .dfd-button-module .dfd-button-link .dfd-button-inner-cover .dfd-button-text-main, .dfd-button-69d84b7b9a581.dfd-button-module-wrap .dfd-button-module .dfd-button-link .dfd-button-inner-cover .dfd-button-text-hover, #dfd-button-69d84b7b9a581.dfd-button-module-wrap .dfd-button-module .dfd-button-link .dfd-button-inner-cover .dfd-button-text-hover {padding-left: 15px;}#dfd-button-69d84b7b9a581.dfd-button-module-wrap .dfd-button-module .dfd-button-link .dfd-button-inner-cover .dfd-button-text-main, .dfd-button-69d84b7b9a581.dfd-button-module-wrap .dfd-button-module .dfd-button-link .dfd-button-inner-cover .dfd-button-text-main, .dfd-button-69d84b7b9a581.dfd-button-module-wrap .dfd-button-module .dfd-button-link .dfd-button-inner-cover .dfd-button-text-hover, #dfd-button-69d84b7b9a581.dfd-button-module-wrap .dfd-button-module .dfd-button-link .dfd-button-inner-cover .dfd-button-text-hover {padding-right: 15px;}#dfd-button-69d84b7b9a581.dfd-button-module-wrap .dfd-button-module .dfd-button-link .dfd-button-inner-cover .dfd-button-text-main, .dfd-button-69d84b7b9a581.dfd-button-module-wrap .dfd-button-module .dfd-button-link .dfd-button-inner-cover .dfd-button-text-main, .dfd-button-69d84b7b9a581.dfd-button-module-wrap .dfd-button-module .dfd-button-link .dfd-button-inner-cover .dfd-button-text-hover, #dfd-button-69d84b7b9a581.dfd-button-module-wrap .dfd-button-module .dfd-button-link .dfd-button-inner-cover .dfd-button-text-hover {font-family:Montserrat; font-weight:700; font-style:normal; font-size: 15px; line-height: 40px; letter-spacing: 0px; }#dfd-button-69d84b7b9a581.dfd-button-module-wrap .dfd-button-module .dfd-button-link .dfd-button-inner-cover .dfd-button-text-main,.dfd-button-69d84b7b9a581.dfd-button-module-wrap .dfd-button-module .dfd-button-link .dfd-button-inner-cover .dfd-button-text-main {color: #FFFFFF}#dfd-button-69d84b7b9a581.dfd-button-module-wrap .dfd-button-module .dfd-button-link .dfd-button-inner-cover,.dfd-button-69d84b7b9a581.dfd-button-module-wrap .dfd-button-module .dfd-button-link .dfd-button-border-decoration,.dfd-button-69d84b7b9a581.dfd-button-module-wrap .dfd-button-module .dfd-button-link .dfd-button-inner-cover {border-radius:2px;}#dfd-button-69d84b7b9a581.dfd-button-module-wrap .dfd-button-module:not(.style_4) .dfd-button-link .dfd-button-inner-cover:before,#dfd-button-69d84b7b9a581.dfd-button-module-wrap .dfd-button-module.style_4 .dfd-button-link .dfd-button-inner-cover:after,#dfd-button-69d84b7b9a581.dfd-button-module-wrap .dfd-button-module.style_6 .dfd-button-link .dfd-button-inner-cover .dfd-button-text-main,.dfd-button-69d84b7b9a581.dfd-button-module-wrap .dfd-button-module:not(.style_4) .dfd-button-link .dfd-button-inner-cover:before,.dfd-button-69d84b7b9a581.dfd-button-module-wrap .dfd-button-module.style_4 .dfd-button-link .dfd-button-inner-cover:after,.dfd-button-69d84b7b9a581.dfd-button-module-wrap .dfd-button-module.style_6 .dfd-button-link .dfd-button-inner-cover .dfd-button-text-main {background: #F0AA61;border-style:none;border-width:1px;border-radius:2px;border-color:#1b1b1b;}#dfd-button-69d84b7b9a581.dfd-button-module-wrap .dfd-button-module:not(.style_6) .dfd-button-link:hover .dfd-button-inner-cover .dfd-button-text-main,#dfd-button-69d84b7b9a581.dfd-button-module-wrap .dfd-button-module .dfd-button-link .dfd-button-inner-cover .dfd-button-text-hover,.dfd-button-69d84b7b9a581.dfd-button-module-wrap .dfd-button-module:not(.style_6) .dfd-button-link:hover .dfd-button-inner-cover .dfd-button-text-main,.dfd-button-69d84b7b9a581.dfd-button-module-wrap .dfd-button-module .dfd-button-link .dfd-button-inner-cover .dfd-button-text-hover {color: #FFFFFF;}#dfd-button-69d84b7b9a581.dfd-button-module-wrap .dfd-button-module .dfd-button-link:hover .dfd-button-inner-cover,.dfd-button-69d84b7b9a581.dfd-button-module-wrap .dfd-button-module .dfd-button-link:hover .dfd-button-border-decoration,.dfd-button-69d84b7b9a581.dfd-button-module-wrap .dfd-button-module .dfd-button-link:hover .dfd-button-inner-cover {border-radius:2px;}#dfd-button-69d84b7b9a581.dfd-button-module-wrap .dfd-button-module:not(.style_4) .dfd-button-link .dfd-button-inner-cover:after,#dfd-button-69d84b7b9a581.dfd-button-module-wrap .dfd-button-module.style_4 .dfd-button-link .dfd-button-inner-cover:before,#dfd-button-69d84b7b9a581.dfd-button-module-wrap .dfd-button-module .dfd-button-link .dfd-button-inner-cover .dfd-button-text-hover .dfd-button-69d84b7b9a581.dfd-button-module-wrap .dfd-button-module:not(.style_4) .dfd-button-link .dfd-button-inner-cover:after,.dfd-button-69d84b7b9a581.dfd-button-module-wrap .dfd-button-module.style_4 .dfd-button-link .dfd-button-inner-cover:before,.dfd-button-69d84b7b9a581.dfd-button-module-wrap .dfd-button-module .dfd-button-link .dfd-button-inner-cover .dfd-button-text-hover {background: #F0AA61;border-style:none;border-width:1px;border-radius:2px;border-color:#c39f76;}#dfd-button-69d84b7b9a581.dfd-button-module-wrap .dfd-button-module.style_3 .dfd-button-link:hover .dfd-button-inner-cover:before,#dfd-button-69d84b7b9a581.dfd-button-module-wrap .dfd-button-module.style_4 .dfd-button-link:hover .dfd-button-inner-cover:before,.dfd-button-69d84b7b9a581.dfd-button-module-wrap .dfd-button-module.style_3 .dfd-button-link:hover .dfd-button-inner-cover:before,.dfd-button-69d84b7b9a581.dfd-button-module-wrap .dfd-button-module.style_4 .dfd-button-link:hover .dfd-button-inner-cover:before {border-style:none;border-width:1px;border-radius:2px;border-color:#c39f76;}<\/style>\")\r\n\t\t\t\t\t\t\t\t\t})(jQuery);\r\n\t\t\t\t\t\t\t\t<\/script><\/div>[\/vc_column][\/vc_row][vc_row][vc_column]<div class=\"dfd-spacer-module\"  data-units=\"px\" data-wide_resolution=\"1280\" data-wide_size=\"400\" data-normal_resolution=\"1024\" data-normal_size=\"300\" data-tablet_resolution=\"800\" data-tablet_size=\"300\" data-mobile_resolution=\"480\" data-mobile_size=\"200\" style=\"height: 400px;\"><\/div>[\/vc_column][\/vc_row]<\/p>\n<\/div>","protected":false},"excerpt":{"rendered":"<p>[vc_row css=\u00a0\u00bb.vc_custom_1737021616874{padding-top: 50px !important;}\u00a0\u00bb][vc_column width=\u00a0\u00bb3\/4&Prime; dfd_column_responsive_enable=\u00a0\u00bbdfd-column-responsive-enable\u00a0\u00bb css=\u00a0\u00bb.vc_custom_1737023092578{border-right-width: 1px !important;border-bottom-width: 0px !important;padding-right: 25px !important;padding-bottom: 0px !important;padding-left: 25px !important;border-right-style: solid !important;border-bottom-style: solid !important;border-color: #000000 !important;}\u00a0\u00bb responsive_styles=\u00a0\u00bbborder_right_mobile:0|padding_bottom_mobile:25&Prime; col_shadow=\u00a0\u00bbbox_shadow_enable:disable|shadow_horizontal:0|shadow_vertical:15|shadow_blur:50|shadow_spread:0|box_shadow_color:rgba(0%2C0%2C0%2C.35)\u00a0\u00bb col_shadow_hover=\u00a0\u00bbbox_shadow_enable:disable|shadow_horizontal:0|shadow_vertical:15|shadow_blur:50|shadow_spread:0|box_shadow_color:rgba(0%2C0%2C0%2C.35)\u00a0\u00bb][vc_single_image image=\u00a0\u00bb63320&Prime; img_size=\u00a0\u00bbfull\u00a0\u00bb css=\u00a0\u00bb.vc_custom_1739787657740{padding-bottom: 25px<\/p>\n","protected":false},"author":2021,"featured_media":0,"parent":62995,"menu_order":0,"comment_status":"closed","ping_status":"closed","template":"page-custom.php","meta":{"_acf_changed":false,"inline_featured_image":false,"footnotes":""},"class_list":["post-63778","page","type-page","status-publish","hentry"],"acf":[],"yoast_head":"<!-- This site is optimized with the Yoast SEO plugin v26.7 - https:\/\/yoast.com\/wordpress\/plugins\/seo\/ -->\n<title>Partenaire Or - MC2dot0 - Solarchitecture<\/title>\n<meta name=\"robots\" content=\"index, follow, max-snippet:-1, max-image-preview:large, max-video-preview:-1\" \/>\n<link rel=\"canonical\" href=\"https:\/\/solarchitecture.ch\/fr\/partenaires-2\/partenaire-or-mc2dot0\/\" \/>\n<meta property=\"og:locale\" content=\"fr_FR\" \/>\n<meta property=\"og:type\" content=\"article\" \/>\n<meta property=\"og:title\" content=\"Partenaire Or - MC2dot0 - Solarchitecture\" \/>\n<meta property=\"og:description\" content=\"[vc_row css=\u00a0\u00bb.vc_custom_1737021616874{padding-top: 50px !important;}\u00a0\u00bb][vc_column width=\u00a0\u00bb3\/4&Prime; dfd_column_responsive_enable=\u00a0\u00bbdfd-column-responsive-enable\u00a0\u00bb css=\u00a0\u00bb.vc_custom_1737023092578{border-right-width: 1px !important;border-bottom-width: 0px !important;padding-right: 25px !important;padding-bottom: 0px !important;padding-left: 25px !important;border-right-style: solid !important;border-bottom-style: solid !important;border-color: #000000 !important;}\u00a0\u00bb responsive_styles=\u00a0\u00bbborder_right_mobile:0|padding_bottom_mobile:25&Prime; col_shadow=\u00a0\u00bbbox_shadow_enable:disable|shadow_horizontal:0|shadow_vertical:15|shadow_blur:50|shadow_spread:0|box_shadow_color:rgba(0%2C0%2C0%2C.35)\u00a0\u00bb col_shadow_hover=\u00a0\u00bbbox_shadow_enable:disable|shadow_horizontal:0|shadow_vertical:15|shadow_blur:50|shadow_spread:0|box_shadow_color:rgba(0%2C0%2C0%2C.35)\u00a0\u00bb][vc_single_image image=\u00a0\u00bb63320&Prime; img_size=\u00a0\u00bbfull\u00a0\u00bb css=\u00a0\u00bb.vc_custom_1739787657740{padding-bottom: 25px\" \/>\n<meta property=\"og:url\" content=\"https:\/\/solarchitecture.ch\/fr\/partenaires-2\/partenaire-or-mc2dot0\/\" \/>\n<meta property=\"og:site_name\" content=\"Solarchitecture\" \/>\n<meta property=\"article:modified_time\" content=\"2025-02-18T16:37:28+00:00\" \/>\n<meta name=\"twitter:card\" content=\"summary_large_image\" \/>\n<meta name=\"twitter:label1\" content=\"Dur\u00e9e de lecture estim\u00e9e\" \/>\n\t<meta name=\"twitter:data1\" content=\"4 minutes\" \/>\n<script type=\"application\/ld+json\" class=\"yoast-schema-graph\">{\"@context\":\"https:\/\/schema.org\",\"@graph\":[{\"@type\":\"WebPage\",\"@id\":\"https:\/\/solarchitecture.ch\/fr\/partenaires-2\/partenaire-or-mc2dot0\/\",\"url\":\"https:\/\/solarchitecture.ch\/fr\/partenaires-2\/partenaire-or-mc2dot0\/\",\"name\":\"Partenaire Or - MC2dot0 - Solarchitecture\",\"isPartOf\":{\"@id\":\"https:\/\/solarchitecture.ch\/fr\/#website\"},\"datePublished\":\"2025-02-18T16:36:28+00:00\",\"dateModified\":\"2025-02-18T16:37:28+00:00\",\"breadcrumb\":{\"@id\":\"https:\/\/solarchitecture.ch\/fr\/partenaires-2\/partenaire-or-mc2dot0\/#breadcrumb\"},\"inLanguage\":\"fr-FR\",\"potentialAction\":[{\"@type\":\"ReadAction\",\"target\":[\"https:\/\/solarchitecture.ch\/fr\/partenaires-2\/partenaire-or-mc2dot0\/\"]}]},{\"@type\":\"BreadcrumbList\",\"@id\":\"https:\/\/solarchitecture.ch\/fr\/partenaires-2\/partenaire-or-mc2dot0\/#breadcrumb\",\"itemListElement\":[{\"@type\":\"ListItem\",\"position\":1,\"name\":\"Home\",\"item\":\"https:\/\/solarchitecture.ch\/fr\/\"},{\"@type\":\"ListItem\",\"position\":2,\"name\":\"Partenaires\",\"item\":\"https:\/\/solarchitecture.ch\/fr\/supporting-partners\/\"},{\"@type\":\"ListItem\",\"position\":3,\"name\":\"Partenaire Or &#8211; MC2dot0\"}]},{\"@type\":\"WebSite\",\"@id\":\"https:\/\/solarchitecture.ch\/fr\/#website\",\"url\":\"https:\/\/solarchitecture.ch\/fr\/\",\"name\":\"Solarchitecture\",\"description\":\"Building solution\",\"publisher\":{\"@id\":\"https:\/\/solarchitecture.ch\/fr\/#organization\"},\"potentialAction\":[{\"@type\":\"SearchAction\",\"target\":{\"@type\":\"EntryPoint\",\"urlTemplate\":\"https:\/\/solarchitecture.ch\/fr\/?s={search_term_string}\"},\"query-input\":{\"@type\":\"PropertyValueSpecification\",\"valueRequired\":true,\"valueName\":\"search_term_string\"}}],\"inLanguage\":\"fr-FR\"},{\"@type\":\"Organization\",\"@id\":\"https:\/\/solarchitecture.ch\/fr\/#organization\",\"name\":\"Solarchitecture\",\"url\":\"https:\/\/solarchitecture.ch\/fr\/\",\"logo\":{\"@type\":\"ImageObject\",\"inLanguage\":\"fr-FR\",\"@id\":\"https:\/\/solarchitecture.ch\/fr\/#\/schema\/logo\/image\/\",\"url\":\"https:\/\/solarchitecture.ch\/wp-content\/uploads\/2022\/07\/solarchitecture_logo.jpg\",\"contentUrl\":\"https:\/\/solarchitecture.ch\/wp-content\/uploads\/2022\/07\/solarchitecture_logo.jpg\",\"width\":312,\"height\":312,\"caption\":\"Solarchitecture\"},\"image\":{\"@id\":\"https:\/\/solarchitecture.ch\/fr\/#\/schema\/logo\/image\/\"}}]}<\/script>\n<!-- \/ Yoast SEO plugin. -->","yoast_head_json":{"title":"Partenaire Or - MC2dot0 - Solarchitecture","robots":{"index":"index","follow":"follow","max-snippet":"max-snippet:-1","max-image-preview":"max-image-preview:large","max-video-preview":"max-video-preview:-1"},"canonical":"https:\/\/solarchitecture.ch\/fr\/partenaires-2\/partenaire-or-mc2dot0\/","og_locale":"fr_FR","og_type":"article","og_title":"Partenaire Or - MC2dot0 - Solarchitecture","og_description":"[vc_row css=\u00a0\u00bb.vc_custom_1737021616874{padding-top: 50px !important;}\u00a0\u00bb][vc_column width=\u00a0\u00bb3\/4&Prime; dfd_column_responsive_enable=\u00a0\u00bbdfd-column-responsive-enable\u00a0\u00bb css=\u00a0\u00bb.vc_custom_1737023092578{border-right-width: 1px !important;border-bottom-width: 0px !important;padding-right: 25px !important;padding-bottom: 0px !important;padding-left: 25px !important;border-right-style: solid !important;border-bottom-style: solid !important;border-color: #000000 !important;}\u00a0\u00bb responsive_styles=\u00a0\u00bbborder_right_mobile:0|padding_bottom_mobile:25&Prime; col_shadow=\u00a0\u00bbbox_shadow_enable:disable|shadow_horizontal:0|shadow_vertical:15|shadow_blur:50|shadow_spread:0|box_shadow_color:rgba(0%2C0%2C0%2C.35)\u00a0\u00bb col_shadow_hover=\u00a0\u00bbbox_shadow_enable:disable|shadow_horizontal:0|shadow_vertical:15|shadow_blur:50|shadow_spread:0|box_shadow_color:rgba(0%2C0%2C0%2C.35)\u00a0\u00bb][vc_single_image image=\u00a0\u00bb63320&Prime; img_size=\u00a0\u00bbfull\u00a0\u00bb css=\u00a0\u00bb.vc_custom_1739787657740{padding-bottom: 25px","og_url":"https:\/\/solarchitecture.ch\/fr\/partenaires-2\/partenaire-or-mc2dot0\/","og_site_name":"Solarchitecture","article_modified_time":"2025-02-18T16:37:28+00:00","twitter_card":"summary_large_image","twitter_misc":{"Dur\u00e9e de lecture estim\u00e9e":"4 minutes"},"schema":{"@context":"https:\/\/schema.org","@graph":[{"@type":"WebPage","@id":"https:\/\/solarchitecture.ch\/fr\/partenaires-2\/partenaire-or-mc2dot0\/","url":"https:\/\/solarchitecture.ch\/fr\/partenaires-2\/partenaire-or-mc2dot0\/","name":"Partenaire Or - MC2dot0 - Solarchitecture","isPartOf":{"@id":"https:\/\/solarchitecture.ch\/fr\/#website"},"datePublished":"2025-02-18T16:36:28+00:00","dateModified":"2025-02-18T16:37:28+00:00","breadcrumb":{"@id":"https:\/\/solarchitecture.ch\/fr\/partenaires-2\/partenaire-or-mc2dot0\/#breadcrumb"},"inLanguage":"fr-FR","potentialAction":[{"@type":"ReadAction","target":["https:\/\/solarchitecture.ch\/fr\/partenaires-2\/partenaire-or-mc2dot0\/"]}]},{"@type":"BreadcrumbList","@id":"https:\/\/solarchitecture.ch\/fr\/partenaires-2\/partenaire-or-mc2dot0\/#breadcrumb","itemListElement":[{"@type":"ListItem","position":1,"name":"Home","item":"https:\/\/solarchitecture.ch\/fr\/"},{"@type":"ListItem","position":2,"name":"Partenaires","item":"https:\/\/solarchitecture.ch\/fr\/supporting-partners\/"},{"@type":"ListItem","position":3,"name":"Partenaire Or &#8211; MC2dot0"}]},{"@type":"WebSite","@id":"https:\/\/solarchitecture.ch\/fr\/#website","url":"https:\/\/solarchitecture.ch\/fr\/","name":"Solarchitecture","description":"Building solution","publisher":{"@id":"https:\/\/solarchitecture.ch\/fr\/#organization"},"potentialAction":[{"@type":"SearchAction","target":{"@type":"EntryPoint","urlTemplate":"https:\/\/solarchitecture.ch\/fr\/?s={search_term_string}"},"query-input":{"@type":"PropertyValueSpecification","valueRequired":true,"valueName":"search_term_string"}}],"inLanguage":"fr-FR"},{"@type":"Organization","@id":"https:\/\/solarchitecture.ch\/fr\/#organization","name":"Solarchitecture","url":"https:\/\/solarchitecture.ch\/fr\/","logo":{"@type":"ImageObject","inLanguage":"fr-FR","@id":"https:\/\/solarchitecture.ch\/fr\/#\/schema\/logo\/image\/","url":"https:\/\/solarchitecture.ch\/wp-content\/uploads\/2022\/07\/solarchitecture_logo.jpg","contentUrl":"https:\/\/solarchitecture.ch\/wp-content\/uploads\/2022\/07\/solarchitecture_logo.jpg","width":312,"height":312,"caption":"Solarchitecture"},"image":{"@id":"https:\/\/solarchitecture.ch\/fr\/#\/schema\/logo\/image\/"}}]}},"_links":{"self":[{"href":"https:\/\/solarchitecture.ch\/fr\/wp-json\/wp\/v2\/pages\/63778","targetHints":{"allow":["GET"]}}],"collection":[{"href":"https:\/\/solarchitecture.ch\/fr\/wp-json\/wp\/v2\/pages"}],"about":[{"href":"https:\/\/solarchitecture.ch\/fr\/wp-json\/wp\/v2\/types\/page"}],"author":[{"embeddable":true,"href":"https:\/\/solarchitecture.ch\/fr\/wp-json\/wp\/v2\/users\/2021"}],"replies":[{"embeddable":true,"href":"https:\/\/solarchitecture.ch\/fr\/wp-json\/wp\/v2\/comments?post=63778"}],"version-history":[{"count":14,"href":"https:\/\/solarchitecture.ch\/fr\/wp-json\/wp\/v2\/pages\/63778\/revisions"}],"predecessor-version":[{"id":64047,"href":"https:\/\/solarchitecture.ch\/fr\/wp-json\/wp\/v2\/pages\/63778\/revisions\/64047"}],"up":[{"embeddable":true,"href":"https:\/\/solarchitecture.ch\/fr\/wp-json\/wp\/v2\/pages\/62995"}],"wp:attachment":[{"href":"https:\/\/solarchitecture.ch\/fr\/wp-json\/wp\/v2\/media?parent=63778"}],"curies":[{"name":"wp","href":"https:\/\/api.w.org\/{rel}","templated":true}]}}