{"id":63276,"date":"2025-02-18T16:47:40","date_gmt":"2025-02-18T15:47:40","guid":{"rendered":"https:\/\/solarchitecture.ch\/?page_id=63276"},"modified":"2025-02-18T16:48:20","modified_gmt":"2025-02-18T15:48:20","slug":"partenaire-or-inperso","status":"publish","type":"page","link":"https:\/\/solarchitecture.ch\/fr\/partenaires-2\/partenaire-or-inperso\/","title":{"rendered":"Partenaire Or &#8211; inperso"},"content":{"rendered":"<div class=\"wpb-content-wrapper\"><p>[vc_row css=\u00a0\u00bb.vc_custom_1737021616874{padding-top: 50px !important;}\u00a0\u00bb][vc_column width=\u00a0\u00bb3\/4&Prime; dfd_column_responsive_enable=\u00a0\u00bbdfd-column-responsive-enable\u00a0\u00bb css=\u00a0\u00bb.vc_custom_1737023092578{border-right-width: 1px !important;border-bottom-width: 0px !important;padding-right: 25px !important;padding-bottom: 0px !important;padding-left: 25px !important;border-right-style: solid !important;border-bottom-style: solid !important;border-color: #000000 !important;}\u00a0\u00bb responsive_styles=\u00a0\u00bbborder_right_mobile:0|padding_bottom_mobile:25&Prime; col_shadow=\u00a0\u00bbbox_shadow_enable:disable|shadow_horizontal:0|shadow_vertical:15|shadow_blur:50|shadow_spread:0|box_shadow_color:rgba(0%2C0%2C0%2C.35)\u00a0\u00bb col_shadow_hover=\u00a0\u00bbbox_shadow_enable:disable|shadow_horizontal:0|shadow_vertical:15|shadow_blur:50|shadow_spread:0|box_shadow_color:rgba(0%2C0%2C0%2C.35)\u00a0\u00bb][vc_single_image image=\u00a0\u00bb63312&Prime; img_size=\u00a0\u00bbfull\u00a0\u00bb css=\u00a0\u00bb.vc_custom_1739786723395{padding-bottom: 25px !important;}\u00a0\u00bb][vc_column_text css=\u00a0\u00bb\u00a0\u00bb]INPERSO &#8211; INdustrialised and PErsonalised Renovation for Sustainable sOcieties est un projet financ\u00e9 par l&rsquo;UE dans le cadre du programme Horizon Europe (num\u00e9ro de convention de subvention 101069820). Le projet est \u00e9galement soutenu par le Secr\u00e9tariat d&rsquo;\u00c9tat suisse \u00e0 la formation, \u00e0 la recherche et \u00e0 l&rsquo;innovation SERI, une agence sp\u00e9cialis\u00e9e du gouvernement f\u00e9d\u00e9ral pour les questions nationales et internationales concernant la politique de formation, de recherche et d&rsquo;innovation.<\/p>\n<p>Il se compose de 22 partenaires d&rsquo;Espagne, de Finlande, de Gr\u00e8ce, d&rsquo;Italie, de Lituanie, des Pays-Bas, de Belgique, du Royaume-Uni et de Suisse. Le consortium est un remarquable regroupement d&rsquo;institutions de recherche et d&rsquo;universit\u00e9s, d&rsquo;entreprises et de partenaires industriels.<br \/>\nLe projet INPERSO permettra une r\u00e9novation inclusive, abordable, efficace et durable qui s&rsquo;adaptera \u00e0 diff\u00e9rentes zones climatiques et typologies de b\u00e2timents, mais qui se concentrera sur les b\u00e2timents r\u00e9sidentiels et \u00e0 caract\u00e8re historique.<\/p>\n<p>En tant que programme holistique de r\u00e9novation int\u00e9grale, INPERSO abordera l&rsquo;ensemble du cycle de vie du b\u00e2timent, de la conception du projet \u00e0 la fin de vie, en relevant les d\u00e9fis de la digitalisation, de la fragmentation, de la qualit\u00e9, de l&rsquo;efficacit\u00e9 et de la rapidit\u00e9, tout en suivant une approche centr\u00e9e sur les personnes.[\/vc_column_text][\/vc_column][vc_column width=\u00a0\u00bb1\/4&Prime; dfd_column_responsive_enable=\u00a0\u00bbdfd-column-responsive-enable\u00a0\u00bb css=\u00a0\u00bb.vc_custom_1737022886997{padding-right: 25px !important;padding-left: 25px !important;}\u00a0\u00bb responsive_styles=\u00a0\u00bbpadding_top_mobile:25&Prime; col_shadow=\u00a0\u00bbbox_shadow_enable:disable|shadow_horizontal:0|shadow_vertical:15|shadow_blur:50|shadow_spread:0|box_shadow_color:rgba(0%2C0%2C0%2C.35)\u00a0\u00bb col_shadow_hover=\u00a0\u00bbbox_shadow_enable:disable|shadow_horizontal:0|shadow_vertical:15|shadow_blur:50|shadow_spread:0|box_shadow_color:rgba(0%2C0%2C0%2C.35)\u00a0\u00bb]<div class=\"dfd-heading-shortcode\"><div class=\"dfd-heading-module-wrap titoloextrabold text-left style_01 cr-animate-gen dfd-heading-69e8ee015c80f dfd-enable-resposive-headings\" id=\"dfd-heading-69e8ee015c80f\" data-animate-type = \"transition.slideLeftIn\" ><div class=\"inline-block\"><div class=\"dfd-heading-module\"><div class=\"widget-title dfd-title block-title\" style=\"font-size: 35px; color: #000000 !important; line-height: 40px; letter-spacing: 0px; \">CONTACTS<\/div><\/div><\/div><\/div><script type=\"text\/javascript\">\r\n\t\t\t\t\t\t\t\t\t(function($) {\r\n\t\t\t\t\t\t\t\t\t\t$(\"head\").append(\"<style>.dfd-heading-69e8ee015c80f .dfd-heading-module .widget-title {margin-top:0px;}.dfd-heading-69e8ee015c80f.dfd-heading-module-wrap .dfd-heading-module .dfd-heading-delimiter {margin-top:10px;margin-bottom:10px;}@media (max-width: 1279px) and (min-width: 1024px){.dfd-heading-69e8ee015c80f .dfd-title{font-size: 30px !important;letter-spacing: 0px !important;line-height: 35px !important;}}@media (max-width: 1023px) and (min-width: 800px){.dfd-heading-69e8ee015c80f .dfd-title{font-size: 28px !important;letter-spacing: 0px !important;line-height: 33px !important;}}@media (max-width: 799px){.dfd-heading-69e8ee015c80f .dfd-title{font-size: 23px !important;letter-spacing: 0px !important;line-height: 28px !important;}}<\/style>\");\r\n\t\t\t\t\t\t\t\t\t})(jQuery);\r\n\t\t\t\t\t\t\t\t<\/script><\/div>[vc_column_text css=\u00a0\u00bb.vc_custom_1737537693581{padding-bottom: 25px !important;}\u00a0\u00bb]Coordinateur de projet<br \/>\nITAINNOVA INSTITUTO<br \/>\nTECNOLOGICO DE ARAGON<br \/>\nCarlos Bernad<\/p>\n<p>cbernad@ita.es[\/vc_column_text]<div id=\"dfd-button-69e8ee015c9d3\" class=\"dfd-button-module-wrap dfd-button-69e8ee015c9d3\"><div class=\"dfd-button-module  style_1 text-left dfd-horizontal dfd-top-to-bottom dfd-button-icon-left dfd-button-icon-hover-simple\" ><a href=\"https:\/\/www.inperso-project.eu\/\" target=\"_blank\" class=\"dfd-button-link\"><span class=\"dfd-button-inner-cover\"><span class=\"dfd-button-text-main\">WEBSITE<\/span><\/span><\/a><\/div><script type=\"text\/javascript\">\r\n\t\t\t\t\t\t\t\t\t(function($) {$(\"head\").append(\"<style>#dfd-button-69e8ee015c9d3.dfd-button-module-wrap .dfd-button-module .dfd-button-link .dfd-button-inner-cover .dfd-button-text-main, .dfd-button-69e8ee015c9d3.dfd-button-module-wrap .dfd-button-module .dfd-button-link .dfd-button-inner-cover .dfd-button-text-main, .dfd-button-69e8ee015c9d3.dfd-button-module-wrap .dfd-button-module .dfd-button-link .dfd-button-inner-cover .dfd-button-text-hover, #dfd-button-69e8ee015c9d3.dfd-button-module-wrap .dfd-button-module .dfd-button-link .dfd-button-inner-cover .dfd-button-text-hover {padding-left: 15px;}#dfd-button-69e8ee015c9d3.dfd-button-module-wrap .dfd-button-module .dfd-button-link .dfd-button-inner-cover .dfd-button-text-main, .dfd-button-69e8ee015c9d3.dfd-button-module-wrap .dfd-button-module .dfd-button-link .dfd-button-inner-cover .dfd-button-text-main, .dfd-button-69e8ee015c9d3.dfd-button-module-wrap .dfd-button-module .dfd-button-link .dfd-button-inner-cover .dfd-button-text-hover, #dfd-button-69e8ee015c9d3.dfd-button-module-wrap .dfd-button-module .dfd-button-link .dfd-button-inner-cover .dfd-button-text-hover {padding-right: 15px;}#dfd-button-69e8ee015c9d3.dfd-button-module-wrap .dfd-button-module .dfd-button-link .dfd-button-inner-cover .dfd-button-text-main, .dfd-button-69e8ee015c9d3.dfd-button-module-wrap .dfd-button-module .dfd-button-link .dfd-button-inner-cover .dfd-button-text-main, .dfd-button-69e8ee015c9d3.dfd-button-module-wrap .dfd-button-module .dfd-button-link .dfd-button-inner-cover .dfd-button-text-hover, #dfd-button-69e8ee015c9d3.dfd-button-module-wrap .dfd-button-module .dfd-button-link .dfd-button-inner-cover .dfd-button-text-hover {font-family:Montserrat; font-weight:700; font-style:normal; font-size: 15px; line-height: 40px; letter-spacing: 0px; }#dfd-button-69e8ee015c9d3.dfd-button-module-wrap .dfd-button-module .dfd-button-link .dfd-button-inner-cover .dfd-button-text-main,.dfd-button-69e8ee015c9d3.dfd-button-module-wrap .dfd-button-module .dfd-button-link .dfd-button-inner-cover .dfd-button-text-main {color: #FFFFFF}#dfd-button-69e8ee015c9d3.dfd-button-module-wrap .dfd-button-module .dfd-button-link .dfd-button-inner-cover,.dfd-button-69e8ee015c9d3.dfd-button-module-wrap .dfd-button-module .dfd-button-link .dfd-button-border-decoration,.dfd-button-69e8ee015c9d3.dfd-button-module-wrap .dfd-button-module .dfd-button-link .dfd-button-inner-cover {border-radius:2px;}#dfd-button-69e8ee015c9d3.dfd-button-module-wrap .dfd-button-module:not(.style_4) .dfd-button-link .dfd-button-inner-cover:before,#dfd-button-69e8ee015c9d3.dfd-button-module-wrap .dfd-button-module.style_4 .dfd-button-link .dfd-button-inner-cover:after,#dfd-button-69e8ee015c9d3.dfd-button-module-wrap .dfd-button-module.style_6 .dfd-button-link .dfd-button-inner-cover .dfd-button-text-main,.dfd-button-69e8ee015c9d3.dfd-button-module-wrap .dfd-button-module:not(.style_4) .dfd-button-link .dfd-button-inner-cover:before,.dfd-button-69e8ee015c9d3.dfd-button-module-wrap .dfd-button-module.style_4 .dfd-button-link .dfd-button-inner-cover:after,.dfd-button-69e8ee015c9d3.dfd-button-module-wrap .dfd-button-module.style_6 .dfd-button-link .dfd-button-inner-cover .dfd-button-text-main {background: #F0AA61;border-style:none;border-width:1px;border-radius:2px;border-color:#1b1b1b;}#dfd-button-69e8ee015c9d3.dfd-button-module-wrap .dfd-button-module:not(.style_6) .dfd-button-link:hover .dfd-button-inner-cover .dfd-button-text-main,#dfd-button-69e8ee015c9d3.dfd-button-module-wrap .dfd-button-module .dfd-button-link .dfd-button-inner-cover .dfd-button-text-hover,.dfd-button-69e8ee015c9d3.dfd-button-module-wrap .dfd-button-module:not(.style_6) .dfd-button-link:hover .dfd-button-inner-cover .dfd-button-text-main,.dfd-button-69e8ee015c9d3.dfd-button-module-wrap .dfd-button-module .dfd-button-link .dfd-button-inner-cover .dfd-button-text-hover {color: #FFFFFF;}#dfd-button-69e8ee015c9d3.dfd-button-module-wrap .dfd-button-module .dfd-button-link:hover .dfd-button-inner-cover,.dfd-button-69e8ee015c9d3.dfd-button-module-wrap .dfd-button-module .dfd-button-link:hover .dfd-button-border-decoration,.dfd-button-69e8ee015c9d3.dfd-button-module-wrap .dfd-button-module .dfd-button-link:hover .dfd-button-inner-cover {border-radius:2px;}#dfd-button-69e8ee015c9d3.dfd-button-module-wrap .dfd-button-module:not(.style_4) .dfd-button-link .dfd-button-inner-cover:after,#dfd-button-69e8ee015c9d3.dfd-button-module-wrap .dfd-button-module.style_4 .dfd-button-link .dfd-button-inner-cover:before,#dfd-button-69e8ee015c9d3.dfd-button-module-wrap .dfd-button-module .dfd-button-link .dfd-button-inner-cover .dfd-button-text-hover .dfd-button-69e8ee015c9d3.dfd-button-module-wrap .dfd-button-module:not(.style_4) .dfd-button-link .dfd-button-inner-cover:after,.dfd-button-69e8ee015c9d3.dfd-button-module-wrap .dfd-button-module.style_4 .dfd-button-link .dfd-button-inner-cover:before,.dfd-button-69e8ee015c9d3.dfd-button-module-wrap .dfd-button-module .dfd-button-link .dfd-button-inner-cover .dfd-button-text-hover {background: #F0AA61;border-style:none;border-width:1px;border-radius:2px;border-color:#c39f76;}#dfd-button-69e8ee015c9d3.dfd-button-module-wrap .dfd-button-module.style_3 .dfd-button-link:hover .dfd-button-inner-cover:before,#dfd-button-69e8ee015c9d3.dfd-button-module-wrap .dfd-button-module.style_4 .dfd-button-link:hover .dfd-button-inner-cover:before,.dfd-button-69e8ee015c9d3.dfd-button-module-wrap .dfd-button-module.style_3 .dfd-button-link:hover .dfd-button-inner-cover:before,.dfd-button-69e8ee015c9d3.dfd-button-module-wrap .dfd-button-module.style_4 .dfd-button-link:hover .dfd-button-inner-cover:before {border-style:none;border-width:1px;border-radius:2px;border-color:#c39f76;}<\/style>\")\r\n\t\t\t\t\t\t\t\t\t})(jQuery);\r\n\t\t\t\t\t\t\t\t<\/script><\/div>[\/vc_column][\/vc_row][vc_row][vc_column]<div class=\"dfd-spacer-module\"  data-units=\"px\" data-wide_resolution=\"1280\" data-wide_size=\"400\" data-normal_resolution=\"1024\" data-normal_size=\"300\" data-tablet_resolution=\"800\" data-tablet_size=\"300\" data-mobile_resolution=\"480\" data-mobile_size=\"200\" style=\"height: 400px;\"><\/div>[\/vc_column][\/vc_row]<\/p>\n<\/div>","protected":false},"excerpt":{"rendered":"<p>[vc_row css=\u00a0\u00bb.vc_custom_1737021616874{padding-top: 50px !important;}\u00a0\u00bb][vc_column width=\u00a0\u00bb3\/4&Prime; dfd_column_responsive_enable=\u00a0\u00bbdfd-column-responsive-enable\u00a0\u00bb css=\u00a0\u00bb.vc_custom_1737023092578{border-right-width: 1px !important;border-bottom-width: 0px !important;padding-right: 25px !important;padding-bottom: 0px !important;padding-left: 25px !important;border-right-style: solid !important;border-bottom-style: solid !important;border-color: #000000 !important;}\u00a0\u00bb responsive_styles=\u00a0\u00bbborder_right_mobile:0|padding_bottom_mobile:25&Prime; col_shadow=\u00a0\u00bbbox_shadow_enable:disable|shadow_horizontal:0|shadow_vertical:15|shadow_blur:50|shadow_spread:0|box_shadow_color:rgba(0%2C0%2C0%2C.35)\u00a0\u00bb col_shadow_hover=\u00a0\u00bbbox_shadow_enable:disable|shadow_horizontal:0|shadow_vertical:15|shadow_blur:50|shadow_spread:0|box_shadow_color:rgba(0%2C0%2C0%2C.35)\u00a0\u00bb][vc_single_image image=\u00a0\u00bb63312&Prime; img_size=\u00a0\u00bbfull\u00a0\u00bb css=\u00a0\u00bb.vc_custom_1739786723395{padding-bottom: 25px<\/p>\n","protected":false},"author":2021,"featured_media":0,"parent":62995,"menu_order":0,"comment_status":"closed","ping_status":"closed","template":"page-custom.php","meta":{"_acf_changed":false,"inline_featured_image":false,"footnotes":""},"class_list":["post-63276","page","type-page","status-publish","hentry"],"acf":[],"yoast_head":"<!-- This site is optimized with the Yoast SEO plugin v26.7 - https:\/\/yoast.com\/wordpress\/plugins\/seo\/ -->\n<title>Partenaire Or - inperso - Solarchitecture<\/title>\n<meta name=\"robots\" content=\"index, follow, max-snippet:-1, max-image-preview:large, max-video-preview:-1\" \/>\n<link rel=\"canonical\" href=\"https:\/\/solarchitecture.ch\/fr\/partenaires-2\/partenaire-or-inperso\/\" \/>\n<meta property=\"og:locale\" content=\"fr_FR\" \/>\n<meta property=\"og:type\" content=\"article\" \/>\n<meta property=\"og:title\" content=\"Partenaire Or - inperso - Solarchitecture\" \/>\n<meta property=\"og:description\" content=\"[vc_row css=\u00a0\u00bb.vc_custom_1737021616874{padding-top: 50px !important;}\u00a0\u00bb][vc_column width=\u00a0\u00bb3\/4&Prime; dfd_column_responsive_enable=\u00a0\u00bbdfd-column-responsive-enable\u00a0\u00bb css=\u00a0\u00bb.vc_custom_1737023092578{border-right-width: 1px !important;border-bottom-width: 0px !important;padding-right: 25px !important;padding-bottom: 0px !important;padding-left: 25px !important;border-right-style: solid !important;border-bottom-style: solid !important;border-color: #000000 !important;}\u00a0\u00bb responsive_styles=\u00a0\u00bbborder_right_mobile:0|padding_bottom_mobile:25&Prime; col_shadow=\u00a0\u00bbbox_shadow_enable:disable|shadow_horizontal:0|shadow_vertical:15|shadow_blur:50|shadow_spread:0|box_shadow_color:rgba(0%2C0%2C0%2C.35)\u00a0\u00bb col_shadow_hover=\u00a0\u00bbbox_shadow_enable:disable|shadow_horizontal:0|shadow_vertical:15|shadow_blur:50|shadow_spread:0|box_shadow_color:rgba(0%2C0%2C0%2C.35)\u00a0\u00bb][vc_single_image image=\u00a0\u00bb63312&Prime; img_size=\u00a0\u00bbfull\u00a0\u00bb css=\u00a0\u00bb.vc_custom_1739786723395{padding-bottom: 25px\" \/>\n<meta property=\"og:url\" content=\"https:\/\/solarchitecture.ch\/fr\/partenaires-2\/partenaire-or-inperso\/\" \/>\n<meta property=\"og:site_name\" content=\"Solarchitecture\" \/>\n<meta property=\"article:modified_time\" content=\"2025-02-18T15:48:20+00:00\" \/>\n<meta name=\"twitter:card\" content=\"summary_large_image\" \/>\n<meta name=\"twitter:label1\" content=\"Dur\u00e9e de lecture estim\u00e9e\" \/>\n\t<meta name=\"twitter:data1\" content=\"4 minutes\" \/>\n<script type=\"application\/ld+json\" class=\"yoast-schema-graph\">{\"@context\":\"https:\/\/schema.org\",\"@graph\":[{\"@type\":\"WebPage\",\"@id\":\"https:\/\/solarchitecture.ch\/fr\/partenaires-2\/partenaire-or-inperso\/\",\"url\":\"https:\/\/solarchitecture.ch\/fr\/partenaires-2\/partenaire-or-inperso\/\",\"name\":\"Partenaire Or - inperso - Solarchitecture\",\"isPartOf\":{\"@id\":\"https:\/\/solarchitecture.ch\/fr\/#website\"},\"datePublished\":\"2025-02-18T15:47:40+00:00\",\"dateModified\":\"2025-02-18T15:48:20+00:00\",\"breadcrumb\":{\"@id\":\"https:\/\/solarchitecture.ch\/fr\/partenaires-2\/partenaire-or-inperso\/#breadcrumb\"},\"inLanguage\":\"fr-FR\",\"potentialAction\":[{\"@type\":\"ReadAction\",\"target\":[\"https:\/\/solarchitecture.ch\/fr\/partenaires-2\/partenaire-or-inperso\/\"]}]},{\"@type\":\"BreadcrumbList\",\"@id\":\"https:\/\/solarchitecture.ch\/fr\/partenaires-2\/partenaire-or-inperso\/#breadcrumb\",\"itemListElement\":[{\"@type\":\"ListItem\",\"position\":1,\"name\":\"Home\",\"item\":\"https:\/\/solarchitecture.ch\/fr\/\"},{\"@type\":\"ListItem\",\"position\":2,\"name\":\"Partenaires\",\"item\":\"https:\/\/solarchitecture.ch\/fr\/supporting-partners\/\"},{\"@type\":\"ListItem\",\"position\":3,\"name\":\"Partenaire Or &#8211; inperso\"}]},{\"@type\":\"WebSite\",\"@id\":\"https:\/\/solarchitecture.ch\/fr\/#website\",\"url\":\"https:\/\/solarchitecture.ch\/fr\/\",\"name\":\"Solarchitecture\",\"description\":\"Building solution\",\"publisher\":{\"@id\":\"https:\/\/solarchitecture.ch\/fr\/#organization\"},\"potentialAction\":[{\"@type\":\"SearchAction\",\"target\":{\"@type\":\"EntryPoint\",\"urlTemplate\":\"https:\/\/solarchitecture.ch\/fr\/?s={search_term_string}\"},\"query-input\":{\"@type\":\"PropertyValueSpecification\",\"valueRequired\":true,\"valueName\":\"search_term_string\"}}],\"inLanguage\":\"fr-FR\"},{\"@type\":\"Organization\",\"@id\":\"https:\/\/solarchitecture.ch\/fr\/#organization\",\"name\":\"Solarchitecture\",\"url\":\"https:\/\/solarchitecture.ch\/fr\/\",\"logo\":{\"@type\":\"ImageObject\",\"inLanguage\":\"fr-FR\",\"@id\":\"https:\/\/solarchitecture.ch\/fr\/#\/schema\/logo\/image\/\",\"url\":\"https:\/\/solarchitecture.ch\/wp-content\/uploads\/2022\/07\/solarchitecture_logo.jpg\",\"contentUrl\":\"https:\/\/solarchitecture.ch\/wp-content\/uploads\/2022\/07\/solarchitecture_logo.jpg\",\"width\":312,\"height\":312,\"caption\":\"Solarchitecture\"},\"image\":{\"@id\":\"https:\/\/solarchitecture.ch\/fr\/#\/schema\/logo\/image\/\"}}]}<\/script>\n<!-- \/ Yoast SEO plugin. -->","yoast_head_json":{"title":"Partenaire Or - inperso - Solarchitecture","robots":{"index":"index","follow":"follow","max-snippet":"max-snippet:-1","max-image-preview":"max-image-preview:large","max-video-preview":"max-video-preview:-1"},"canonical":"https:\/\/solarchitecture.ch\/fr\/partenaires-2\/partenaire-or-inperso\/","og_locale":"fr_FR","og_type":"article","og_title":"Partenaire Or - inperso - Solarchitecture","og_description":"[vc_row css=\u00a0\u00bb.vc_custom_1737021616874{padding-top: 50px !important;}\u00a0\u00bb][vc_column width=\u00a0\u00bb3\/4&Prime; dfd_column_responsive_enable=\u00a0\u00bbdfd-column-responsive-enable\u00a0\u00bb css=\u00a0\u00bb.vc_custom_1737023092578{border-right-width: 1px !important;border-bottom-width: 0px !important;padding-right: 25px !important;padding-bottom: 0px !important;padding-left: 25px !important;border-right-style: solid !important;border-bottom-style: solid !important;border-color: #000000 !important;}\u00a0\u00bb responsive_styles=\u00a0\u00bbborder_right_mobile:0|padding_bottom_mobile:25&Prime; col_shadow=\u00a0\u00bbbox_shadow_enable:disable|shadow_horizontal:0|shadow_vertical:15|shadow_blur:50|shadow_spread:0|box_shadow_color:rgba(0%2C0%2C0%2C.35)\u00a0\u00bb col_shadow_hover=\u00a0\u00bbbox_shadow_enable:disable|shadow_horizontal:0|shadow_vertical:15|shadow_blur:50|shadow_spread:0|box_shadow_color:rgba(0%2C0%2C0%2C.35)\u00a0\u00bb][vc_single_image image=\u00a0\u00bb63312&Prime; img_size=\u00a0\u00bbfull\u00a0\u00bb css=\u00a0\u00bb.vc_custom_1739786723395{padding-bottom: 25px","og_url":"https:\/\/solarchitecture.ch\/fr\/partenaires-2\/partenaire-or-inperso\/","og_site_name":"Solarchitecture","article_modified_time":"2025-02-18T15:48:20+00:00","twitter_card":"summary_large_image","twitter_misc":{"Dur\u00e9e de lecture estim\u00e9e":"4 minutes"},"schema":{"@context":"https:\/\/schema.org","@graph":[{"@type":"WebPage","@id":"https:\/\/solarchitecture.ch\/fr\/partenaires-2\/partenaire-or-inperso\/","url":"https:\/\/solarchitecture.ch\/fr\/partenaires-2\/partenaire-or-inperso\/","name":"Partenaire Or - inperso - Solarchitecture","isPartOf":{"@id":"https:\/\/solarchitecture.ch\/fr\/#website"},"datePublished":"2025-02-18T15:47:40+00:00","dateModified":"2025-02-18T15:48:20+00:00","breadcrumb":{"@id":"https:\/\/solarchitecture.ch\/fr\/partenaires-2\/partenaire-or-inperso\/#breadcrumb"},"inLanguage":"fr-FR","potentialAction":[{"@type":"ReadAction","target":["https:\/\/solarchitecture.ch\/fr\/partenaires-2\/partenaire-or-inperso\/"]}]},{"@type":"BreadcrumbList","@id":"https:\/\/solarchitecture.ch\/fr\/partenaires-2\/partenaire-or-inperso\/#breadcrumb","itemListElement":[{"@type":"ListItem","position":1,"name":"Home","item":"https:\/\/solarchitecture.ch\/fr\/"},{"@type":"ListItem","position":2,"name":"Partenaires","item":"https:\/\/solarchitecture.ch\/fr\/supporting-partners\/"},{"@type":"ListItem","position":3,"name":"Partenaire Or &#8211; inperso"}]},{"@type":"WebSite","@id":"https:\/\/solarchitecture.ch\/fr\/#website","url":"https:\/\/solarchitecture.ch\/fr\/","name":"Solarchitecture","description":"Building solution","publisher":{"@id":"https:\/\/solarchitecture.ch\/fr\/#organization"},"potentialAction":[{"@type":"SearchAction","target":{"@type":"EntryPoint","urlTemplate":"https:\/\/solarchitecture.ch\/fr\/?s={search_term_string}"},"query-input":{"@type":"PropertyValueSpecification","valueRequired":true,"valueName":"search_term_string"}}],"inLanguage":"fr-FR"},{"@type":"Organization","@id":"https:\/\/solarchitecture.ch\/fr\/#organization","name":"Solarchitecture","url":"https:\/\/solarchitecture.ch\/fr\/","logo":{"@type":"ImageObject","inLanguage":"fr-FR","@id":"https:\/\/solarchitecture.ch\/fr\/#\/schema\/logo\/image\/","url":"https:\/\/solarchitecture.ch\/wp-content\/uploads\/2022\/07\/solarchitecture_logo.jpg","contentUrl":"https:\/\/solarchitecture.ch\/wp-content\/uploads\/2022\/07\/solarchitecture_logo.jpg","width":312,"height":312,"caption":"Solarchitecture"},"image":{"@id":"https:\/\/solarchitecture.ch\/fr\/#\/schema\/logo\/image\/"}}]}},"_links":{"self":[{"href":"https:\/\/solarchitecture.ch\/fr\/wp-json\/wp\/v2\/pages\/63276","targetHints":{"allow":["GET"]}}],"collection":[{"href":"https:\/\/solarchitecture.ch\/fr\/wp-json\/wp\/v2\/pages"}],"about":[{"href":"https:\/\/solarchitecture.ch\/fr\/wp-json\/wp\/v2\/types\/page"}],"author":[{"embeddable":true,"href":"https:\/\/solarchitecture.ch\/fr\/wp-json\/wp\/v2\/users\/2021"}],"replies":[{"embeddable":true,"href":"https:\/\/solarchitecture.ch\/fr\/wp-json\/wp\/v2\/comments?post=63276"}],"version-history":[{"count":13,"href":"https:\/\/solarchitecture.ch\/fr\/wp-json\/wp\/v2\/pages\/63276\/revisions"}],"predecessor-version":[{"id":64028,"href":"https:\/\/solarchitecture.ch\/fr\/wp-json\/wp\/v2\/pages\/63276\/revisions\/64028"}],"up":[{"embeddable":true,"href":"https:\/\/solarchitecture.ch\/fr\/wp-json\/wp\/v2\/pages\/62995"}],"wp:attachment":[{"href":"https:\/\/solarchitecture.ch\/fr\/wp-json\/wp\/v2\/media?parent=63276"}],"curies":[{"name":"wp","href":"https:\/\/api.w.org\/{rel}","templated":true}]}}