{"id":43287,"date":"2021-02-01T09:52:27","date_gmt":"2021-02-01T08:52:27","guid":{"rendered":"https:\/\/solarchitecture.ch\/devenez-sponsor\/"},"modified":"2024-11-27T14:46:26","modified_gmt":"2024-11-27T13:46:26","slug":"devenez-sponsor","status":"publish","type":"page","link":"https:\/\/solarchitecture.ch\/fr\/devenez-sponsor\/","title":{"rendered":"Devenez notre partner!"},"content":{"rendered":"<div class=\"wpb-content-wrapper\"><p>[vc_row][vc_column css=\u00a0\u00bb.vc_custom_1563519328054{padding-right: 25px !important;padding-left: 25px !important;}\u00a0\u00bb]<div class=\"dfd-spacer-module\"  data-units=\"px\" data-wide_resolution=\"1280\" data-wide_size=\"100\" data-normal_resolution=\"1024\" data-normal_size=\"100\" data-tablet_resolution=\"800\" data-tablet_size=\"100\" data-mobile_resolution=\"480\" data-mobile_size=\"80\" style=\"height: 100px;\"><\/div><div class=\"dfd-heading-shortcode\"><div class=\"dfd-heading-module-wrap  text-left style_01 cr-animate-gen dfd-heading-69de545951d68 dfd-enable-resposive-headings\" id=\"dfd-heading-69de545951d68\" data-animate-type = \"transition.slideLeftIn\" ><div class=\"inline-block\"><div class=\"dfd-heading-module\"><div class=\"widget-title dfd-title block-title\" style=\"font-family:Montserrat; font-weight:700; font-style:normal; font-size: 50px; color: #000000 !important; line-height: 55px; letter-spacing: 0px; \">Devenez notre partner!<\/div><\/div><\/div><\/div><script type=\"text\/javascript\">\r\n\t\t\t\t\t\t\t\t\t(function($) {\r\n\t\t\t\t\t\t\t\t\t\t$(\"head\").append(\"<style>.dfd-heading-69de545951d68 .dfd-heading-module .widget-title {margin-top:0px;margin-bottom:15px;}.dfd-heading-69de545951d68.dfd-heading-module-wrap .dfd-heading-module .dfd-heading-delimiter {margin-top:10px;margin-bottom:10px;}@media (max-width: 1279px) and (min-width: 1024px){.dfd-heading-69de545951d68 .dfd-title{font-size: 40px !important;letter-spacing: 0px !important;line-height: 45px !important;}}@media (max-width: 1023px) and (min-width: 800px){.dfd-heading-69de545951d68 .dfd-title{font-size: 35px !important;letter-spacing: 0px !important;line-height: 40px !important;}}@media (max-width: 799px){.dfd-heading-69de545951d68 .dfd-title{font-size: 30px !important;letter-spacing: 0px !important;line-height: 35px !important;}}<\/style>\");\r\n\t\t\t\t\t\t\t\t\t})(jQuery);\r\n\t\t\t\t\t\t\t\t<\/script><\/div>[vc_column_text css=\u00a0\u00bb.vc_custom_1731531707655{padding-bottom: 50px !important;}\u00a0\u00bb]Solarchitecture.ch est une plateforme leader d\u00e9di\u00e9e \u00e0 la diffusion des comp\u00e9tences dans le domaine de l&rsquo;architecture solaire. Nous pr\u00e9sentons des contenus innovants, aper\u00e7us de projets r\u00e9els, d\u00e9tails techniques de construction, produits et bien plus encore, dans le but d&rsquo;inspirer et de promouvoir des solutions innovantes pour un avenir durable.<\/p>\n<p>&nbsp;<\/p>\n<p>Cette initiative conjointe de SUPSI, Swissolar et ETHZ vise \u00e0 promouvoir l&rsquo;int\u00e9gration de l&rsquo;\u00e9nergie solaire dans la planification architecturale. \u00c0 partir d&rsquo;\u00e9tudes de cas r\u00e9els et d&rsquo;exemples r\u00e9ussis, nous d\u00e9montrons que les b\u00e2timents solaires peuvent atteindre des normes \u00e9lev\u00e9es en mati\u00e8re d&rsquo;esth\u00e9tique, de qualit\u00e9 de construction et de durabilit\u00e9.<\/p>\n<p>&nbsp;<\/p>\n<p>L&rsquo;int\u00e9r\u00eat pour l&rsquo;architecture solaire ne cesse de grandir et s&rsquo;adresse \u00e0 un public de plus en plus large. Gr\u00e2ce \u00e0 les showcases, articles sp\u00e9cialis\u00e9s, nouvelles et \u00e9v\u00e9nements, nous rejoignons les architectes, les concepteurs, les investisseurs immobiliers et d&rsquo;autres clients potentiels toujours plus nombreux. En devenant partenaire, vous aurez l&rsquo;occasion de vous pr\u00e9senter \u00e0 ce public sp\u00e9cifique et d&rsquo;exploiter un nouveau potentiel de marketing.<\/p>\n<p>&nbsp;<\/p>\n<p><a href=\"https:\/\/solarchitecture.ch\/wp-content\/uploads\/2024\/11\/SOLARCHITECTURE_Presentation-5.pdf\" target=\"_blank\" rel=\"noopener\">D\u00e9couvrez nos options de partenariat<\/a> et n&rsquo;h\u00e9sitez pas \u00e0 nous contacter \u00e0 l&rsquo;adresse <a href=\"mailto:info@solarchitecture.ch\" target=\"_blank\" rel=\"noopener\">info@solarchitecture.ch<\/a> pour plus d&rsquo;informations sur les possibilit\u00e9s de partenariat.[\/vc_column_text]<div class=\"dfd-spacer-module\"  data-units=\"px\" data-wide_resolution=\"1280\" data-wide_size=\"50\" data-normal_resolution=\"1024\" data-normal_size=\"50\" data-tablet_resolution=\"800\" data-tablet_size=\"50\" data-mobile_resolution=\"480\" data-mobile_size=\"50\" style=\"height: 50px;\"><\/div><div class=\"animation-container \" ><div id=\"video-player-69de545952037-2723\" class=\"dfd-videoplayer style-1  text-center \"><div class=\"dfd-video-content video-content\" id=\"module_video_69de545952041\"><div class=\"dfd-video-box no-thumb\"  ><div class=\"wpb_video_wrapper\"><iframe loading=\"lazy\" title=\"Solarchitecture presentation\" src=\"https:\/\/player.vimeo.com\/video\/1033860946?dnt=1&amp;app_id=122963\" width=\"1200\" height=\"675\" frameborder=\"0\" allow=\"autoplay; fullscreen; picture-in-picture; clipboard-write\"><\/iframe><\/div><\/div><\/div><\/div><\/div><script type=\"text\/javascript\">\r\n\t\t\t\t\t\t\t(function($) {\r\n\t\t\t\t\t\t\t\t$(\"head\").append(\"<style><\/style>\");\r\n\t\t\t\t\t\t\t\t$(document).ready(function(){\r\n\t\t\t\t\t\t\t\t\tDFD_VideoModule.init(\"module_video_69de545952041\",\"video-player-69de545952037-2723\");\r\n\t\t\t\t\t\t\t\t});\r\n\t\t\t\t\t\t\t})(jQuery);\r\n\t\t\t\t\t\t<\/script>[\/vc_column][\/vc_row][vc_row][vc_column]<div class=\"dfd-spacer-module\"  data-units=\"px\" data-wide_resolution=\"1280\" data-wide_size=\"100\" data-normal_resolution=\"1024\" data-normal_size=\"100\" data-tablet_resolution=\"800\" data-tablet_size=\"80\" data-mobile_resolution=\"480\" data-mobile_size=\"80\" style=\"height: 100px;\"><\/div>[\/vc_column][\/vc_row]<\/p>\n<\/div>","protected":false},"excerpt":{"rendered":"<p>[vc_row][vc_column css=\u00a0\u00bb.vc_custom_1563519328054{padding-right: 25px !important;padding-left: 25px !important;}\u00a0\u00bb][vc_column_text css=\u00a0\u00bb.vc_custom_1731531707655{padding-bottom: 50px !important;}\u00a0\u00bb]Solarchitecture.ch est une plateforme leader d\u00e9di\u00e9e \u00e0 la diffusion des comp\u00e9tences dans le domaine de l&rsquo;architecture solaire. Nous pr\u00e9sentons des contenus innovants,<\/p>\n","protected":false},"author":2021,"featured_media":0,"parent":0,"menu_order":0,"comment_status":"closed","ping_status":"closed","template":"","meta":{"_acf_changed":false,"inline_featured_image":false,"footnotes":""},"class_list":["post-43287","page","type-page","status-publish","hentry"],"acf":[],"yoast_head":"<!-- This site is optimized with the Yoast SEO plugin v26.7 - https:\/\/yoast.com\/wordpress\/plugins\/seo\/ -->\n<title>Devenez notre partner! - Solarchitecture<\/title>\n<meta name=\"robots\" content=\"index, follow, max-snippet:-1, max-image-preview:large, max-video-preview:-1\" \/>\n<link rel=\"canonical\" href=\"https:\/\/solarchitecture.ch\/fr\/devenez-sponsor\/\" \/>\n<meta property=\"og:locale\" content=\"fr_FR\" \/>\n<meta property=\"og:type\" content=\"article\" \/>\n<meta property=\"og:title\" content=\"Devenez notre partner! - Solarchitecture\" \/>\n<meta property=\"og:description\" content=\"[vc_row][vc_column css=\u00a0\u00bb.vc_custom_1563519328054{padding-right: 25px !important;padding-left: 25px !important;}\u00a0\u00bb][vc_column_text css=\u00a0\u00bb.vc_custom_1731531707655{padding-bottom: 50px !important;}\u00a0\u00bb]Solarchitecture.ch est une plateforme leader d\u00e9di\u00e9e \u00e0 la diffusion des comp\u00e9tences dans le domaine de l&rsquo;architecture solaire. Nous pr\u00e9sentons des contenus innovants,\" \/>\n<meta property=\"og:url\" content=\"https:\/\/solarchitecture.ch\/fr\/devenez-sponsor\/\" \/>\n<meta property=\"og:site_name\" content=\"Solarchitecture\" \/>\n<meta property=\"article:modified_time\" content=\"2024-11-27T13:46:26+00:00\" \/>\n<meta name=\"twitter:card\" content=\"summary_large_image\" \/>\n<meta name=\"twitter:label1\" content=\"Dur\u00e9e de lecture estim\u00e9e\" \/>\n\t<meta name=\"twitter:data1\" content=\"2 minutes\" \/>\n<script type=\"application\/ld+json\" class=\"yoast-schema-graph\">{\"@context\":\"https:\/\/schema.org\",\"@graph\":[{\"@type\":\"WebPage\",\"@id\":\"https:\/\/solarchitecture.ch\/fr\/devenez-sponsor\/\",\"url\":\"https:\/\/solarchitecture.ch\/fr\/devenez-sponsor\/\",\"name\":\"Devenez notre partner! - Solarchitecture\",\"isPartOf\":{\"@id\":\"https:\/\/solarchitecture.ch\/fr\/#website\"},\"datePublished\":\"2021-02-01T08:52:27+00:00\",\"dateModified\":\"2024-11-27T13:46:26+00:00\",\"breadcrumb\":{\"@id\":\"https:\/\/solarchitecture.ch\/fr\/devenez-sponsor\/#breadcrumb\"},\"inLanguage\":\"fr-FR\",\"potentialAction\":[{\"@type\":\"ReadAction\",\"target\":[\"https:\/\/solarchitecture.ch\/fr\/devenez-sponsor\/\"]}]},{\"@type\":\"BreadcrumbList\",\"@id\":\"https:\/\/solarchitecture.ch\/fr\/devenez-sponsor\/#breadcrumb\",\"itemListElement\":[{\"@type\":\"ListItem\",\"position\":1,\"name\":\"Home\",\"item\":\"https:\/\/solarchitecture.ch\/fr\/\"},{\"@type\":\"ListItem\",\"position\":2,\"name\":\"Devenez notre partner!\"}]},{\"@type\":\"WebSite\",\"@id\":\"https:\/\/solarchitecture.ch\/fr\/#website\",\"url\":\"https:\/\/solarchitecture.ch\/fr\/\",\"name\":\"Solarchitecture\",\"description\":\"Building solution\",\"publisher\":{\"@id\":\"https:\/\/solarchitecture.ch\/fr\/#organization\"},\"potentialAction\":[{\"@type\":\"SearchAction\",\"target\":{\"@type\":\"EntryPoint\",\"urlTemplate\":\"https:\/\/solarchitecture.ch\/fr\/?s={search_term_string}\"},\"query-input\":{\"@type\":\"PropertyValueSpecification\",\"valueRequired\":true,\"valueName\":\"search_term_string\"}}],\"inLanguage\":\"fr-FR\"},{\"@type\":\"Organization\",\"@id\":\"https:\/\/solarchitecture.ch\/fr\/#organization\",\"name\":\"Solarchitecture\",\"url\":\"https:\/\/solarchitecture.ch\/fr\/\",\"logo\":{\"@type\":\"ImageObject\",\"inLanguage\":\"fr-FR\",\"@id\":\"https:\/\/solarchitecture.ch\/fr\/#\/schema\/logo\/image\/\",\"url\":\"https:\/\/solarchitecture.ch\/wp-content\/uploads\/2022\/07\/solarchitecture_logo.jpg\",\"contentUrl\":\"https:\/\/solarchitecture.ch\/wp-content\/uploads\/2022\/07\/solarchitecture_logo.jpg\",\"width\":312,\"height\":312,\"caption\":\"Solarchitecture\"},\"image\":{\"@id\":\"https:\/\/solarchitecture.ch\/fr\/#\/schema\/logo\/image\/\"}}]}<\/script>\n<!-- \/ Yoast SEO plugin. -->","yoast_head_json":{"title":"Devenez notre partner! - Solarchitecture","robots":{"index":"index","follow":"follow","max-snippet":"max-snippet:-1","max-image-preview":"max-image-preview:large","max-video-preview":"max-video-preview:-1"},"canonical":"https:\/\/solarchitecture.ch\/fr\/devenez-sponsor\/","og_locale":"fr_FR","og_type":"article","og_title":"Devenez notre partner! - Solarchitecture","og_description":"[vc_row][vc_column css=\u00a0\u00bb.vc_custom_1563519328054{padding-right: 25px !important;padding-left: 25px !important;}\u00a0\u00bb][vc_column_text css=\u00a0\u00bb.vc_custom_1731531707655{padding-bottom: 50px !important;}\u00a0\u00bb]Solarchitecture.ch est une plateforme leader d\u00e9di\u00e9e \u00e0 la diffusion des comp\u00e9tences dans le domaine de l&rsquo;architecture solaire. Nous pr\u00e9sentons des contenus innovants,","og_url":"https:\/\/solarchitecture.ch\/fr\/devenez-sponsor\/","og_site_name":"Solarchitecture","article_modified_time":"2024-11-27T13:46:26+00:00","twitter_card":"summary_large_image","twitter_misc":{"Dur\u00e9e de lecture estim\u00e9e":"2 minutes"},"schema":{"@context":"https:\/\/schema.org","@graph":[{"@type":"WebPage","@id":"https:\/\/solarchitecture.ch\/fr\/devenez-sponsor\/","url":"https:\/\/solarchitecture.ch\/fr\/devenez-sponsor\/","name":"Devenez notre partner! - Solarchitecture","isPartOf":{"@id":"https:\/\/solarchitecture.ch\/fr\/#website"},"datePublished":"2021-02-01T08:52:27+00:00","dateModified":"2024-11-27T13:46:26+00:00","breadcrumb":{"@id":"https:\/\/solarchitecture.ch\/fr\/devenez-sponsor\/#breadcrumb"},"inLanguage":"fr-FR","potentialAction":[{"@type":"ReadAction","target":["https:\/\/solarchitecture.ch\/fr\/devenez-sponsor\/"]}]},{"@type":"BreadcrumbList","@id":"https:\/\/solarchitecture.ch\/fr\/devenez-sponsor\/#breadcrumb","itemListElement":[{"@type":"ListItem","position":1,"name":"Home","item":"https:\/\/solarchitecture.ch\/fr\/"},{"@type":"ListItem","position":2,"name":"Devenez notre partner!"}]},{"@type":"WebSite","@id":"https:\/\/solarchitecture.ch\/fr\/#website","url":"https:\/\/solarchitecture.ch\/fr\/","name":"Solarchitecture","description":"Building solution","publisher":{"@id":"https:\/\/solarchitecture.ch\/fr\/#organization"},"potentialAction":[{"@type":"SearchAction","target":{"@type":"EntryPoint","urlTemplate":"https:\/\/solarchitecture.ch\/fr\/?s={search_term_string}"},"query-input":{"@type":"PropertyValueSpecification","valueRequired":true,"valueName":"search_term_string"}}],"inLanguage":"fr-FR"},{"@type":"Organization","@id":"https:\/\/solarchitecture.ch\/fr\/#organization","name":"Solarchitecture","url":"https:\/\/solarchitecture.ch\/fr\/","logo":{"@type":"ImageObject","inLanguage":"fr-FR","@id":"https:\/\/solarchitecture.ch\/fr\/#\/schema\/logo\/image\/","url":"https:\/\/solarchitecture.ch\/wp-content\/uploads\/2022\/07\/solarchitecture_logo.jpg","contentUrl":"https:\/\/solarchitecture.ch\/wp-content\/uploads\/2022\/07\/solarchitecture_logo.jpg","width":312,"height":312,"caption":"Solarchitecture"},"image":{"@id":"https:\/\/solarchitecture.ch\/fr\/#\/schema\/logo\/image\/"}}]}},"_links":{"self":[{"href":"https:\/\/solarchitecture.ch\/fr\/wp-json\/wp\/v2\/pages\/43287","targetHints":{"allow":["GET"]}}],"collection":[{"href":"https:\/\/solarchitecture.ch\/fr\/wp-json\/wp\/v2\/pages"}],"about":[{"href":"https:\/\/solarchitecture.ch\/fr\/wp-json\/wp\/v2\/types\/page"}],"author":[{"embeddable":true,"href":"https:\/\/solarchitecture.ch\/fr\/wp-json\/wp\/v2\/users\/2021"}],"replies":[{"embeddable":true,"href":"https:\/\/solarchitecture.ch\/fr\/wp-json\/wp\/v2\/comments?post=43287"}],"version-history":[{"count":19,"href":"https:\/\/solarchitecture.ch\/fr\/wp-json\/wp\/v2\/pages\/43287\/revisions"}],"predecessor-version":[{"id":62561,"href":"https:\/\/solarchitecture.ch\/fr\/wp-json\/wp\/v2\/pages\/43287\/revisions\/62561"}],"wp:attachment":[{"href":"https:\/\/solarchitecture.ch\/fr\/wp-json\/wp\/v2\/media?parent=43287"}],"curies":[{"name":"wp","href":"https:\/\/api.w.org\/{rel}","templated":true}]}}