{"id":38911,"date":"2020-05-16T16:59:35","date_gmt":"2020-05-16T14:59:35","guid":{"rendered":"https:\/\/solarchitecture.ch\/histoire\/"},"modified":"2023-08-08T10:51:58","modified_gmt":"2023-08-08T08:51:58","slug":"histoire","status":"publish","type":"page","link":"https:\/\/solarchitecture.ch\/fr\/histoire\/","title":{"rendered":"Histoire"},"content":{"rendered":"<div class=\"wpb-content-wrapper\"><p>[vc_row][vc_column css=\u00a0\u00bb.vc_custom_1563519328054{padding-right: 25px !important;padding-left: 25px !important;}\u00a0\u00bb]<div class=\"dfd-spacer-module\"  data-units=\"px\" data-wide_resolution=\"1280\" data-wide_size=\"200\" data-normal_resolution=\"1024\" data-normal_size=\"150\" data-tablet_resolution=\"800\" data-tablet_size=\"150\" data-mobile_resolution=\"480\" data-mobile_size=\"100\" style=\"height: 200px;\"><\/div><div class=\"dfd-heading-shortcode\"><div class=\"dfd-heading-module-wrap  text-left style_01 cr-animate-gen dfd-heading-69d8330219c4e dfd-enable-resposive-headings\" id=\"dfd-heading-69d8330219c4e\" data-animate-type = \"transition.slideLeftIn\" ><div class=\"inline-block\"><div class=\"dfd-heading-module\"><div class=\"widget-title dfd-title block-title\" style=\"font-family:Montserrat; font-weight:700; font-style:normal; font-size: 50px; color: #000000 !important; line-height: 55px; letter-spacing: 0px; \">Le BIPV dans l&rsquo;architecture &#8211; 40 ans d&rsquo;\u00e9volution<\/div><\/div><\/div><\/div><script type=\"text\/javascript\">\r\n\t\t\t\t\t\t\t\t\t(function($) {\r\n\t\t\t\t\t\t\t\t\t\t$(\"head\").append(\"<style>.dfd-heading-69d8330219c4e .dfd-heading-module .widget-title {margin-top:0px;margin-bottom:15px;}.dfd-heading-69d8330219c4e.dfd-heading-module-wrap .dfd-heading-module .dfd-heading-delimiter {margin-top:10px;margin-bottom:10px;}@media (max-width: 1279px) and (min-width: 1024px){.dfd-heading-69d8330219c4e .dfd-title{font-size: 40px !important;letter-spacing: 0px !important;line-height: 45px !important;}}@media (max-width: 1023px) and (min-width: 800px){.dfd-heading-69d8330219c4e .dfd-title{font-size: 35px !important;letter-spacing: 0px !important;line-height: 40px !important;}}@media (max-width: 799px){.dfd-heading-69d8330219c4e .dfd-title{font-size: 30px !important;letter-spacing: 0px !important;line-height: 35px !important;}}<\/style>\");\r\n\t\t\t\t\t\t\t\t\t})(jQuery);\r\n\t\t\t\t\t\t\t\t<\/script><\/div>[vc_column_text css_animation=\u00a0\u00bbnone\u00a0\u00bb]<br \/>\nLe paradigme de la durabilit\u00e9 et la demande croissante de b\u00e2timents \u00e0 \u00e9nergie presque nulle et \u00e0 \u00e9nergie positive transforment rapidement la technologie de la peau des b\u00e2timents, qui passe d&rsquo;une barri\u00e8re passive \u00e0 une interface sensible, active et adaptable. Cependant, l&rsquo;innovation n&rsquo;est pas seulement technique ou la facilit\u00e9 avec laquelle quelque chose \u00ab\u00a0fonctionne\u00a0\u00bb. Le transfert du photovolta\u00efque (PV) est aujourd&rsquo;hui bien plus qu&rsquo;une possibilit\u00e9 technique : c&rsquo;est un nouveau fondamental dans l&rsquo;esth\u00e9tique, l&rsquo;\u00e9thique et la technologie du b\u00e2timent. N\u00e9anmoins, le BIPV est encore aujourd&rsquo;hui un march\u00e9 de niche, car l&rsquo;innovation technologique dans le secteur du b\u00e2timent implique des forces combin\u00e9es afin d&rsquo;organiser la collaboration entre l&rsquo;architecture et les sp\u00e9cialit\u00e9s techniques.<\/p>\n<p>Les enseignements tir\u00e9s de l&rsquo;histoire de la \u00ab\u00a0technologie en architecture\u00a0\u00bb montrent que le transfert de nouvelles technologies dans le domaine de la construction est un processus r\u00e9current. Les exemples suivants montrent l&rsquo;\u00e9volution entre la conception et la technologie, en commen\u00e7ant par les premiers exemples pertinents d&rsquo;int\u00e9gration au d\u00e9but des ann\u00e9es 80 jusqu&rsquo;aux projets les plus r\u00e9cents, o\u00f9 la technologie solaire est devenue partie int\u00e9grante du langage architectural.<br \/>\n[\/vc_column_text]<div class=\"dfd-spacer-module\"  data-units=\"px\" data-wide_resolution=\"1280\" data-wide_size=\"100\" data-normal_resolution=\"1024\" data-normal_size=\"100\" data-tablet_resolution=\"800\" data-tablet_size=\"100\" data-mobile_resolution=\"480\" data-mobile_size=\"50\" style=\"height: 100px;\"><\/div>[\/vc_column][\/vc_row][vc_row][vc_column]<div class=\"dfd-spacer-module\"  data-units=\"px\" data-wide_resolution=\"1280\" data-wide_size=\"50\" data-normal_resolution=\"1024\" data-normal_size=\"50\" data-tablet_resolution=\"800\" data-tablet_size=\"50\" data-mobile_resolution=\"480\" data-mobile_size=\"50\" style=\"height: 50px;\"><\/div>[vc_column_text css_animation=\u00a0\u00bbnone\u00a0\u00bb]<br \/>\nSolarchitecture souhaite remercier les \u00e9tudiants en architecture suivants, de la classe Progettare l&rsquo;Architettura Solare de la Haute \u00e9cole sp\u00e9cialis\u00e9e du Sud de la Suisse (SUPSI), ann\u00e9e acad\u00e9mique 2017-2018, pour leur aide dans la r\u00e9alisation du mat\u00e9riel : Alen Mendes Cristina ; Barbera Lorenzo ; Battaglia Camilla ; Bellomo Lucas ; Bernasconi Giorgia ; Beselica Valon ; Bianchino Jacobo ; Colombo Martino ; Giacomini Mattia ; Giugliano Matteo ; Gurini Viola ; Orsega Christian ; Pagliuca Alessandro ; Rizzuti Lorenzo ; Rodrigues Alessia ; Roncaglione Luca ; Sancho Felipe ; Simone Diletta.<br \/>\n[\/vc_column_text]<div class=\"dfd-spacer-module\"  data-units=\"px\" data-wide_resolution=\"1280\" data-wide_size=\"100\" data-normal_resolution=\"1024\" data-normal_size=\"100\" data-tablet_resolution=\"800\" data-tablet_size=\"100\" data-mobile_resolution=\"480\" data-mobile_size=\"50\" style=\"height: 100px;\"><\/div>[\/vc_column][\/vc_row]<\/p>\n<\/div>","protected":false},"excerpt":{"rendered":"<p>[vc_row][vc_column css=\u00a0\u00bb.vc_custom_1563519328054{padding-right: 25px !important;padding-left: 25px !important;}\u00a0\u00bb][vc_column_text css_animation=\u00a0\u00bbnone\u00a0\u00bb] Le paradigme de la durabilit\u00e9 et la demande croissante de b\u00e2timents \u00e0 \u00e9nergie presque nulle et \u00e0 \u00e9nergie positive transforment rapidement la technologie<\/p>\n","protected":false},"author":2021,"featured_media":0,"parent":0,"menu_order":0,"comment_status":"closed","ping_status":"closed","template":"","meta":{"_acf_changed":false,"inline_featured_image":false,"footnotes":""},"class_list":["post-38911","page","type-page","status-publish","hentry"],"acf":[],"yoast_head":"<!-- This site is optimized with the Yoast SEO plugin v26.7 - https:\/\/yoast.com\/wordpress\/plugins\/seo\/ -->\n<title>Histoire - Solarchitecture<\/title>\n<meta name=\"robots\" content=\"index, follow, max-snippet:-1, max-image-preview:large, max-video-preview:-1\" \/>\n<link rel=\"canonical\" href=\"https:\/\/solarchitecture.ch\/fr\/histoire\/\" \/>\n<meta property=\"og:locale\" content=\"fr_FR\" \/>\n<meta property=\"og:type\" content=\"article\" \/>\n<meta property=\"og:title\" content=\"Histoire - Solarchitecture\" \/>\n<meta property=\"og:description\" content=\"[vc_row][vc_column css=\u00a0\u00bb.vc_custom_1563519328054{padding-right: 25px !important;padding-left: 25px !important;}\u00a0\u00bb][vc_column_text css_animation=\u00a0\u00bbnone\u00a0\u00bb] Le paradigme de la durabilit\u00e9 et la demande croissante de b\u00e2timents \u00e0 \u00e9nergie presque nulle et \u00e0 \u00e9nergie positive transforment rapidement la technologie\" \/>\n<meta property=\"og:url\" content=\"https:\/\/solarchitecture.ch\/fr\/histoire\/\" \/>\n<meta property=\"og:site_name\" content=\"Solarchitecture\" \/>\n<meta property=\"article:modified_time\" content=\"2023-08-08T08:51:58+00:00\" \/>\n<meta name=\"twitter:card\" content=\"summary_large_image\" \/>\n<meta name=\"twitter:label1\" content=\"Dur\u00e9e de lecture estim\u00e9e\" \/>\n\t<meta name=\"twitter:data1\" content=\"2 minutes\" \/>\n<script type=\"application\/ld+json\" class=\"yoast-schema-graph\">{\"@context\":\"https:\/\/schema.org\",\"@graph\":[{\"@type\":\"WebPage\",\"@id\":\"https:\/\/solarchitecture.ch\/fr\/histoire\/\",\"url\":\"https:\/\/solarchitecture.ch\/fr\/histoire\/\",\"name\":\"Histoire - Solarchitecture\",\"isPartOf\":{\"@id\":\"https:\/\/solarchitecture.ch\/fr\/#website\"},\"datePublished\":\"2020-05-16T14:59:35+00:00\",\"dateModified\":\"2023-08-08T08:51:58+00:00\",\"breadcrumb\":{\"@id\":\"https:\/\/solarchitecture.ch\/fr\/histoire\/#breadcrumb\"},\"inLanguage\":\"fr-FR\",\"potentialAction\":[{\"@type\":\"ReadAction\",\"target\":[\"https:\/\/solarchitecture.ch\/fr\/histoire\/\"]}]},{\"@type\":\"BreadcrumbList\",\"@id\":\"https:\/\/solarchitecture.ch\/fr\/histoire\/#breadcrumb\",\"itemListElement\":[{\"@type\":\"ListItem\",\"position\":1,\"name\":\"Home\",\"item\":\"https:\/\/solarchitecture.ch\/fr\/\"},{\"@type\":\"ListItem\",\"position\":2,\"name\":\"Histoire\"}]},{\"@type\":\"WebSite\",\"@id\":\"https:\/\/solarchitecture.ch\/fr\/#website\",\"url\":\"https:\/\/solarchitecture.ch\/fr\/\",\"name\":\"Solarchitecture\",\"description\":\"Building solution\",\"publisher\":{\"@id\":\"https:\/\/solarchitecture.ch\/fr\/#organization\"},\"potentialAction\":[{\"@type\":\"SearchAction\",\"target\":{\"@type\":\"EntryPoint\",\"urlTemplate\":\"https:\/\/solarchitecture.ch\/fr\/?s={search_term_string}\"},\"query-input\":{\"@type\":\"PropertyValueSpecification\",\"valueRequired\":true,\"valueName\":\"search_term_string\"}}],\"inLanguage\":\"fr-FR\"},{\"@type\":\"Organization\",\"@id\":\"https:\/\/solarchitecture.ch\/fr\/#organization\",\"name\":\"Solarchitecture\",\"url\":\"https:\/\/solarchitecture.ch\/fr\/\",\"logo\":{\"@type\":\"ImageObject\",\"inLanguage\":\"fr-FR\",\"@id\":\"https:\/\/solarchitecture.ch\/fr\/#\/schema\/logo\/image\/\",\"url\":\"https:\/\/solarchitecture.ch\/wp-content\/uploads\/2022\/07\/solarchitecture_logo.jpg\",\"contentUrl\":\"https:\/\/solarchitecture.ch\/wp-content\/uploads\/2022\/07\/solarchitecture_logo.jpg\",\"width\":312,\"height\":312,\"caption\":\"Solarchitecture\"},\"image\":{\"@id\":\"https:\/\/solarchitecture.ch\/fr\/#\/schema\/logo\/image\/\"}}]}<\/script>\n<!-- \/ Yoast SEO plugin. -->","yoast_head_json":{"title":"Histoire - Solarchitecture","robots":{"index":"index","follow":"follow","max-snippet":"max-snippet:-1","max-image-preview":"max-image-preview:large","max-video-preview":"max-video-preview:-1"},"canonical":"https:\/\/solarchitecture.ch\/fr\/histoire\/","og_locale":"fr_FR","og_type":"article","og_title":"Histoire - Solarchitecture","og_description":"[vc_row][vc_column css=\u00a0\u00bb.vc_custom_1563519328054{padding-right: 25px !important;padding-left: 25px !important;}\u00a0\u00bb][vc_column_text css_animation=\u00a0\u00bbnone\u00a0\u00bb] Le paradigme de la durabilit\u00e9 et la demande croissante de b\u00e2timents \u00e0 \u00e9nergie presque nulle et \u00e0 \u00e9nergie positive transforment rapidement la technologie","og_url":"https:\/\/solarchitecture.ch\/fr\/histoire\/","og_site_name":"Solarchitecture","article_modified_time":"2023-08-08T08:51:58+00:00","twitter_card":"summary_large_image","twitter_misc":{"Dur\u00e9e de lecture estim\u00e9e":"2 minutes"},"schema":{"@context":"https:\/\/schema.org","@graph":[{"@type":"WebPage","@id":"https:\/\/solarchitecture.ch\/fr\/histoire\/","url":"https:\/\/solarchitecture.ch\/fr\/histoire\/","name":"Histoire - Solarchitecture","isPartOf":{"@id":"https:\/\/solarchitecture.ch\/fr\/#website"},"datePublished":"2020-05-16T14:59:35+00:00","dateModified":"2023-08-08T08:51:58+00:00","breadcrumb":{"@id":"https:\/\/solarchitecture.ch\/fr\/histoire\/#breadcrumb"},"inLanguage":"fr-FR","potentialAction":[{"@type":"ReadAction","target":["https:\/\/solarchitecture.ch\/fr\/histoire\/"]}]},{"@type":"BreadcrumbList","@id":"https:\/\/solarchitecture.ch\/fr\/histoire\/#breadcrumb","itemListElement":[{"@type":"ListItem","position":1,"name":"Home","item":"https:\/\/solarchitecture.ch\/fr\/"},{"@type":"ListItem","position":2,"name":"Histoire"}]},{"@type":"WebSite","@id":"https:\/\/solarchitecture.ch\/fr\/#website","url":"https:\/\/solarchitecture.ch\/fr\/","name":"Solarchitecture","description":"Building solution","publisher":{"@id":"https:\/\/solarchitecture.ch\/fr\/#organization"},"potentialAction":[{"@type":"SearchAction","target":{"@type":"EntryPoint","urlTemplate":"https:\/\/solarchitecture.ch\/fr\/?s={search_term_string}"},"query-input":{"@type":"PropertyValueSpecification","valueRequired":true,"valueName":"search_term_string"}}],"inLanguage":"fr-FR"},{"@type":"Organization","@id":"https:\/\/solarchitecture.ch\/fr\/#organization","name":"Solarchitecture","url":"https:\/\/solarchitecture.ch\/fr\/","logo":{"@type":"ImageObject","inLanguage":"fr-FR","@id":"https:\/\/solarchitecture.ch\/fr\/#\/schema\/logo\/image\/","url":"https:\/\/solarchitecture.ch\/wp-content\/uploads\/2022\/07\/solarchitecture_logo.jpg","contentUrl":"https:\/\/solarchitecture.ch\/wp-content\/uploads\/2022\/07\/solarchitecture_logo.jpg","width":312,"height":312,"caption":"Solarchitecture"},"image":{"@id":"https:\/\/solarchitecture.ch\/fr\/#\/schema\/logo\/image\/"}}]}},"_links":{"self":[{"href":"https:\/\/solarchitecture.ch\/fr\/wp-json\/wp\/v2\/pages\/38911","targetHints":{"allow":["GET"]}}],"collection":[{"href":"https:\/\/solarchitecture.ch\/fr\/wp-json\/wp\/v2\/pages"}],"about":[{"href":"https:\/\/solarchitecture.ch\/fr\/wp-json\/wp\/v2\/types\/page"}],"author":[{"embeddable":true,"href":"https:\/\/solarchitecture.ch\/fr\/wp-json\/wp\/v2\/users\/2021"}],"replies":[{"embeddable":true,"href":"https:\/\/solarchitecture.ch\/fr\/wp-json\/wp\/v2\/comments?post=38911"}],"version-history":[{"count":2,"href":"https:\/\/solarchitecture.ch\/fr\/wp-json\/wp\/v2\/pages\/38911\/revisions"}],"predecessor-version":[{"id":56505,"href":"https:\/\/solarchitecture.ch\/fr\/wp-json\/wp\/v2\/pages\/38911\/revisions\/56505"}],"wp:attachment":[{"href":"https:\/\/solarchitecture.ch\/fr\/wp-json\/wp\/v2\/media?parent=38911"}],"curies":[{"name":"wp","href":"https:\/\/api.w.org\/{rel}","templated":true}]}}