{"id":38903,"date":"2020-05-16T16:16:33","date_gmt":"2020-05-16T14:16:33","guid":{"rendered":"https:\/\/solarchitecture.ch\/sinscrire\/"},"modified":"2020-09-21T09:13:34","modified_gmt":"2020-09-21T07:13:34","slug":"sinscrire","status":"publish","type":"page","link":"https:\/\/solarchitecture.ch\/fr\/sinscrire\/","title":{"rendered":"S&rsquo;inscrire"},"content":{"rendered":"<div class=\"wpb-content-wrapper\"><p>[vc_row][vc_column]<div class=\"dfd-heading-shortcode\"><div class=\"dfd-heading-module-wrap  text-left style_01 dfd-heading-69dea32068782 dfd-enable-resposive-headings\" id=\"dfd-heading-69dea32068782\" ><div class=\"inline-block\"><div class=\"dfd-heading-module\"><div class=\"widget-title dfd-title block-title\" style=\"font-family:Montserrat; font-size: 50px; color: #000000 !important; line-height: 55px; letter-spacing: 0px; \">S&rsquo;inscrire<\/div><\/div><\/div><\/div><script type=\"text\/javascript\">\r\n\t\t\t\t\t\t\t\t\t(function($) {\r\n\t\t\t\t\t\t\t\t\t\t$(\"head\").append(\"<style>.dfd-heading-69dea32068782 .dfd-heading-module .widget-title {margin-top:0px;margin-bottom:15px;}.dfd-heading-69dea32068782.dfd-heading-module-wrap .dfd-heading-module .dfd-heading-delimiter {margin-top:10px;margin-bottom:10px;}@media (max-width: 1279px) and (min-width: 1024px){.dfd-heading-69dea32068782 .dfd-title{font-size: 40px !important;letter-spacing: 0px !important;line-height: 45px !important;}}@media (max-width: 1023px) and (min-width: 800px){.dfd-heading-69dea32068782 .dfd-title{font-size: 35px !important;letter-spacing: 0px !important;line-height: 40px !important;}}@media (max-width: 799px){.dfd-heading-69dea32068782 .dfd-title{font-size: 30px !important;letter-spacing: 0px !important;line-height: 35px !important;}}<\/style>\");\r\n\t\t\t\t\t\t\t\t\t})(jQuery);\r\n\t\t\t\t\t\t\t\t<\/script><\/div>[vc_column_text]Inscrivez-vous d\u00e8s maintenant pour organiser et t\u00e9l\u00e9charger vos projets solaires pr\u00e9f\u00e9r\u00e9s. Une fois connect\u00e9, vous pourrez t\u00e9l\u00e9charger les projets et leurs d\u00e9tails techniques.         <form enctype=\"multipart\/form-data\" method=\"post\" id=\"wppb-register-user-register\" class=\"wppb-user-forms wppb-register-user wppb-user-logged-out\" action=\"https:\/\/solarchitecture.ch\/fr\/wp-json\/wp\/v2\/pages\/38903\">\n\t\t\t<ul><li class=\"wppb-form-field wppb-default-first-name\" id=\"wppb-form-element-3\">\n\t\t\t<label for=\"first_name\">Pr\u00e9nom<span class=\"wppb-required\" title=\"This field is required\">*<\/span><\/label>\n\t\t\t<input class=\"text-input default_field_firstname \" name=\"first_name\" maxlength=\"70\" type=\"text\" id=\"first_name\" value=\"\"  \/><\/li><li class=\"wppb-form-field wppb-default-last-name\" id=\"wppb-form-element-4\">\n\t\t\t<label for=\"last_name\">Nom<span class=\"wppb-required\" title=\"This field is required\">*<\/span><\/label>\n\t\t\t<input class=\"text-input default_field_lastname \" name=\"last_name\" maxlength=\"70\" type=\"text\" id=\"last_name\" value=\"\" \/><\/li><li class=\"wppb-form-field wppb-default-e-mail\" id=\"wppb-form-element-8\">\n\t\t\t<label for=\"email\">E-mail<span class=\"wppb-required\" title=\"This field is required\">*<\/span><\/label>\n\t\t\t<input class=\"text-input default_field_email \" name=\"email\" maxlength=\"70\" type=\"email\" id=\"email\" value=\"\"   \/><\/li><li class=\"wppb-form-field wppb-default-password\" id=\"wppb-form-element-12\">\n\t\t\t<label for=\"passw1\">Mot de passe<span class=\"wppb-required\" title=\"This field is required\">*<\/span><\/label>\n            <span class=\"wppb-password-field-container\">\n\t\t\t    <input class=\"text-input \" name=\"passw1\" maxlength=\"70\" type=\"password\" id=\"passw1\" value=\"\" autocomplete=\"off\" \/>\n\t\t\t     <!-- add the HTML for the visibility toggle -->\n\t\t\t<\/span><span class=\"wppb-description-delimiter\"> <\/span><\/li><li class=\"wppb-form-field wppb-default-repeat-password\" id=\"wppb-form-element-13\">\n\t\t\t<label for=\"passw2\">R\u00e9p\u00e9tez votre mot de passe<span class=\"wppb-required\" title=\"This field is required\">*<\/span><\/label>\n\t\t\t<span class=\"wppb-password-field-container\">\n\t\t\t    <input class=\"text-input \" name=\"passw2\" maxlength=\"70\" type=\"password\" id=\"passw2\" value=\"\" autocomplete=\"off\" \/>\n\t\t\t     <!-- add the HTML for the visibility toggle -->\n\t\t\t<\/span><\/li><li class=\"wppb-form-field wppb-mailchimp-subscribe\" id=\"wppb-form-element-15\"><label for=\"custom_field_mailchimp_subscribe_15\"><input name=\"custom_field_mailchimp_subscribe_15\" id=\"custom_field_mailchimp_subscribe_15\" class=\"extra_field_mailchimp\" type=\"checkbox\" value=\"2801a3d9d0\"  \/>Get newsletter<\/label><span class=\"wppb-description-delimiter\">Je consens au traitement de mes donn\u00e9es conform\u00e9ment \u00e0 la r\u00e9glementation en mati\u00e8re de protection de la vie priv\u00e9e.<\/span><\/li><li class=\"wppb-form-field wppb-gdpr-checkbox wppb-checkbox\" id=\"wppb-form-element-15\">\n\t\t\t\t<label for=\"user_consent_gdpr\">\n\t\t\t\t<input value=\"agree\" name=\"user_consent_gdpr\" id=\"user_consent_gdpr\" type=\"checkbox\" class=\"custom_field_gdpr\"   \/><span>Je consens au traitement de mes donn\u00e9es conform\u00e9ment \u00e0 la r\u00e9glementation en mati\u00e8re de protection de la vie priv\u00e9e.<span class=\"wppb-required\" title=\"This field is required\">*<\/span><\/span><\/label><\/li><li class=\"wppb-form-field wppb-recaptcha wppb-recaptcha-invisible\" id=\"wppb-form-element-14\"><div id=\"wppb-recaptcha-element-pb_register1\" class=\"wppb-recaptcha-element wppb-invisible-recaptcha\"><\/div><\/li><\/ul><ul><li class=\"wppb-form-field wppb-send-credentials-checkbox\"><label for=\"send_credentials_via_email\"><input id=\"send_credentials_via_email\" type=\"checkbox\" name=\"send_credentials_via_email\" value=\"sending\"\/>Send these credentials via email.<\/label><\/li><\/ul>\t\t\t<p class=\"form-submit\"  >\n\t\t\t\t                \t\t\t\t<input name=\"register\" type=\"submit\" id=\"register\" class=\"submit button\" value=\"Register\" \/>\n                <input name=\"redirect_to\" type=\"hidden\" value=\"\" \/>\n                \t\t\t\t<input name=\"action\" type=\"hidden\" id=\"action\" value=\"register\" \/>\n\t\t\t\t<input name=\"form_name\" type=\"hidden\" id=\"form_name\" value=\"register\" \/>\n\t\t\t\t<input name=\"form_id\" type=\"hidden\" id=\"form_id\" value=\"35410\" \/>\n\t\t\t\t<input type=\"hidden\" name=\"wppb_referer_url\" value=\"\"\/>\t\t\t<\/p><!-- .form-submit -->\n\t\t\t<input type=\"hidden\" id=\"register_register_nonce_field\" name=\"register_register_nonce_field\" value=\"b0eccfc1f8\" \/><input type=\"hidden\" name=\"_wp_http_referer\" value=\"\/fr\/wp-json\/wp\/v2\/pages\/38903\" \/>\t\t<\/form>\n\t\t<\/p>\n<p>[\/vc_column_text][vc_column_text el_class=\u00a0\u00bbhide_block_login\u00a0\u00bb]D\u00e9j\u00e0 un compte: <a class=\"gold_link\" href=\"https:\/\/solarchitecture.ch\/fr\/connexion\/\">cliquez ici<\/a> pour vous connecter.[\/vc_column_text][vc_raw_html]PHNjcmlwdCB0eXBlPSJ0ZXh0L2phdmFzY3JpcHQiPg0Kd2luZG93Lm9ubG9hZCA9IGxvYWQ7DQpmdW5jdGlvbiBsb2FkKCkgew0KICAgIHZhciBsb2dnZWRpbiA9IGRvY3VtZW50LmJvZHkuY2xhc3NMaXN0LmNvbnRhaW5zKCdsb2dnZWQtaW4nKTsNCiAgICBpZiAobG9nZ2VkaW4gPT09IHRydWUpIHsNCiAgICAgICAgdmFyIHkgPSBkb2N1bWVudC5nZXRFbGVtZW50c0J5Q2xhc3NOYW1lKCJoaWRlX2Jsb2NrX2xvZ2luIilbMF07DQogICAgICAgIHkuc3R5bGUuZGlzcGxheSA9ICJub25lIjsNCiAgICB9IGVsc2Ugew0KICAgICAgICB2YXIgeSA9IGRvY3VtZW50LmdldEVsZW1lbnRzQnlDbGFzc05hbWUoImhpZGVfYmxvY2tfbG9naW4iKVswXTsNCiAgICAgICAgeS5zdHlsZS5kaXNwbGF5ID0gImlubGluZSI7DQogICAgfQ0KfQ0KPC9zY3JpcHQ+[\/vc_raw_html][\/vc_column][\/vc_row]<\/p>\n<\/div>","protected":false},"excerpt":{"rendered":"<p>[vc_row][vc_column][vc_column_text]Inscrivez-vous d\u00e8s maintenant pour organiser et t\u00e9l\u00e9charger vos projets solaires pr\u00e9f\u00e9r\u00e9s. Une fois connect\u00e9, vous pourrez t\u00e9l\u00e9charger les projets et leurs d\u00e9tails techniques. [\/vc_column_text][vc_column_text el_class=\u00a0\u00bbhide_block_login\u00a0\u00bb]D\u00e9j\u00e0 un compte: cliquez ici pour<\/p>\n","protected":false},"author":2021,"featured_media":0,"parent":0,"menu_order":0,"comment_status":"closed","ping_status":"closed","template":"","meta":{"_acf_changed":false,"inline_featured_image":false,"footnotes":""},"class_list":["post-38903","page","type-page","status-publish","hentry"],"acf":[],"yoast_head":"<!-- This site is optimized with the Yoast SEO plugin v26.7 - https:\/\/yoast.com\/wordpress\/plugins\/seo\/ -->\n<title>S&#039;inscrire - Solarchitecture<\/title>\n<meta name=\"robots\" content=\"index, follow, max-snippet:-1, max-image-preview:large, max-video-preview:-1\" \/>\n<link rel=\"canonical\" href=\"https:\/\/solarchitecture.ch\/fr\/sinscrire\/\" \/>\n<meta property=\"og:locale\" content=\"fr_FR\" \/>\n<meta property=\"og:type\" content=\"article\" \/>\n<meta property=\"og:title\" content=\"S&#039;inscrire - Solarchitecture\" \/>\n<meta property=\"og:description\" content=\"[vc_row][vc_column][vc_column_text]Inscrivez-vous d\u00e8s maintenant pour organiser et t\u00e9l\u00e9charger vos projets solaires pr\u00e9f\u00e9r\u00e9s. Une fois connect\u00e9, vous pourrez t\u00e9l\u00e9charger les projets et leurs d\u00e9tails techniques. [\/vc_column_text][vc_column_text el_class=\u00a0\u00bbhide_block_login\u00a0\u00bb]D\u00e9j\u00e0 un compte: cliquez ici pour\" \/>\n<meta property=\"og:url\" content=\"https:\/\/solarchitecture.ch\/fr\/sinscrire\/\" \/>\n<meta property=\"og:site_name\" content=\"Solarchitecture\" \/>\n<meta property=\"article:modified_time\" content=\"2020-09-21T07:13:34+00:00\" \/>\n<meta name=\"twitter:card\" content=\"summary_large_image\" \/>\n<meta name=\"twitter:label1\" content=\"Dur\u00e9e de lecture estim\u00e9e\" \/>\n\t<meta name=\"twitter:data1\" content=\"1 minute\" \/>\n<script type=\"application\/ld+json\" class=\"yoast-schema-graph\">{\"@context\":\"https:\/\/schema.org\",\"@graph\":[{\"@type\":\"WebPage\",\"@id\":\"https:\/\/solarchitecture.ch\/fr\/sinscrire\/\",\"url\":\"https:\/\/solarchitecture.ch\/fr\/sinscrire\/\",\"name\":\"S'inscrire - Solarchitecture\",\"isPartOf\":{\"@id\":\"https:\/\/solarchitecture.ch\/fr\/#website\"},\"datePublished\":\"2020-05-16T14:16:33+00:00\",\"dateModified\":\"2020-09-21T07:13:34+00:00\",\"breadcrumb\":{\"@id\":\"https:\/\/solarchitecture.ch\/fr\/sinscrire\/#breadcrumb\"},\"inLanguage\":\"fr-FR\",\"potentialAction\":[{\"@type\":\"ReadAction\",\"target\":[\"https:\/\/solarchitecture.ch\/fr\/sinscrire\/\"]}]},{\"@type\":\"BreadcrumbList\",\"@id\":\"https:\/\/solarchitecture.ch\/fr\/sinscrire\/#breadcrumb\",\"itemListElement\":[{\"@type\":\"ListItem\",\"position\":1,\"name\":\"Home\",\"item\":\"https:\/\/solarchitecture.ch\/fr\/\"},{\"@type\":\"ListItem\",\"position\":2,\"name\":\"S&rsquo;inscrire\"}]},{\"@type\":\"WebSite\",\"@id\":\"https:\/\/solarchitecture.ch\/fr\/#website\",\"url\":\"https:\/\/solarchitecture.ch\/fr\/\",\"name\":\"Solarchitecture\",\"description\":\"Building solution\",\"publisher\":{\"@id\":\"https:\/\/solarchitecture.ch\/fr\/#organization\"},\"potentialAction\":[{\"@type\":\"SearchAction\",\"target\":{\"@type\":\"EntryPoint\",\"urlTemplate\":\"https:\/\/solarchitecture.ch\/fr\/?s={search_term_string}\"},\"query-input\":{\"@type\":\"PropertyValueSpecification\",\"valueRequired\":true,\"valueName\":\"search_term_string\"}}],\"inLanguage\":\"fr-FR\"},{\"@type\":\"Organization\",\"@id\":\"https:\/\/solarchitecture.ch\/fr\/#organization\",\"name\":\"Solarchitecture\",\"url\":\"https:\/\/solarchitecture.ch\/fr\/\",\"logo\":{\"@type\":\"ImageObject\",\"inLanguage\":\"fr-FR\",\"@id\":\"https:\/\/solarchitecture.ch\/fr\/#\/schema\/logo\/image\/\",\"url\":\"https:\/\/solarchitecture.ch\/wp-content\/uploads\/2022\/07\/solarchitecture_logo.jpg\",\"contentUrl\":\"https:\/\/solarchitecture.ch\/wp-content\/uploads\/2022\/07\/solarchitecture_logo.jpg\",\"width\":312,\"height\":312,\"caption\":\"Solarchitecture\"},\"image\":{\"@id\":\"https:\/\/solarchitecture.ch\/fr\/#\/schema\/logo\/image\/\"}}]}<\/script>\n<!-- \/ Yoast SEO plugin. -->","yoast_head_json":{"title":"S'inscrire - Solarchitecture","robots":{"index":"index","follow":"follow","max-snippet":"max-snippet:-1","max-image-preview":"max-image-preview:large","max-video-preview":"max-video-preview:-1"},"canonical":"https:\/\/solarchitecture.ch\/fr\/sinscrire\/","og_locale":"fr_FR","og_type":"article","og_title":"S'inscrire - Solarchitecture","og_description":"[vc_row][vc_column][vc_column_text]Inscrivez-vous d\u00e8s maintenant pour organiser et t\u00e9l\u00e9charger vos projets solaires pr\u00e9f\u00e9r\u00e9s. Une fois connect\u00e9, vous pourrez t\u00e9l\u00e9charger les projets et leurs d\u00e9tails techniques. [\/vc_column_text][vc_column_text el_class=\u00a0\u00bbhide_block_login\u00a0\u00bb]D\u00e9j\u00e0 un compte: cliquez ici pour","og_url":"https:\/\/solarchitecture.ch\/fr\/sinscrire\/","og_site_name":"Solarchitecture","article_modified_time":"2020-09-21T07:13:34+00:00","twitter_card":"summary_large_image","twitter_misc":{"Dur\u00e9e de lecture estim\u00e9e":"1 minute"},"schema":{"@context":"https:\/\/schema.org","@graph":[{"@type":"WebPage","@id":"https:\/\/solarchitecture.ch\/fr\/sinscrire\/","url":"https:\/\/solarchitecture.ch\/fr\/sinscrire\/","name":"S'inscrire - Solarchitecture","isPartOf":{"@id":"https:\/\/solarchitecture.ch\/fr\/#website"},"datePublished":"2020-05-16T14:16:33+00:00","dateModified":"2020-09-21T07:13:34+00:00","breadcrumb":{"@id":"https:\/\/solarchitecture.ch\/fr\/sinscrire\/#breadcrumb"},"inLanguage":"fr-FR","potentialAction":[{"@type":"ReadAction","target":["https:\/\/solarchitecture.ch\/fr\/sinscrire\/"]}]},{"@type":"BreadcrumbList","@id":"https:\/\/solarchitecture.ch\/fr\/sinscrire\/#breadcrumb","itemListElement":[{"@type":"ListItem","position":1,"name":"Home","item":"https:\/\/solarchitecture.ch\/fr\/"},{"@type":"ListItem","position":2,"name":"S&rsquo;inscrire"}]},{"@type":"WebSite","@id":"https:\/\/solarchitecture.ch\/fr\/#website","url":"https:\/\/solarchitecture.ch\/fr\/","name":"Solarchitecture","description":"Building solution","publisher":{"@id":"https:\/\/solarchitecture.ch\/fr\/#organization"},"potentialAction":[{"@type":"SearchAction","target":{"@type":"EntryPoint","urlTemplate":"https:\/\/solarchitecture.ch\/fr\/?s={search_term_string}"},"query-input":{"@type":"PropertyValueSpecification","valueRequired":true,"valueName":"search_term_string"}}],"inLanguage":"fr-FR"},{"@type":"Organization","@id":"https:\/\/solarchitecture.ch\/fr\/#organization","name":"Solarchitecture","url":"https:\/\/solarchitecture.ch\/fr\/","logo":{"@type":"ImageObject","inLanguage":"fr-FR","@id":"https:\/\/solarchitecture.ch\/fr\/#\/schema\/logo\/image\/","url":"https:\/\/solarchitecture.ch\/wp-content\/uploads\/2022\/07\/solarchitecture_logo.jpg","contentUrl":"https:\/\/solarchitecture.ch\/wp-content\/uploads\/2022\/07\/solarchitecture_logo.jpg","width":312,"height":312,"caption":"Solarchitecture"},"image":{"@id":"https:\/\/solarchitecture.ch\/fr\/#\/schema\/logo\/image\/"}}]}},"_links":{"self":[{"href":"https:\/\/solarchitecture.ch\/fr\/wp-json\/wp\/v2\/pages\/38903","targetHints":{"allow":["GET"]}}],"collection":[{"href":"https:\/\/solarchitecture.ch\/fr\/wp-json\/wp\/v2\/pages"}],"about":[{"href":"https:\/\/solarchitecture.ch\/fr\/wp-json\/wp\/v2\/types\/page"}],"author":[{"embeddable":true,"href":"https:\/\/solarchitecture.ch\/fr\/wp-json\/wp\/v2\/users\/2021"}],"replies":[{"embeddable":true,"href":"https:\/\/solarchitecture.ch\/fr\/wp-json\/wp\/v2\/comments?post=38903"}],"version-history":[{"count":5,"href":"https:\/\/solarchitecture.ch\/fr\/wp-json\/wp\/v2\/pages\/38903\/revisions"}],"predecessor-version":[{"id":41367,"href":"https:\/\/solarchitecture.ch\/fr\/wp-json\/wp\/v2\/pages\/38903\/revisions\/41367"}],"wp:attachment":[{"href":"https:\/\/solarchitecture.ch\/fr\/wp-json\/wp\/v2\/media?parent=38903"}],"curies":[{"name":"wp","href":"https:\/\/api.w.org\/{rel}","templated":true}]}}