{"id":38870,"date":"2020-05-14T11:31:03","date_gmt":"2020-05-14T09:31:03","guid":{"rendered":"https:\/\/solarchitecture.ch\/contact\/"},"modified":"2024-10-18T10:30:18","modified_gmt":"2024-10-18T08:30:18","slug":"contact","status":"publish","type":"page","link":"https:\/\/solarchitecture.ch\/fr\/contact\/","title":{"rendered":"Contactez-nous"},"content":{"rendered":"<div class=\"wpb-content-wrapper\"><p>[vc_row][vc_column css=\u00a0\u00bb.vc_custom_1563519328054{padding-right: 25px !important;padding-left: 25px !important;}\u00a0\u00bb]<div class=\"dfd-spacer-module\"  data-units=\"px\" data-wide_resolution=\"1280\" data-wide_size=\"100\" data-normal_resolution=\"1024\" data-normal_size=\"75\" data-tablet_resolution=\"800\" data-tablet_size=\"75\" data-mobile_resolution=\"480\" data-mobile_size=\"50\" style=\"height: 100px;\"><\/div><div class=\"dfd-heading-shortcode\"><div class=\"dfd-heading-module-wrap  text-left style_01 cr-animate-gen dfd-heading-69de53e398199 dfd-enable-resposive-headings\" id=\"dfd-heading-69de53e398199\" data-animate-type = \"transition.slideLeftIn\" ><div class=\"inline-block\"><div class=\"dfd-heading-module\"><div class=\"widget-title dfd-title block-title\" style=\"font-family:Montserrat; font-weight:700; font-style:normal; font-size: 50px; color: #000000 !important; line-height: 55px; letter-spacing: 0px; \">Contact<\/div><\/div><\/div><\/div><script type=\"text\/javascript\">\r\n\t\t\t\t\t\t\t\t\t(function($) {\r\n\t\t\t\t\t\t\t\t\t\t$(\"head\").append(\"<style>.dfd-heading-69de53e398199 .dfd-heading-module .widget-title {margin-top:0px;margin-bottom:15px;}.dfd-heading-69de53e398199.dfd-heading-module-wrap .dfd-heading-module .dfd-heading-delimiter {margin-top:10px;margin-bottom:10px;}@media (max-width: 1279px) and (min-width: 1024px){.dfd-heading-69de53e398199 .dfd-title{font-size: 40px !important;letter-spacing: 0px !important;line-height: 45px !important;}}@media (max-width: 1023px) and (min-width: 800px){.dfd-heading-69de53e398199 .dfd-title{font-size: 35px !important;letter-spacing: 0px !important;line-height: 40px !important;}}@media (max-width: 799px){.dfd-heading-69de53e398199 .dfd-title{font-size: 30px !important;letter-spacing: 0px !important;line-height: 35px !important;}}<\/style>\");\r\n\t\t\t\t\t\t\t\t\t})(jQuery);\r\n\t\t\t\t\t\t\t\t<\/script><\/div>[vc_column_text css_animation=\u00a0\u00bbnone\u00a0\u00bb]<br \/>\nVotre contribution est importante. Si vous avez besoin de plus d&rsquo;informations sur Solarchitecture et ce que nous faisons ou si vous voulez soumettre un projet que vous venez de terminer, signaler une erreur ou nous donner un conseil, veuillez nous contacter en utilisant ce formulaire.<br \/>\n[\/vc_column_text]<div class=\"dfd-spacer-module\"  data-units=\"px\" data-wide_resolution=\"1280\" data-wide_size=\"50\" data-normal_resolution=\"1024\" data-normal_size=\"50\" data-tablet_resolution=\"800\" data-tablet_size=\"50\" data-mobile_resolution=\"480\" data-mobile_size=\"50\" style=\"height: 50px;\"><\/div>[\/vc_column][\/vc_row][vc_row][vc_column][vc_row_inner][vc_column_inner css=\u00a0\u00bb.vc_custom_1544425951226{padding-right: 25px !important;padding-left: 25px !important;}\u00a0\u00bb][vc_column_text css=\u00a0\u00bb.vc_custom_1553525517571{padding-bottom: 50px !important;}\u00a0\u00bb]<div class=\"wpforms-container wpforms-container-full\" id=\"wpforms-39712\"><form id=\"wpforms-form-39712\" class=\"wpforms-validate wpforms-form\" data-formid=\"39712\" method=\"post\" enctype=\"multipart\/form-data\" action=\"\/fr\/wp-json\/wp\/v2\/pages\/38870\" data-token=\"9c123662c4c31655e827530e886b6e8d\" data-token-time=\"1776178147\"><noscript class=\"wpforms-error-noscript\">Veuillez activer JavaScript dans votre navigateur pour remplir ce formulaire.<\/noscript><div class=\"wpforms-field-container\"><div id=\"wpforms-39712-field_1-container\" class=\"wpforms-field wpforms-field-text\" data-field-id=\"1\"><label class=\"wpforms-field-label wpforms-label-hide\" for=\"wpforms-39712-field_1\">Name and Last name <span class=\"wpforms-required-label\">*<\/span><\/label><input type=\"text\" id=\"wpforms-39712-field_1\" class=\"wpforms-field-large wpforms-field-required\" name=\"wpforms[fields][1]\" placeholder=\"Nom\" required><\/div><div id=\"wpforms-39712-field_2-container\" class=\"wpforms-field wpforms-field-text\" data-field-id=\"2\"><label class=\"wpforms-field-label wpforms-label-hide\" for=\"wpforms-39712-field_2\">Company <span class=\"wpforms-required-label\">*<\/span><\/label><input type=\"text\" id=\"wpforms-39712-field_2\" class=\"wpforms-field-large wpforms-field-required\" name=\"wpforms[fields][2]\" placeholder=\"Compagnie\" required><\/div><div id=\"wpforms-39712-field_3-container\" class=\"wpforms-field wpforms-field-email\" data-field-id=\"3\"><label class=\"wpforms-field-label wpforms-label-hide\" for=\"wpforms-39712-field_3\">E-mail <span class=\"wpforms-required-label\">*<\/span><\/label><input type=\"email\" id=\"wpforms-39712-field_3\" class=\"wpforms-field-large wpforms-field-required\" name=\"wpforms[fields][3]\" placeholder=\"E-mail\" spellcheck=\"false\" required><\/div><div id=\"wpforms-39712-field_4-container\" class=\"wpforms-field wpforms-field-text\" data-field-id=\"4\"><label class=\"wpforms-field-label wpforms-label-hide\" for=\"wpforms-39712-field_4\">Subject <span class=\"wpforms-required-label\">*<\/span><\/label><input type=\"text\" id=\"wpforms-39712-field_4\" class=\"wpforms-field-large wpforms-field-required\" name=\"wpforms[fields][4]\" placeholder=\"Mati\u00e8re\" required><\/div><div id=\"wpforms-39712-field_5-container\" class=\"wpforms-field wpforms-field-textarea\" data-field-id=\"5\"><label class=\"wpforms-field-label wpforms-label-hide\" for=\"wpforms-39712-field_5\">Message <span class=\"wpforms-required-label\">*<\/span><\/label><textarea id=\"wpforms-39712-field_5\" class=\"wpforms-field-medium wpforms-field-required\" name=\"wpforms[fields][5]\" placeholder=\"Message\" required><\/textarea><\/div><div id=\"wpforms-39712-field_8-container\" class=\"wpforms-field wpforms-field-checkbox\" data-field-id=\"8\"><ul id=\"wpforms-39712-field_8\"><li class=\"choice-1 depth-1\"><input type=\"checkbox\" id=\"wpforms-39712-field_8_1\" name=\"wpforms[fields][8][]\" value=\"Joignez-vous \u00e0 notre liste d&#039;envoi\"  ><label class=\"wpforms-field-label-inline\" for=\"wpforms-39712-field_8_1\">Joignez-vous \u00e0 notre liste d'envoi<\/label><\/li><li class=\"choice-2 depth-1\"><input type=\"checkbox\" id=\"wpforms-39712-field_8_2\" name=\"wpforms[fields][8][]\" value=\"Abonnez-vous \u00e0 la newsletter\"  ><label class=\"wpforms-field-label-inline\" for=\"wpforms-39712-field_8_2\">Abonnez-vous \u00e0 la newsletter<\/label><\/li><\/ul><\/div><div id=\"wpforms-39712-field_7-container\" class=\"wpforms-field wpforms-field-checkbox\" data-field-id=\"7\"><ul id=\"wpforms-39712-field_7\" class=\"wpforms-field-required\"><li class=\"choice-1 depth-1\"><input type=\"checkbox\" id=\"wpforms-39712-field_7_1\" name=\"wpforms[fields][7][]\" value=\"Je consens au traitement de mes donn\u00e9es conform\u00e9ment \u00e0 la politique de confidentialit\u00e9.\" required ><label class=\"wpforms-field-label-inline\" for=\"wpforms-39712-field_7_1\">Je consens au traitement de mes donn\u00e9es conform\u00e9ment \u00e0 la politique de confidentialit\u00e9.<\/label><\/li><\/ul><\/div><\/div><!-- .wpforms-field-container --><div class=\"wpforms-recaptcha-container wpforms-is-recaptcha wpforms-is-recaptcha-type-v3\" ><input type=\"hidden\" name=\"wpforms[recaptcha]\" value=\"\"><\/div><div class=\"wpforms-submit-container\" ><input type=\"hidden\" name=\"wpforms[id]\" value=\"39712\"><input type=\"hidden\" name=\"page_title\" value=\"\"><input type=\"hidden\" name=\"page_url\" value=\"https:\/\/solarchitecture.ch\/fr\/wp-json\/wp\/v2\/pages\/38870\"><input type=\"hidden\" name=\"url_referer\" value=\"\"><button type=\"submit\" name=\"wpforms[submit]\" id=\"wpforms-submit-39712\" class=\"wpforms-submit\" data-alt-text=\"Envoi en cours...\" data-submit-text=\"Envoyer\" aria-live=\"assertive\" value=\"wpforms-submit\">Envoyer<\/button><\/div><\/form><\/div>  <!-- .wpforms-container -->[\/vc_column_text][vc_column_text]<a href=\"https:\/\/www.iubenda.com\/privacy-policy\/31493576\" target=\"_blank\" rel=\"noopener\">Privacy Policy<\/a>[\/vc_column_text][\/vc_column_inner][\/vc_row_inner][\/vc_column][\/vc_row][vc_row][vc_column]<div class=\"dfd-spacer-module\"  data-units=\"px\" data-wide_resolution=\"1280\" data-wide_size=\"100\" data-normal_resolution=\"1024\" data-normal_size=\"100\" data-tablet_resolution=\"800\" data-tablet_size=\"100\" data-mobile_resolution=\"480\" data-mobile_size=\"100\" style=\"height: 100px;\"><\/div>[\/vc_column][\/vc_row]<\/p>\n<\/div>","protected":false},"excerpt":{"rendered":"<p>[vc_row][vc_column css=\u00a0\u00bb.vc_custom_1563519328054{padding-right: 25px !important;padding-left: 25px !important;}\u00a0\u00bb][vc_column_text css_animation=\u00a0\u00bbnone\u00a0\u00bb] Votre contribution est importante. Si vous avez besoin de plus d&rsquo;informations sur Solarchitecture et ce que nous faisons ou si vous voulez soumettre<\/p>\n","protected":false},"author":2021,"featured_media":0,"parent":0,"menu_order":0,"comment_status":"closed","ping_status":"closed","template":"page-custom.php","meta":{"_acf_changed":false,"inline_featured_image":false,"footnotes":""},"class_list":["post-38870","page","type-page","status-publish","hentry"],"acf":[],"yoast_head":"<!-- This site is optimized with the Yoast SEO plugin v26.7 - https:\/\/yoast.com\/wordpress\/plugins\/seo\/ -->\n<title>Contactez-nous - Solarchitecture<\/title>\n<meta name=\"robots\" content=\"index, follow, max-snippet:-1, max-image-preview:large, max-video-preview:-1\" \/>\n<link rel=\"canonical\" href=\"https:\/\/solarchitecture.ch\/fr\/contact\/\" \/>\n<meta property=\"og:locale\" content=\"fr_FR\" \/>\n<meta property=\"og:type\" content=\"article\" \/>\n<meta property=\"og:title\" content=\"Contactez-nous - Solarchitecture\" \/>\n<meta property=\"og:description\" content=\"[vc_row][vc_column css=\u00a0\u00bb.vc_custom_1563519328054{padding-right: 25px !important;padding-left: 25px !important;}\u00a0\u00bb][vc_column_text css_animation=\u00a0\u00bbnone\u00a0\u00bb] Votre contribution est importante. Si vous avez besoin de plus d&rsquo;informations sur Solarchitecture et ce que nous faisons ou si vous voulez soumettre\" \/>\n<meta property=\"og:url\" content=\"https:\/\/solarchitecture.ch\/fr\/contact\/\" \/>\n<meta property=\"og:site_name\" content=\"Solarchitecture\" \/>\n<meta property=\"article:modified_time\" content=\"2024-10-18T08:30:18+00:00\" \/>\n<meta name=\"twitter:card\" content=\"summary_large_image\" \/>\n<meta name=\"twitter:label1\" content=\"Dur\u00e9e de lecture estim\u00e9e\" \/>\n\t<meta name=\"twitter:data1\" content=\"1 minute\" \/>\n<script type=\"application\/ld+json\" class=\"yoast-schema-graph\">{\"@context\":\"https:\/\/schema.org\",\"@graph\":[{\"@type\":\"WebPage\",\"@id\":\"https:\/\/solarchitecture.ch\/fr\/contact\/\",\"url\":\"https:\/\/solarchitecture.ch\/fr\/contact\/\",\"name\":\"Contactez-nous - Solarchitecture\",\"isPartOf\":{\"@id\":\"https:\/\/solarchitecture.ch\/fr\/#website\"},\"datePublished\":\"2020-05-14T09:31:03+00:00\",\"dateModified\":\"2024-10-18T08:30:18+00:00\",\"breadcrumb\":{\"@id\":\"https:\/\/solarchitecture.ch\/fr\/contact\/#breadcrumb\"},\"inLanguage\":\"fr-FR\",\"potentialAction\":[{\"@type\":\"ReadAction\",\"target\":[\"https:\/\/solarchitecture.ch\/fr\/contact\/\"]}]},{\"@type\":\"BreadcrumbList\",\"@id\":\"https:\/\/solarchitecture.ch\/fr\/contact\/#breadcrumb\",\"itemListElement\":[{\"@type\":\"ListItem\",\"position\":1,\"name\":\"Home\",\"item\":\"https:\/\/solarchitecture.ch\/fr\/\"},{\"@type\":\"ListItem\",\"position\":2,\"name\":\"Contactez-nous\"}]},{\"@type\":\"WebSite\",\"@id\":\"https:\/\/solarchitecture.ch\/fr\/#website\",\"url\":\"https:\/\/solarchitecture.ch\/fr\/\",\"name\":\"Solarchitecture\",\"description\":\"Building solution\",\"publisher\":{\"@id\":\"https:\/\/solarchitecture.ch\/fr\/#organization\"},\"potentialAction\":[{\"@type\":\"SearchAction\",\"target\":{\"@type\":\"EntryPoint\",\"urlTemplate\":\"https:\/\/solarchitecture.ch\/fr\/?s={search_term_string}\"},\"query-input\":{\"@type\":\"PropertyValueSpecification\",\"valueRequired\":true,\"valueName\":\"search_term_string\"}}],\"inLanguage\":\"fr-FR\"},{\"@type\":\"Organization\",\"@id\":\"https:\/\/solarchitecture.ch\/fr\/#organization\",\"name\":\"Solarchitecture\",\"url\":\"https:\/\/solarchitecture.ch\/fr\/\",\"logo\":{\"@type\":\"ImageObject\",\"inLanguage\":\"fr-FR\",\"@id\":\"https:\/\/solarchitecture.ch\/fr\/#\/schema\/logo\/image\/\",\"url\":\"https:\/\/solarchitecture.ch\/wp-content\/uploads\/2022\/07\/solarchitecture_logo.jpg\",\"contentUrl\":\"https:\/\/solarchitecture.ch\/wp-content\/uploads\/2022\/07\/solarchitecture_logo.jpg\",\"width\":312,\"height\":312,\"caption\":\"Solarchitecture\"},\"image\":{\"@id\":\"https:\/\/solarchitecture.ch\/fr\/#\/schema\/logo\/image\/\"}}]}<\/script>\n<!-- \/ Yoast SEO plugin. -->","yoast_head_json":{"title":"Contactez-nous - Solarchitecture","robots":{"index":"index","follow":"follow","max-snippet":"max-snippet:-1","max-image-preview":"max-image-preview:large","max-video-preview":"max-video-preview:-1"},"canonical":"https:\/\/solarchitecture.ch\/fr\/contact\/","og_locale":"fr_FR","og_type":"article","og_title":"Contactez-nous - Solarchitecture","og_description":"[vc_row][vc_column css=\u00a0\u00bb.vc_custom_1563519328054{padding-right: 25px !important;padding-left: 25px !important;}\u00a0\u00bb][vc_column_text css_animation=\u00a0\u00bbnone\u00a0\u00bb] Votre contribution est importante. Si vous avez besoin de plus d&rsquo;informations sur Solarchitecture et ce que nous faisons ou si vous voulez soumettre","og_url":"https:\/\/solarchitecture.ch\/fr\/contact\/","og_site_name":"Solarchitecture","article_modified_time":"2024-10-18T08:30:18+00:00","twitter_card":"summary_large_image","twitter_misc":{"Dur\u00e9e de lecture estim\u00e9e":"1 minute"},"schema":{"@context":"https:\/\/schema.org","@graph":[{"@type":"WebPage","@id":"https:\/\/solarchitecture.ch\/fr\/contact\/","url":"https:\/\/solarchitecture.ch\/fr\/contact\/","name":"Contactez-nous - Solarchitecture","isPartOf":{"@id":"https:\/\/solarchitecture.ch\/fr\/#website"},"datePublished":"2020-05-14T09:31:03+00:00","dateModified":"2024-10-18T08:30:18+00:00","breadcrumb":{"@id":"https:\/\/solarchitecture.ch\/fr\/contact\/#breadcrumb"},"inLanguage":"fr-FR","potentialAction":[{"@type":"ReadAction","target":["https:\/\/solarchitecture.ch\/fr\/contact\/"]}]},{"@type":"BreadcrumbList","@id":"https:\/\/solarchitecture.ch\/fr\/contact\/#breadcrumb","itemListElement":[{"@type":"ListItem","position":1,"name":"Home","item":"https:\/\/solarchitecture.ch\/fr\/"},{"@type":"ListItem","position":2,"name":"Contactez-nous"}]},{"@type":"WebSite","@id":"https:\/\/solarchitecture.ch\/fr\/#website","url":"https:\/\/solarchitecture.ch\/fr\/","name":"Solarchitecture","description":"Building solution","publisher":{"@id":"https:\/\/solarchitecture.ch\/fr\/#organization"},"potentialAction":[{"@type":"SearchAction","target":{"@type":"EntryPoint","urlTemplate":"https:\/\/solarchitecture.ch\/fr\/?s={search_term_string}"},"query-input":{"@type":"PropertyValueSpecification","valueRequired":true,"valueName":"search_term_string"}}],"inLanguage":"fr-FR"},{"@type":"Organization","@id":"https:\/\/solarchitecture.ch\/fr\/#organization","name":"Solarchitecture","url":"https:\/\/solarchitecture.ch\/fr\/","logo":{"@type":"ImageObject","inLanguage":"fr-FR","@id":"https:\/\/solarchitecture.ch\/fr\/#\/schema\/logo\/image\/","url":"https:\/\/solarchitecture.ch\/wp-content\/uploads\/2022\/07\/solarchitecture_logo.jpg","contentUrl":"https:\/\/solarchitecture.ch\/wp-content\/uploads\/2022\/07\/solarchitecture_logo.jpg","width":312,"height":312,"caption":"Solarchitecture"},"image":{"@id":"https:\/\/solarchitecture.ch\/fr\/#\/schema\/logo\/image\/"}}]}},"_links":{"self":[{"href":"https:\/\/solarchitecture.ch\/fr\/wp-json\/wp\/v2\/pages\/38870","targetHints":{"allow":["GET"]}}],"collection":[{"href":"https:\/\/solarchitecture.ch\/fr\/wp-json\/wp\/v2\/pages"}],"about":[{"href":"https:\/\/solarchitecture.ch\/fr\/wp-json\/wp\/v2\/types\/page"}],"author":[{"embeddable":true,"href":"https:\/\/solarchitecture.ch\/fr\/wp-json\/wp\/v2\/users\/2021"}],"replies":[{"embeddable":true,"href":"https:\/\/solarchitecture.ch\/fr\/wp-json\/wp\/v2\/comments?post=38870"}],"version-history":[{"count":20,"href":"https:\/\/solarchitecture.ch\/fr\/wp-json\/wp\/v2\/pages\/38870\/revisions"}],"predecessor-version":[{"id":61953,"href":"https:\/\/solarchitecture.ch\/fr\/wp-json\/wp\/v2\/pages\/38870\/revisions\/61953"}],"wp:attachment":[{"href":"https:\/\/solarchitecture.ch\/fr\/wp-json\/wp\/v2\/media?parent=38870"}],"curies":[{"name":"wp","href":"https:\/\/api.w.org\/{rel}","templated":true}]}}