{"id":43255,"date":"2021-02-01T08:23:37","date_gmt":"2021-02-01T07:23:37","guid":{"rendered":"https:\/\/solarchitecture.ch\/werden-sie-sponsor\/"},"modified":"2024-11-27T14:46:44","modified_gmt":"2024-11-27T13:46:44","slug":"werden-sie-sponsor","status":"publish","type":"page","link":"https:\/\/solarchitecture.ch\/de\/werden-sie-sponsor\/","title":{"rendered":"Werden Sie unser Partner!"},"content":{"rendered":"<div class=\"wpb-content-wrapper\"><p>[vc_row][vc_column css=&#8220;.vc_custom_1563519328054{padding-right: 25px !important;padding-left: 25px !important;}&#8220;]<div class=\"dfd-spacer-module\"  data-units=\"px\" data-wide_resolution=\"1280\" data-wide_size=\"100\" data-normal_resolution=\"1024\" data-normal_size=\"100\" data-tablet_resolution=\"800\" data-tablet_size=\"100\" data-mobile_resolution=\"480\" data-mobile_size=\"80\" style=\"height: 100px;\"><\/div><div class=\"dfd-heading-shortcode\"><div class=\"dfd-heading-module-wrap  text-left style_01 cr-animate-gen dfd-heading-69de55757c39b dfd-enable-resposive-headings\" id=\"dfd-heading-69de55757c39b\" data-animate-type = \"transition.slideLeftIn\" ><div class=\"inline-block\"><div class=\"dfd-heading-module\"><div class=\"widget-title dfd-title block-title\" style=\"font-family:Montserrat; font-weight:700; font-style:normal; font-size: 50px; color: #000000 !important; line-height: 55px; letter-spacing: 0px; \">Werden Sie unser Partner!<\/div><\/div><\/div><\/div><script type=\"text\/javascript\">\r\n\t\t\t\t\t\t\t\t\t(function($) {\r\n\t\t\t\t\t\t\t\t\t\t$(\"head\").append(\"<style>.dfd-heading-69de55757c39b .dfd-heading-module .widget-title {margin-top:0px;margin-bottom:15px;}.dfd-heading-69de55757c39b.dfd-heading-module-wrap .dfd-heading-module .dfd-heading-delimiter {margin-top:10px;margin-bottom:10px;}@media (max-width: 1279px) and (min-width: 1024px){.dfd-heading-69de55757c39b .dfd-title{font-size: 40px !important;letter-spacing: 0px !important;line-height: 45px !important;}}@media (max-width: 1023px) and (min-width: 800px){.dfd-heading-69de55757c39b .dfd-title{font-size: 35px !important;letter-spacing: 0px !important;line-height: 40px !important;}}@media (max-width: 799px){.dfd-heading-69de55757c39b .dfd-title{font-size: 30px !important;letter-spacing: 0px !important;line-height: 35px !important;}}<\/style>\");\r\n\t\t\t\t\t\t\t\t\t})(jQuery);\r\n\t\t\t\t\t\t\t\t<\/script><\/div>[vc_column_text css=&#8220;.vc_custom_1731531707655{padding-bottom: 50px !important;}&#8220;]Solarchitecture.ch ist eine f\u00fchrende Plattform, die sich der Wissensverbreitung im Bereich der Solararchitektur widmet. Mit dem Ziel, innovative L\u00f6sungen f\u00fcr eine nachhaltige Zukunft anzuregen und zu f\u00f6rdern, pr\u00e4sentieren wir hochaktuelle Inhalte, Einblicke in reale Projekte, technische Konstruktionsdetails, Produkte und vieles mehr.<\/p>\n<p>&nbsp;<\/p>\n<p>Mit der gemeinsamen Initiative der Fachhochschule S\u00fcdschweiz (SUPSI), Swissolar und der ETH Z\u00fcrich soll die Integration von Solarenergie in die architektonische Gestaltung gef\u00f6rdert werden. Anhand von realen Fallstudien und Erfolgsgeschichten zeigen wir, dass Solargeb\u00e4ude hohe Standards in Bezug auf \u00c4sthetik, Bauqualit\u00e4t und Nachhaltigkeit erreichen k\u00f6nnen.<\/p>\n<p>&nbsp;<\/p>\n<p>Das Interesse an Solararchitektur w\u00e4chst stetig und spricht ein immer breiteres Publikum an. Mit Showcases, ausf\u00fchrlichen Artikeln, Informationen und Veranstaltungen erreichen wir Architekten, Designer, Immobilieninvestoren und eine wachsende Anzahl anderer potenzieller Kunden. Eine Partnerschaft mit uns bietet Ihnen die M\u00f6glichkeit, sich diesem spezifischen Publikum vorzustellen und neues Marktpotenzial zu nutzen.<\/p>\n<p>&nbsp;<\/p>\n<p><a href=\"https:\/\/solarchitecture.ch\/wp-content\/uploads\/2024\/11\/SOLARCHITECTURE_Presentation-5.pdf\" target=\"_blank\" rel=\"noopener\">Informieren Sie sich \u00fcber unsere Partnerschaftsoptionen<\/a>\u00a0 und z\u00f6gern Sie nicht, uns unter <a href=\"mailto:info@solarchitecture.ch\" target=\"_blank\" rel=\"noopener\">info@solarchitecture.ch<\/a> zu kontaktieren, um weitere Informationen \u00fcber Zusammenarbeitsm\u00f6glichkeiten zu erhalten.[\/vc_column_text]<div class=\"dfd-spacer-module\"  data-units=\"px\" data-wide_resolution=\"1280\" data-wide_size=\"50\" data-normal_resolution=\"1024\" data-normal_size=\"50\" data-tablet_resolution=\"800\" data-tablet_size=\"50\" data-mobile_resolution=\"480\" data-mobile_size=\"50\" style=\"height: 50px;\"><\/div><div class=\"animation-container \" ><div id=\"video-player-69de55757c56b-7731\" class=\"dfd-videoplayer style-1  text-center \"><div class=\"dfd-video-content video-content\" id=\"module_video_69de55757c573\"><div class=\"dfd-video-box no-thumb\"  ><div class=\"wpb_video_wrapper\"><iframe loading=\"lazy\" title=\"Solarchitecture presentation\" src=\"https:\/\/player.vimeo.com\/video\/1033860946?dnt=1&amp;app_id=122963\" width=\"1200\" height=\"675\" frameborder=\"0\" allow=\"autoplay; fullscreen; picture-in-picture; clipboard-write\"><\/iframe><\/div><\/div><\/div><\/div><\/div><script type=\"text\/javascript\">\r\n\t\t\t\t\t\t\t(function($) {\r\n\t\t\t\t\t\t\t\t$(\"head\").append(\"<style><\/style>\");\r\n\t\t\t\t\t\t\t\t$(document).ready(function(){\r\n\t\t\t\t\t\t\t\t\tDFD_VideoModule.init(\"module_video_69de55757c573\",\"video-player-69de55757c56b-7731\");\r\n\t\t\t\t\t\t\t\t});\r\n\t\t\t\t\t\t\t})(jQuery);\r\n\t\t\t\t\t\t<\/script>[\/vc_column][\/vc_row][vc_row][vc_column]<div class=\"dfd-spacer-module\"  data-units=\"px\" data-wide_resolution=\"1280\" data-wide_size=\"100\" data-normal_resolution=\"1024\" data-normal_size=\"100\" data-tablet_resolution=\"800\" data-tablet_size=\"80\" data-mobile_resolution=\"480\" data-mobile_size=\"80\" style=\"height: 100px;\"><\/div>[\/vc_column][\/vc_row]<\/p>\n<\/div>","protected":false},"excerpt":{"rendered":"<p>[vc_row][vc_column css=&#8220;.vc_custom_1563519328054{padding-right: 25px !important;padding-left: 25px !important;}&#8220;][vc_column_text css=&#8220;.vc_custom_1731531707655{padding-bottom: 50px !important;}&#8220;]Solarchitecture.ch ist eine f\u00fchrende Plattform, die sich der Wissensverbreitung im Bereich der Solararchitektur widmet. Mit dem Ziel, innovative L\u00f6sungen f\u00fcr eine nachhaltige<\/p>\n","protected":false},"author":2021,"featured_media":0,"parent":0,"menu_order":0,"comment_status":"closed","ping_status":"closed","template":"","meta":{"_acf_changed":false,"inline_featured_image":false,"footnotes":""},"class_list":["post-43255","page","type-page","status-publish","hentry"],"acf":[],"yoast_head":"<!-- This site is optimized with the Yoast SEO plugin v26.7 - https:\/\/yoast.com\/wordpress\/plugins\/seo\/ -->\n<title>Werden Sie unser Partner! - Solarchitecture<\/title>\n<meta name=\"robots\" content=\"index, follow, max-snippet:-1, max-image-preview:large, max-video-preview:-1\" \/>\n<link rel=\"canonical\" href=\"https:\/\/solarchitecture.ch\/de\/werden-sie-sponsor\/\" \/>\n<meta property=\"og:locale\" content=\"de_DE\" \/>\n<meta property=\"og:type\" content=\"article\" \/>\n<meta property=\"og:title\" content=\"Werden Sie unser Partner! - Solarchitecture\" \/>\n<meta property=\"og:description\" content=\"[vc_row][vc_column css=&#8220;.vc_custom_1563519328054{padding-right: 25px !important;padding-left: 25px !important;}&#8220;][vc_column_text css=&#8220;.vc_custom_1731531707655{padding-bottom: 50px !important;}&#8220;]Solarchitecture.ch ist eine f\u00fchrende Plattform, die sich der Wissensverbreitung im Bereich der Solararchitektur widmet. Mit dem Ziel, innovative L\u00f6sungen f\u00fcr eine nachhaltige\" \/>\n<meta property=\"og:url\" content=\"https:\/\/solarchitecture.ch\/de\/werden-sie-sponsor\/\" \/>\n<meta property=\"og:site_name\" content=\"Solarchitecture\" \/>\n<meta property=\"article:modified_time\" content=\"2024-11-27T13:46:44+00:00\" \/>\n<meta name=\"twitter:card\" content=\"summary_large_image\" \/>\n<meta name=\"twitter:label1\" content=\"Gesch\u00e4tzte Lesezeit\" \/>\n\t<meta name=\"twitter:data1\" content=\"2\u00a0Minuten\" \/>\n<script type=\"application\/ld+json\" class=\"yoast-schema-graph\">{\"@context\":\"https:\/\/schema.org\",\"@graph\":[{\"@type\":\"WebPage\",\"@id\":\"https:\/\/solarchitecture.ch\/de\/werden-sie-sponsor\/\",\"url\":\"https:\/\/solarchitecture.ch\/de\/werden-sie-sponsor\/\",\"name\":\"Werden Sie unser Partner! - Solarchitecture\",\"isPartOf\":{\"@id\":\"https:\/\/solarchitecture.ch\/de\/#website\"},\"datePublished\":\"2021-02-01T07:23:37+00:00\",\"dateModified\":\"2024-11-27T13:46:44+00:00\",\"breadcrumb\":{\"@id\":\"https:\/\/solarchitecture.ch\/de\/werden-sie-sponsor\/#breadcrumb\"},\"inLanguage\":\"de\",\"potentialAction\":[{\"@type\":\"ReadAction\",\"target\":[\"https:\/\/solarchitecture.ch\/de\/werden-sie-sponsor\/\"]}]},{\"@type\":\"BreadcrumbList\",\"@id\":\"https:\/\/solarchitecture.ch\/de\/werden-sie-sponsor\/#breadcrumb\",\"itemListElement\":[{\"@type\":\"ListItem\",\"position\":1,\"name\":\"Home\",\"item\":\"https:\/\/solarchitecture.ch\/de\/\"},{\"@type\":\"ListItem\",\"position\":2,\"name\":\"Werden Sie unser Partner!\"}]},{\"@type\":\"WebSite\",\"@id\":\"https:\/\/solarchitecture.ch\/de\/#website\",\"url\":\"https:\/\/solarchitecture.ch\/de\/\",\"name\":\"Solarchitecture\",\"description\":\"Building solution\",\"publisher\":{\"@id\":\"https:\/\/solarchitecture.ch\/de\/#organization\"},\"potentialAction\":[{\"@type\":\"SearchAction\",\"target\":{\"@type\":\"EntryPoint\",\"urlTemplate\":\"https:\/\/solarchitecture.ch\/de\/?s={search_term_string}\"},\"query-input\":{\"@type\":\"PropertyValueSpecification\",\"valueRequired\":true,\"valueName\":\"search_term_string\"}}],\"inLanguage\":\"de\"},{\"@type\":\"Organization\",\"@id\":\"https:\/\/solarchitecture.ch\/de\/#organization\",\"name\":\"Solarchitecture\",\"url\":\"https:\/\/solarchitecture.ch\/de\/\",\"logo\":{\"@type\":\"ImageObject\",\"inLanguage\":\"de\",\"@id\":\"https:\/\/solarchitecture.ch\/de\/#\/schema\/logo\/image\/\",\"url\":\"https:\/\/solarchitecture.ch\/wp-content\/uploads\/2022\/07\/solarchitecture_logo.jpg\",\"contentUrl\":\"https:\/\/solarchitecture.ch\/wp-content\/uploads\/2022\/07\/solarchitecture_logo.jpg\",\"width\":312,\"height\":312,\"caption\":\"Solarchitecture\"},\"image\":{\"@id\":\"https:\/\/solarchitecture.ch\/de\/#\/schema\/logo\/image\/\"}}]}<\/script>\n<!-- \/ Yoast SEO plugin. -->","yoast_head_json":{"title":"Werden Sie unser Partner! - Solarchitecture","robots":{"index":"index","follow":"follow","max-snippet":"max-snippet:-1","max-image-preview":"max-image-preview:large","max-video-preview":"max-video-preview:-1"},"canonical":"https:\/\/solarchitecture.ch\/de\/werden-sie-sponsor\/","og_locale":"de_DE","og_type":"article","og_title":"Werden Sie unser Partner! - Solarchitecture","og_description":"[vc_row][vc_column css=&#8220;.vc_custom_1563519328054{padding-right: 25px !important;padding-left: 25px !important;}&#8220;][vc_column_text css=&#8220;.vc_custom_1731531707655{padding-bottom: 50px !important;}&#8220;]Solarchitecture.ch ist eine f\u00fchrende Plattform, die sich der Wissensverbreitung im Bereich der Solararchitektur widmet. Mit dem Ziel, innovative L\u00f6sungen f\u00fcr eine nachhaltige","og_url":"https:\/\/solarchitecture.ch\/de\/werden-sie-sponsor\/","og_site_name":"Solarchitecture","article_modified_time":"2024-11-27T13:46:44+00:00","twitter_card":"summary_large_image","twitter_misc":{"Gesch\u00e4tzte Lesezeit":"2\u00a0Minuten"},"schema":{"@context":"https:\/\/schema.org","@graph":[{"@type":"WebPage","@id":"https:\/\/solarchitecture.ch\/de\/werden-sie-sponsor\/","url":"https:\/\/solarchitecture.ch\/de\/werden-sie-sponsor\/","name":"Werden Sie unser Partner! - Solarchitecture","isPartOf":{"@id":"https:\/\/solarchitecture.ch\/de\/#website"},"datePublished":"2021-02-01T07:23:37+00:00","dateModified":"2024-11-27T13:46:44+00:00","breadcrumb":{"@id":"https:\/\/solarchitecture.ch\/de\/werden-sie-sponsor\/#breadcrumb"},"inLanguage":"de","potentialAction":[{"@type":"ReadAction","target":["https:\/\/solarchitecture.ch\/de\/werden-sie-sponsor\/"]}]},{"@type":"BreadcrumbList","@id":"https:\/\/solarchitecture.ch\/de\/werden-sie-sponsor\/#breadcrumb","itemListElement":[{"@type":"ListItem","position":1,"name":"Home","item":"https:\/\/solarchitecture.ch\/de\/"},{"@type":"ListItem","position":2,"name":"Werden Sie unser Partner!"}]},{"@type":"WebSite","@id":"https:\/\/solarchitecture.ch\/de\/#website","url":"https:\/\/solarchitecture.ch\/de\/","name":"Solarchitecture","description":"Building solution","publisher":{"@id":"https:\/\/solarchitecture.ch\/de\/#organization"},"potentialAction":[{"@type":"SearchAction","target":{"@type":"EntryPoint","urlTemplate":"https:\/\/solarchitecture.ch\/de\/?s={search_term_string}"},"query-input":{"@type":"PropertyValueSpecification","valueRequired":true,"valueName":"search_term_string"}}],"inLanguage":"de"},{"@type":"Organization","@id":"https:\/\/solarchitecture.ch\/de\/#organization","name":"Solarchitecture","url":"https:\/\/solarchitecture.ch\/de\/","logo":{"@type":"ImageObject","inLanguage":"de","@id":"https:\/\/solarchitecture.ch\/de\/#\/schema\/logo\/image\/","url":"https:\/\/solarchitecture.ch\/wp-content\/uploads\/2022\/07\/solarchitecture_logo.jpg","contentUrl":"https:\/\/solarchitecture.ch\/wp-content\/uploads\/2022\/07\/solarchitecture_logo.jpg","width":312,"height":312,"caption":"Solarchitecture"},"image":{"@id":"https:\/\/solarchitecture.ch\/de\/#\/schema\/logo\/image\/"}}]}},"_links":{"self":[{"href":"https:\/\/solarchitecture.ch\/de\/wp-json\/wp\/v2\/pages\/43255","targetHints":{"allow":["GET"]}}],"collection":[{"href":"https:\/\/solarchitecture.ch\/de\/wp-json\/wp\/v2\/pages"}],"about":[{"href":"https:\/\/solarchitecture.ch\/de\/wp-json\/wp\/v2\/types\/page"}],"author":[{"embeddable":true,"href":"https:\/\/solarchitecture.ch\/de\/wp-json\/wp\/v2\/users\/2021"}],"replies":[{"embeddable":true,"href":"https:\/\/solarchitecture.ch\/de\/wp-json\/wp\/v2\/comments?post=43255"}],"version-history":[{"count":24,"href":"https:\/\/solarchitecture.ch\/de\/wp-json\/wp\/v2\/pages\/43255\/revisions"}],"predecessor-version":[{"id":62563,"href":"https:\/\/solarchitecture.ch\/de\/wp-json\/wp\/v2\/pages\/43255\/revisions\/62563"}],"wp:attachment":[{"href":"https:\/\/solarchitecture.ch\/de\/wp-json\/wp\/v2\/media?parent=43255"}],"curies":[{"name":"wp","href":"https:\/\/api.w.org\/{rel}","templated":true}]}}