{"id":39174,"date":"2020-06-05T07:51:29","date_gmt":"2020-06-05T05:51:29","guid":{"rendered":"https:\/\/solarchitecture.ch\/geschichte\/"},"modified":"2023-08-08T10:52:13","modified_gmt":"2023-08-08T08:52:13","slug":"geschichte","status":"publish","type":"page","link":"https:\/\/solarchitecture.ch\/de\/geschichte\/","title":{"rendered":"Geschichte"},"content":{"rendered":"<div class=\"wpb-content-wrapper\"><p>[vc_row][vc_column css=&#8220;.vc_custom_1563519328054{padding-right: 25px !important;padding-left: 25px !important;}&#8220;]<div class=\"dfd-spacer-module\"  data-units=\"px\" data-wide_resolution=\"1280\" data-wide_size=\"200\" data-normal_resolution=\"1024\" data-normal_size=\"150\" data-tablet_resolution=\"800\" data-tablet_size=\"150\" data-mobile_resolution=\"480\" data-mobile_size=\"100\" style=\"height: 200px;\"><\/div><div class=\"dfd-heading-shortcode\"><div class=\"dfd-heading-module-wrap  text-left style_01 cr-animate-gen dfd-heading-69d876f5db9c7 dfd-enable-resposive-headings\" id=\"dfd-heading-69d876f5db9c7\" data-animate-type = \"transition.slideLeftIn\" ><div class=\"inline-block\"><div class=\"dfd-heading-module\"><div class=\"widget-title dfd-title block-title\" style=\"font-family:Montserrat; font-weight:700; font-style:normal; font-size: 50px; color: #000000 !important; line-height: 55px; letter-spacing: 0px; \">BIPV in der Architektur &#8211; 40 Jahre Entwicklung<\/div><\/div><\/div><\/div><script type=\"text\/javascript\">\r\n\t\t\t\t\t\t\t\t\t(function($) {\r\n\t\t\t\t\t\t\t\t\t\t$(\"head\").append(\"<style>.dfd-heading-69d876f5db9c7 .dfd-heading-module .widget-title {margin-top:0px;margin-bottom:15px;}.dfd-heading-69d876f5db9c7.dfd-heading-module-wrap .dfd-heading-module .dfd-heading-delimiter {margin-top:10px;margin-bottom:10px;}@media (max-width: 1279px) and (min-width: 1024px){.dfd-heading-69d876f5db9c7 .dfd-title{font-size: 40px !important;letter-spacing: 0px !important;line-height: 45px !important;}}@media (max-width: 1023px) and (min-width: 800px){.dfd-heading-69d876f5db9c7 .dfd-title{font-size: 35px !important;letter-spacing: 0px !important;line-height: 40px !important;}}@media (max-width: 799px){.dfd-heading-69d876f5db9c7 .dfd-title{font-size: 30px !important;letter-spacing: 0px !important;line-height: 35px !important;}}<\/style>\");\r\n\t\t\t\t\t\t\t\t\t})(jQuery);\r\n\t\t\t\t\t\t\t\t<\/script><\/div>[vc_column_text css_animation=&#8220;none&#8220;]<br \/>\nDas Paradigma der Nachhaltigkeit und die steigende Nachfrage nach Geb\u00e4uden mit nahezu Null- und Plusenergiebedarf ver\u00e4ndern die Geb\u00e4udehauttechnologie rasch von einer passiven Barriere zu einer sinnvollen, aktiven und anpassungsf\u00e4higen Schnittstelle. Innovation ist jedoch nicht nur technisch oder die Leichtigkeit, mit der etwas &#8222;einfach funktioniert&#8220;. Die \u00dcbertragung von Photovoltaik (PV) in Solargeb\u00e4uden ist eine greifbare &#8222;Ursache&#8220; f\u00fcr Innovation in der zeitgen\u00f6ssischen Architektur, und PV ist heute viel mehr als eine technische M\u00f6glichkeit: Sie ist ein neues Fundament in der Geb\u00e4ude\u00e4sthetik, -ethik und -technologie. Dennoch ist BIPV heute immer noch ein Nischenmarkt, da die technologische Innovation im Bausektor kombinierte St\u00e4rken erfordert, um die Zusammenarbeit zwischen Architektur und technischen Fachgebieten zu artikulieren.<\/p>\n<p>Die Lehren aus der Geschichte der &#8222;Technologie in der Architektur&#8220; lehren, dass der Transfer neuer Technologien im Bauwesen einen wiederkehrenden Prozess darstellt. Die folgenden Beispiele zeigen die Entwicklung zwischen Design und Technologie, angefangen bei den ersten relevanten Integrationsbeispielen Anfang der 80er Jahre bis hin zu den j\u00fcngsten Projekten, bei denen die Solartechnologie Teil der Architektursprache geworden ist.<br \/>\n[\/vc_column_text]<div class=\"dfd-spacer-module\"  data-units=\"px\" data-wide_resolution=\"1280\" data-wide_size=\"100\" data-normal_resolution=\"1024\" data-normal_size=\"100\" data-tablet_resolution=\"800\" data-tablet_size=\"100\" data-mobile_resolution=\"480\" data-mobile_size=\"50\" style=\"height: 100px;\"><\/div>[\/vc_column][\/vc_row][vc_row][vc_column]<div class=\"dfd-spacer-module\"  data-units=\"px\" data-wide_resolution=\"1280\" data-wide_size=\"50\" data-normal_resolution=\"1024\" data-normal_size=\"50\" data-tablet_resolution=\"800\" data-tablet_size=\"50\" data-mobile_resolution=\"480\" data-mobile_size=\"50\" style=\"height: 50px;\"><\/div>[vc_column_text css_animation=&#8220;none&#8220;]<\/p>\n<p class=\"p1\">Solarchitecture bedankt sich bei den folgenden Architekturstudenten der Klasse &#8222;Solar architecture design&#8220; (Progettare l&#8217;Architettura Solare) der Fachhochschule S\u00fcdschweiz (SUPSI), akademisches Jahr 2017-2018, f\u00fcr ihre Unterst\u00fctzung bei der Zusammenstellung des Materials: Alen Mendes Cristina; Barbera Lorenzo; Battaglia Camilla; Bellomo Lucas; Bernasconi Giorgia; Beselica Valon; Bianchino Jacobo; Colombo Martino; Giacomini Mattia; Giugliano Matteo; Gurini Viola; Orsega Christian; Pagliuca Alessandro; Rizzuti Lorenzo; Rodrigues Alessia; Roncaglione Luca; Sancho Felipe; Simone Diletta.<\/p>\n<p>[\/vc_column_text]<div class=\"dfd-spacer-module\"  data-units=\"px\" data-wide_resolution=\"1280\" data-wide_size=\"100\" data-normal_resolution=\"1024\" data-normal_size=\"100\" data-tablet_resolution=\"800\" data-tablet_size=\"100\" data-mobile_resolution=\"480\" data-mobile_size=\"50\" style=\"height: 100px;\"><\/div>[\/vc_column][\/vc_row]<\/p>\n<\/div>","protected":false},"excerpt":{"rendered":"<p>[vc_row][vc_column css=&#8220;.vc_custom_1563519328054{padding-right: 25px !important;padding-left: 25px !important;}&#8220;][vc_column_text css_animation=&#8220;none&#8220;] Das Paradigma der Nachhaltigkeit und die steigende Nachfrage nach Geb\u00e4uden mit nahezu Null- und Plusenergiebedarf ver\u00e4ndern die Geb\u00e4udehauttechnologie rasch von einer passiven Barriere<\/p>\n","protected":false},"author":2021,"featured_media":0,"parent":0,"menu_order":0,"comment_status":"closed","ping_status":"closed","template":"","meta":{"_acf_changed":false,"inline_featured_image":false,"footnotes":""},"class_list":["post-39174","page","type-page","status-publish","hentry"],"acf":[],"yoast_head":"<!-- This site is optimized with the Yoast SEO plugin v26.7 - https:\/\/yoast.com\/wordpress\/plugins\/seo\/ -->\n<title>Geschichte - Solarchitecture<\/title>\n<meta name=\"robots\" content=\"index, follow, max-snippet:-1, max-image-preview:large, max-video-preview:-1\" \/>\n<link rel=\"canonical\" href=\"https:\/\/solarchitecture.ch\/de\/geschichte\/\" \/>\n<meta property=\"og:locale\" content=\"de_DE\" \/>\n<meta property=\"og:type\" content=\"article\" \/>\n<meta property=\"og:title\" content=\"Geschichte - Solarchitecture\" \/>\n<meta property=\"og:description\" content=\"[vc_row][vc_column css=&#8220;.vc_custom_1563519328054{padding-right: 25px !important;padding-left: 25px !important;}&#8220;][vc_column_text css_animation=&#8220;none&#8220;] Das Paradigma der Nachhaltigkeit und die steigende Nachfrage nach Geb\u00e4uden mit nahezu Null- und Plusenergiebedarf ver\u00e4ndern die Geb\u00e4udehauttechnologie rasch von einer passiven Barriere\" \/>\n<meta property=\"og:url\" content=\"https:\/\/solarchitecture.ch\/de\/geschichte\/\" \/>\n<meta property=\"og:site_name\" content=\"Solarchitecture\" \/>\n<meta property=\"article:modified_time\" content=\"2023-08-08T08:52:13+00:00\" \/>\n<meta name=\"twitter:card\" content=\"summary_large_image\" \/>\n<meta name=\"twitter:label1\" content=\"Gesch\u00e4tzte Lesezeit\" \/>\n\t<meta name=\"twitter:data1\" content=\"2\u00a0Minuten\" \/>\n<script type=\"application\/ld+json\" class=\"yoast-schema-graph\">{\"@context\":\"https:\/\/schema.org\",\"@graph\":[{\"@type\":\"WebPage\",\"@id\":\"https:\/\/solarchitecture.ch\/de\/geschichte\/\",\"url\":\"https:\/\/solarchitecture.ch\/de\/geschichte\/\",\"name\":\"Geschichte - Solarchitecture\",\"isPartOf\":{\"@id\":\"https:\/\/solarchitecture.ch\/de\/#website\"},\"datePublished\":\"2020-06-05T05:51:29+00:00\",\"dateModified\":\"2023-08-08T08:52:13+00:00\",\"breadcrumb\":{\"@id\":\"https:\/\/solarchitecture.ch\/de\/geschichte\/#breadcrumb\"},\"inLanguage\":\"de\",\"potentialAction\":[{\"@type\":\"ReadAction\",\"target\":[\"https:\/\/solarchitecture.ch\/de\/geschichte\/\"]}]},{\"@type\":\"BreadcrumbList\",\"@id\":\"https:\/\/solarchitecture.ch\/de\/geschichte\/#breadcrumb\",\"itemListElement\":[{\"@type\":\"ListItem\",\"position\":1,\"name\":\"Home\",\"item\":\"https:\/\/solarchitecture.ch\/de\/\"},{\"@type\":\"ListItem\",\"position\":2,\"name\":\"Geschichte\"}]},{\"@type\":\"WebSite\",\"@id\":\"https:\/\/solarchitecture.ch\/de\/#website\",\"url\":\"https:\/\/solarchitecture.ch\/de\/\",\"name\":\"Solarchitecture\",\"description\":\"Building solution\",\"publisher\":{\"@id\":\"https:\/\/solarchitecture.ch\/de\/#organization\"},\"potentialAction\":[{\"@type\":\"SearchAction\",\"target\":{\"@type\":\"EntryPoint\",\"urlTemplate\":\"https:\/\/solarchitecture.ch\/de\/?s={search_term_string}\"},\"query-input\":{\"@type\":\"PropertyValueSpecification\",\"valueRequired\":true,\"valueName\":\"search_term_string\"}}],\"inLanguage\":\"de\"},{\"@type\":\"Organization\",\"@id\":\"https:\/\/solarchitecture.ch\/de\/#organization\",\"name\":\"Solarchitecture\",\"url\":\"https:\/\/solarchitecture.ch\/de\/\",\"logo\":{\"@type\":\"ImageObject\",\"inLanguage\":\"de\",\"@id\":\"https:\/\/solarchitecture.ch\/de\/#\/schema\/logo\/image\/\",\"url\":\"https:\/\/solarchitecture.ch\/wp-content\/uploads\/2022\/07\/solarchitecture_logo.jpg\",\"contentUrl\":\"https:\/\/solarchitecture.ch\/wp-content\/uploads\/2022\/07\/solarchitecture_logo.jpg\",\"width\":312,\"height\":312,\"caption\":\"Solarchitecture\"},\"image\":{\"@id\":\"https:\/\/solarchitecture.ch\/de\/#\/schema\/logo\/image\/\"}}]}<\/script>\n<!-- \/ Yoast SEO plugin. -->","yoast_head_json":{"title":"Geschichte - Solarchitecture","robots":{"index":"index","follow":"follow","max-snippet":"max-snippet:-1","max-image-preview":"max-image-preview:large","max-video-preview":"max-video-preview:-1"},"canonical":"https:\/\/solarchitecture.ch\/de\/geschichte\/","og_locale":"de_DE","og_type":"article","og_title":"Geschichte - Solarchitecture","og_description":"[vc_row][vc_column css=&#8220;.vc_custom_1563519328054{padding-right: 25px !important;padding-left: 25px !important;}&#8220;][vc_column_text css_animation=&#8220;none&#8220;] Das Paradigma der Nachhaltigkeit und die steigende Nachfrage nach Geb\u00e4uden mit nahezu Null- und Plusenergiebedarf ver\u00e4ndern die Geb\u00e4udehauttechnologie rasch von einer passiven Barriere","og_url":"https:\/\/solarchitecture.ch\/de\/geschichte\/","og_site_name":"Solarchitecture","article_modified_time":"2023-08-08T08:52:13+00:00","twitter_card":"summary_large_image","twitter_misc":{"Gesch\u00e4tzte Lesezeit":"2\u00a0Minuten"},"schema":{"@context":"https:\/\/schema.org","@graph":[{"@type":"WebPage","@id":"https:\/\/solarchitecture.ch\/de\/geschichte\/","url":"https:\/\/solarchitecture.ch\/de\/geschichte\/","name":"Geschichte - Solarchitecture","isPartOf":{"@id":"https:\/\/solarchitecture.ch\/de\/#website"},"datePublished":"2020-06-05T05:51:29+00:00","dateModified":"2023-08-08T08:52:13+00:00","breadcrumb":{"@id":"https:\/\/solarchitecture.ch\/de\/geschichte\/#breadcrumb"},"inLanguage":"de","potentialAction":[{"@type":"ReadAction","target":["https:\/\/solarchitecture.ch\/de\/geschichte\/"]}]},{"@type":"BreadcrumbList","@id":"https:\/\/solarchitecture.ch\/de\/geschichte\/#breadcrumb","itemListElement":[{"@type":"ListItem","position":1,"name":"Home","item":"https:\/\/solarchitecture.ch\/de\/"},{"@type":"ListItem","position":2,"name":"Geschichte"}]},{"@type":"WebSite","@id":"https:\/\/solarchitecture.ch\/de\/#website","url":"https:\/\/solarchitecture.ch\/de\/","name":"Solarchitecture","description":"Building solution","publisher":{"@id":"https:\/\/solarchitecture.ch\/de\/#organization"},"potentialAction":[{"@type":"SearchAction","target":{"@type":"EntryPoint","urlTemplate":"https:\/\/solarchitecture.ch\/de\/?s={search_term_string}"},"query-input":{"@type":"PropertyValueSpecification","valueRequired":true,"valueName":"search_term_string"}}],"inLanguage":"de"},{"@type":"Organization","@id":"https:\/\/solarchitecture.ch\/de\/#organization","name":"Solarchitecture","url":"https:\/\/solarchitecture.ch\/de\/","logo":{"@type":"ImageObject","inLanguage":"de","@id":"https:\/\/solarchitecture.ch\/de\/#\/schema\/logo\/image\/","url":"https:\/\/solarchitecture.ch\/wp-content\/uploads\/2022\/07\/solarchitecture_logo.jpg","contentUrl":"https:\/\/solarchitecture.ch\/wp-content\/uploads\/2022\/07\/solarchitecture_logo.jpg","width":312,"height":312,"caption":"Solarchitecture"},"image":{"@id":"https:\/\/solarchitecture.ch\/de\/#\/schema\/logo\/image\/"}}]}},"_links":{"self":[{"href":"https:\/\/solarchitecture.ch\/de\/wp-json\/wp\/v2\/pages\/39174","targetHints":{"allow":["GET"]}}],"collection":[{"href":"https:\/\/solarchitecture.ch\/de\/wp-json\/wp\/v2\/pages"}],"about":[{"href":"https:\/\/solarchitecture.ch\/de\/wp-json\/wp\/v2\/types\/page"}],"author":[{"embeddable":true,"href":"https:\/\/solarchitecture.ch\/de\/wp-json\/wp\/v2\/users\/2021"}],"replies":[{"embeddable":true,"href":"https:\/\/solarchitecture.ch\/de\/wp-json\/wp\/v2\/comments?post=39174"}],"version-history":[{"count":2,"href":"https:\/\/solarchitecture.ch\/de\/wp-json\/wp\/v2\/pages\/39174\/revisions"}],"predecessor-version":[{"id":56506,"href":"https:\/\/solarchitecture.ch\/de\/wp-json\/wp\/v2\/pages\/39174\/revisions\/56506"}],"wp:attachment":[{"href":"https:\/\/solarchitecture.ch\/de\/wp-json\/wp\/v2\/media?parent=39174"}],"curies":[{"name":"wp","href":"https:\/\/api.w.org\/{rel}","templated":true}]}}