{"id":38495,"date":"2020-04-30T17:10:37","date_gmt":"2020-04-30T15:10:37","guid":{"rendered":"https:\/\/solarchitecture.ch\/kontaktiere-uns\/"},"modified":"2024-10-18T09:52:52","modified_gmt":"2024-10-18T07:52:52","slug":"kontaktiere-uns","status":"publish","type":"page","link":"https:\/\/solarchitecture.ch\/de\/kontaktiere-uns\/","title":{"rendered":"Kontaktiere uns"},"content":{"rendered":"<div class=\"wpb-content-wrapper\"><p>[vc_row][vc_column css=&#8220;.vc_custom_1563519328054{padding-right: 25px !important;padding-left: 25px !important;}&#8220;]<div class=\"dfd-spacer-module\"  data-units=\"px\" data-wide_resolution=\"1280\" data-wide_size=\"100\" data-normal_resolution=\"1024\" data-normal_size=\"75\" data-tablet_resolution=\"800\" data-tablet_size=\"75\" data-mobile_resolution=\"480\" data-mobile_size=\"50\" style=\"height: 100px;\"><\/div><div class=\"dfd-heading-shortcode\"><div class=\"dfd-heading-module-wrap  text-left style_01 cr-animate-gen dfd-heading-69d9659bf2de1 dfd-enable-resposive-headings\" id=\"dfd-heading-69d9659bf2de1\" data-animate-type = \"transition.slideLeftIn\" ><div class=\"inline-block\"><div class=\"dfd-heading-module\"><div class=\"widget-title dfd-title block-title\" style=\"font-family:Montserrat; font-weight:700; font-style:normal; font-size: 50px; color: #000000 !important; line-height: 55px; letter-spacing: 0px; \">Kontaktiere uns<\/div><\/div><\/div><\/div><script type=\"text\/javascript\">\r\n\t\t\t\t\t\t\t\t\t(function($) {\r\n\t\t\t\t\t\t\t\t\t\t$(\"head\").append(\"<style>.dfd-heading-69d9659bf2de1 .dfd-heading-module .widget-title {margin-top:0px;margin-bottom:15px;}.dfd-heading-69d9659bf2de1.dfd-heading-module-wrap .dfd-heading-module .dfd-heading-delimiter {margin-top:10px;margin-bottom:10px;}@media (max-width: 1279px) and (min-width: 1024px){.dfd-heading-69d9659bf2de1 .dfd-title{font-size: 40px !important;letter-spacing: 0px !important;line-height: 45px !important;}}@media (max-width: 1023px) and (min-width: 800px){.dfd-heading-69d9659bf2de1 .dfd-title{font-size: 35px !important;letter-spacing: 0px !important;line-height: 40px !important;}}@media (max-width: 799px){.dfd-heading-69d9659bf2de1 .dfd-title{font-size: 30px !important;letter-spacing: 0px !important;line-height: 35px !important;}}<\/style>\");\r\n\t\t\t\t\t\t\t\t\t})(jQuery);\r\n\t\t\t\t\t\t\t\t<\/script><\/div>[vc_column_text css_animation=&#8220;none&#8220;]<\/p>\n<p class=\"p1\">Ihr Input ist wichtig. Ben\u00f6tigen Sie mehr Informationen \u00fcber Solarchitecture und was wir tun oder m\u00f6chten Sie ein soeben fertiggestelltes Geb\u00e4ude einreichen, einen Fehler melden oder uns Tipps geben, bitte ben\u00fctzen Sie das Formular.<\/p>\n<p>[\/vc_column_text]<div class=\"dfd-spacer-module\"  data-units=\"px\" data-wide_resolution=\"1280\" data-wide_size=\"50\" data-normal_resolution=\"1024\" data-normal_size=\"50\" data-tablet_resolution=\"800\" data-tablet_size=\"50\" data-mobile_resolution=\"480\" data-mobile_size=\"50\" style=\"height: 50px;\"><\/div>[\/vc_column][\/vc_row][vc_row][vc_column][vc_row_inner][vc_column_inner css=&#8220;.vc_custom_1544425951226{padding-right: 25px !important;padding-left: 25px !important;}&#8220;][vc_column_text css=&#8220;.vc_custom_1553525517571{padding-bottom: 50px !important;}&#8220;]<div class=\"wpforms-container wpforms-container-full\" id=\"wpforms-39713\"><form id=\"wpforms-form-39713\" class=\"wpforms-validate wpforms-form\" data-formid=\"39713\" method=\"post\" enctype=\"multipart\/form-data\" action=\"\/de\/wp-json\/wp\/v2\/pages\/38495\" data-token=\"c338008a33980c3aa69aea108b75c657\" data-token-time=\"1775855003\"><noscript class=\"wpforms-error-noscript\">Bitte aktiviere JavaScript in deinem Browser, um dieses Formular fertigzustellen.<\/noscript><div class=\"wpforms-field-container\"><div id=\"wpforms-39713-field_1-container\" class=\"wpforms-field wpforms-field-text\" data-field-id=\"1\"><label class=\"wpforms-field-label wpforms-label-hide\" for=\"wpforms-39713-field_1\">Name and Last name <span class=\"wpforms-required-label\">*<\/span><\/label><input type=\"text\" id=\"wpforms-39713-field_1\" class=\"wpforms-field-large wpforms-field-required\" name=\"wpforms[fields][1]\" placeholder=\"Vorname\" required><\/div><div id=\"wpforms-39713-field_2-container\" class=\"wpforms-field wpforms-field-text\" data-field-id=\"2\"><label class=\"wpforms-field-label wpforms-label-hide\" for=\"wpforms-39713-field_2\">Company <span class=\"wpforms-required-label\">*<\/span><\/label><input type=\"text\" id=\"wpforms-39713-field_2\" class=\"wpforms-field-large wpforms-field-required\" name=\"wpforms[fields][2]\" placeholder=\"Unternehmen\" required><\/div><div id=\"wpforms-39713-field_3-container\" class=\"wpforms-field wpforms-field-email\" data-field-id=\"3\"><label class=\"wpforms-field-label wpforms-label-hide\" for=\"wpforms-39713-field_3\">E-mail <span class=\"wpforms-required-label\">*<\/span><\/label><input type=\"email\" id=\"wpforms-39713-field_3\" class=\"wpforms-field-large wpforms-field-required\" name=\"wpforms[fields][3]\" placeholder=\"E-mail\" spellcheck=\"false\" required><\/div><div id=\"wpforms-39713-field_4-container\" class=\"wpforms-field wpforms-field-text\" data-field-id=\"4\"><label class=\"wpforms-field-label wpforms-label-hide\" for=\"wpforms-39713-field_4\">Subject <span class=\"wpforms-required-label\">*<\/span><\/label><input type=\"text\" id=\"wpforms-39713-field_4\" class=\"wpforms-field-large wpforms-field-required\" name=\"wpforms[fields][4]\" placeholder=\"Gegenstand\" required><\/div><div id=\"wpforms-39713-field_5-container\" class=\"wpforms-field wpforms-field-textarea\" data-field-id=\"5\"><label class=\"wpforms-field-label wpforms-label-hide\" for=\"wpforms-39713-field_5\">Message <span class=\"wpforms-required-label\">*<\/span><\/label><textarea id=\"wpforms-39713-field_5\" class=\"wpforms-field-medium wpforms-field-required\" name=\"wpforms[fields][5]\" placeholder=\"Botschaft\" required><\/textarea><\/div><div id=\"wpforms-39713-field_8-container\" class=\"wpforms-field wpforms-field-checkbox\" data-field-id=\"8\"><ul id=\"wpforms-39713-field_8\"><li class=\"choice-1 depth-1\"><input type=\"checkbox\" id=\"wpforms-39713-field_8_1\" name=\"wpforms[fields][8][]\" value=\"Treten Sie unserer Mailingliste bei\"  ><label class=\"wpforms-field-label-inline\" for=\"wpforms-39713-field_8_1\">Treten Sie unserer Mailingliste bei<\/label><\/li><li class=\"choice-2 depth-1\"><input type=\"checkbox\" id=\"wpforms-39713-field_8_2\" name=\"wpforms[fields][8][]\" value=\"Abonnieren Sie den Newsletter\"  ><label class=\"wpforms-field-label-inline\" for=\"wpforms-39713-field_8_2\">Abonnieren Sie den Newsletter<\/label><\/li><\/ul><\/div><div id=\"wpforms-39713-field_10-container\" class=\"wpforms-field wpforms-field-checkbox\" data-field-id=\"10\"><ul id=\"wpforms-39713-field_10\" class=\"wpforms-field-required\"><li class=\"choice-1 depth-1\"><input type=\"checkbox\" id=\"wpforms-39713-field_10_1\" name=\"wpforms[fields][10][]\" value=\"Ich bin mit der Verarbeitung meiner Daten gem\u00e4\u00df den Datenschutzbestimmungen einverstanden.\" required ><label class=\"wpforms-field-label-inline\" for=\"wpforms-39713-field_10_1\">Ich bin mit der Verarbeitung meiner Daten gem\u00e4\u00df den Datenschutzbestimmungen einverstanden.<\/label><\/li><\/ul><\/div><\/div><!-- .wpforms-field-container --><div class=\"wpforms-recaptcha-container wpforms-is-recaptcha wpforms-is-recaptcha-type-v3\" ><input type=\"hidden\" name=\"wpforms[recaptcha]\" value=\"\"><\/div><div class=\"wpforms-submit-container\" ><input type=\"hidden\" name=\"wpforms[id]\" value=\"39713\"><input type=\"hidden\" name=\"page_title\" value=\"\"><input type=\"hidden\" name=\"page_url\" value=\"https:\/\/solarchitecture.ch\/de\/wp-json\/wp\/v2\/pages\/38495\"><input type=\"hidden\" name=\"url_referer\" value=\"\"><button type=\"submit\" name=\"wpforms[submit]\" id=\"wpforms-submit-39713\" class=\"wpforms-submit\" data-alt-text=\"Senden...\" data-submit-text=\"Senden\" aria-live=\"assertive\" value=\"wpforms-submit\">Senden<\/button><\/div><\/form><\/div>  <!-- .wpforms-container -->[\/vc_column_text][vc_column_text]<a href=\"https:\/\/www.iubenda.com\/privacy-policy\/77324803\" target=\"_blank\" rel=\"noopener\">Privacy Policy<\/a>[\/vc_column_text][\/vc_column_inner][\/vc_row_inner][\/vc_column][\/vc_row][vc_row][vc_column]<div class=\"dfd-spacer-module\"  data-units=\"px\" data-wide_resolution=\"1280\" data-wide_size=\"100\" data-normal_resolution=\"1024\" data-normal_size=\"100\" data-tablet_resolution=\"800\" data-tablet_size=\"100\" data-mobile_resolution=\"480\" data-mobile_size=\"100\" style=\"height: 100px;\"><\/div>[\/vc_column][\/vc_row]<\/p>\n<\/div>","protected":false},"excerpt":{"rendered":"<p>[vc_row][vc_column css=&#8220;.vc_custom_1563519328054{padding-right: 25px !important;padding-left: 25px !important;}&#8220;][vc_column_text css_animation=&#8220;none&#8220;] Ihr Input ist wichtig. Ben\u00f6tigen Sie mehr Informationen \u00fcber Solarchitecture und was wir tun oder m\u00f6chten Sie ein soeben fertiggestelltes Geb\u00e4ude einreichen, einen<\/p>\n","protected":false},"author":2021,"featured_media":0,"parent":0,"menu_order":0,"comment_status":"closed","ping_status":"closed","template":"page-custom.php","meta":{"_acf_changed":false,"inline_featured_image":false,"footnotes":""},"class_list":["post-38495","page","type-page","status-publish","hentry"],"acf":[],"yoast_head":"<!-- This site is optimized with the Yoast SEO plugin v26.7 - https:\/\/yoast.com\/wordpress\/plugins\/seo\/ -->\n<title>Kontaktiere uns - Solarchitecture<\/title>\n<meta name=\"robots\" content=\"index, follow, max-snippet:-1, max-image-preview:large, max-video-preview:-1\" \/>\n<link rel=\"canonical\" href=\"https:\/\/solarchitecture.ch\/de\/kontaktiere-uns\/\" \/>\n<meta property=\"og:locale\" content=\"de_DE\" \/>\n<meta property=\"og:type\" content=\"article\" \/>\n<meta property=\"og:title\" content=\"Kontaktiere uns - Solarchitecture\" \/>\n<meta property=\"og:description\" content=\"[vc_row][vc_column css=&#8220;.vc_custom_1563519328054{padding-right: 25px !important;padding-left: 25px !important;}&#8220;][vc_column_text css_animation=&#8220;none&#8220;] Ihr Input ist wichtig. Ben\u00f6tigen Sie mehr Informationen \u00fcber Solarchitecture und was wir tun oder m\u00f6chten Sie ein soeben fertiggestelltes Geb\u00e4ude einreichen, einen\" \/>\n<meta property=\"og:url\" content=\"https:\/\/solarchitecture.ch\/de\/kontaktiere-uns\/\" \/>\n<meta property=\"og:site_name\" content=\"Solarchitecture\" \/>\n<meta property=\"article:modified_time\" content=\"2024-10-18T07:52:52+00:00\" \/>\n<meta name=\"twitter:card\" content=\"summary_large_image\" \/>\n<meta name=\"twitter:label1\" content=\"Gesch\u00e4tzte Lesezeit\" \/>\n\t<meta name=\"twitter:data1\" content=\"1\u00a0Minute\" \/>\n<script type=\"application\/ld+json\" class=\"yoast-schema-graph\">{\"@context\":\"https:\/\/schema.org\",\"@graph\":[{\"@type\":\"WebPage\",\"@id\":\"https:\/\/solarchitecture.ch\/de\/kontaktiere-uns\/\",\"url\":\"https:\/\/solarchitecture.ch\/de\/kontaktiere-uns\/\",\"name\":\"Kontaktiere uns - Solarchitecture\",\"isPartOf\":{\"@id\":\"https:\/\/solarchitecture.ch\/de\/#website\"},\"datePublished\":\"2020-04-30T15:10:37+00:00\",\"dateModified\":\"2024-10-18T07:52:52+00:00\",\"breadcrumb\":{\"@id\":\"https:\/\/solarchitecture.ch\/de\/kontaktiere-uns\/#breadcrumb\"},\"inLanguage\":\"de\",\"potentialAction\":[{\"@type\":\"ReadAction\",\"target\":[\"https:\/\/solarchitecture.ch\/de\/kontaktiere-uns\/\"]}]},{\"@type\":\"BreadcrumbList\",\"@id\":\"https:\/\/solarchitecture.ch\/de\/kontaktiere-uns\/#breadcrumb\",\"itemListElement\":[{\"@type\":\"ListItem\",\"position\":1,\"name\":\"Home\",\"item\":\"https:\/\/solarchitecture.ch\/de\/\"},{\"@type\":\"ListItem\",\"position\":2,\"name\":\"Kontaktiere uns\"}]},{\"@type\":\"WebSite\",\"@id\":\"https:\/\/solarchitecture.ch\/de\/#website\",\"url\":\"https:\/\/solarchitecture.ch\/de\/\",\"name\":\"Solarchitecture\",\"description\":\"Building solution\",\"publisher\":{\"@id\":\"https:\/\/solarchitecture.ch\/de\/#organization\"},\"potentialAction\":[{\"@type\":\"SearchAction\",\"target\":{\"@type\":\"EntryPoint\",\"urlTemplate\":\"https:\/\/solarchitecture.ch\/de\/?s={search_term_string}\"},\"query-input\":{\"@type\":\"PropertyValueSpecification\",\"valueRequired\":true,\"valueName\":\"search_term_string\"}}],\"inLanguage\":\"de\"},{\"@type\":\"Organization\",\"@id\":\"https:\/\/solarchitecture.ch\/de\/#organization\",\"name\":\"Solarchitecture\",\"url\":\"https:\/\/solarchitecture.ch\/de\/\",\"logo\":{\"@type\":\"ImageObject\",\"inLanguage\":\"de\",\"@id\":\"https:\/\/solarchitecture.ch\/de\/#\/schema\/logo\/image\/\",\"url\":\"https:\/\/solarchitecture.ch\/wp-content\/uploads\/2022\/07\/solarchitecture_logo.jpg\",\"contentUrl\":\"https:\/\/solarchitecture.ch\/wp-content\/uploads\/2022\/07\/solarchitecture_logo.jpg\",\"width\":312,\"height\":312,\"caption\":\"Solarchitecture\"},\"image\":{\"@id\":\"https:\/\/solarchitecture.ch\/de\/#\/schema\/logo\/image\/\"}}]}<\/script>\n<!-- \/ Yoast SEO plugin. -->","yoast_head_json":{"title":"Kontaktiere uns - Solarchitecture","robots":{"index":"index","follow":"follow","max-snippet":"max-snippet:-1","max-image-preview":"max-image-preview:large","max-video-preview":"max-video-preview:-1"},"canonical":"https:\/\/solarchitecture.ch\/de\/kontaktiere-uns\/","og_locale":"de_DE","og_type":"article","og_title":"Kontaktiere uns - Solarchitecture","og_description":"[vc_row][vc_column css=&#8220;.vc_custom_1563519328054{padding-right: 25px !important;padding-left: 25px !important;}&#8220;][vc_column_text css_animation=&#8220;none&#8220;] Ihr Input ist wichtig. Ben\u00f6tigen Sie mehr Informationen \u00fcber Solarchitecture und was wir tun oder m\u00f6chten Sie ein soeben fertiggestelltes Geb\u00e4ude einreichen, einen","og_url":"https:\/\/solarchitecture.ch\/de\/kontaktiere-uns\/","og_site_name":"Solarchitecture","article_modified_time":"2024-10-18T07:52:52+00:00","twitter_card":"summary_large_image","twitter_misc":{"Gesch\u00e4tzte Lesezeit":"1\u00a0Minute"},"schema":{"@context":"https:\/\/schema.org","@graph":[{"@type":"WebPage","@id":"https:\/\/solarchitecture.ch\/de\/kontaktiere-uns\/","url":"https:\/\/solarchitecture.ch\/de\/kontaktiere-uns\/","name":"Kontaktiere uns - Solarchitecture","isPartOf":{"@id":"https:\/\/solarchitecture.ch\/de\/#website"},"datePublished":"2020-04-30T15:10:37+00:00","dateModified":"2024-10-18T07:52:52+00:00","breadcrumb":{"@id":"https:\/\/solarchitecture.ch\/de\/kontaktiere-uns\/#breadcrumb"},"inLanguage":"de","potentialAction":[{"@type":"ReadAction","target":["https:\/\/solarchitecture.ch\/de\/kontaktiere-uns\/"]}]},{"@type":"BreadcrumbList","@id":"https:\/\/solarchitecture.ch\/de\/kontaktiere-uns\/#breadcrumb","itemListElement":[{"@type":"ListItem","position":1,"name":"Home","item":"https:\/\/solarchitecture.ch\/de\/"},{"@type":"ListItem","position":2,"name":"Kontaktiere uns"}]},{"@type":"WebSite","@id":"https:\/\/solarchitecture.ch\/de\/#website","url":"https:\/\/solarchitecture.ch\/de\/","name":"Solarchitecture","description":"Building solution","publisher":{"@id":"https:\/\/solarchitecture.ch\/de\/#organization"},"potentialAction":[{"@type":"SearchAction","target":{"@type":"EntryPoint","urlTemplate":"https:\/\/solarchitecture.ch\/de\/?s={search_term_string}"},"query-input":{"@type":"PropertyValueSpecification","valueRequired":true,"valueName":"search_term_string"}}],"inLanguage":"de"},{"@type":"Organization","@id":"https:\/\/solarchitecture.ch\/de\/#organization","name":"Solarchitecture","url":"https:\/\/solarchitecture.ch\/de\/","logo":{"@type":"ImageObject","inLanguage":"de","@id":"https:\/\/solarchitecture.ch\/de\/#\/schema\/logo\/image\/","url":"https:\/\/solarchitecture.ch\/wp-content\/uploads\/2022\/07\/solarchitecture_logo.jpg","contentUrl":"https:\/\/solarchitecture.ch\/wp-content\/uploads\/2022\/07\/solarchitecture_logo.jpg","width":312,"height":312,"caption":"Solarchitecture"},"image":{"@id":"https:\/\/solarchitecture.ch\/de\/#\/schema\/logo\/image\/"}}]}},"_links":{"self":[{"href":"https:\/\/solarchitecture.ch\/de\/wp-json\/wp\/v2\/pages\/38495","targetHints":{"allow":["GET"]}}],"collection":[{"href":"https:\/\/solarchitecture.ch\/de\/wp-json\/wp\/v2\/pages"}],"about":[{"href":"https:\/\/solarchitecture.ch\/de\/wp-json\/wp\/v2\/types\/page"}],"author":[{"embeddable":true,"href":"https:\/\/solarchitecture.ch\/de\/wp-json\/wp\/v2\/users\/2021"}],"replies":[{"embeddable":true,"href":"https:\/\/solarchitecture.ch\/de\/wp-json\/wp\/v2\/comments?post=38495"}],"version-history":[{"count":10,"href":"https:\/\/solarchitecture.ch\/de\/wp-json\/wp\/v2\/pages\/38495\/revisions"}],"predecessor-version":[{"id":61929,"href":"https:\/\/solarchitecture.ch\/de\/wp-json\/wp\/v2\/pages\/38495\/revisions\/61929"}],"wp:attachment":[{"href":"https:\/\/solarchitecture.ch\/de\/wp-json\/wp\/v2\/media?parent=38495"}],"curies":[{"name":"wp","href":"https:\/\/api.w.org\/{rel}","templated":true}]}}